{"id":142,"date":"2018-02-20T17:19:44","date_gmt":"2018-02-20T16:19:44","guid":{"rendered":"http:\/\/nspbr.sk\/web\/?page_id=142"},"modified":"2026-02-05T13:47:08","modified_gmt":"2026-02-05T12:47:08","slug":"ambulancia-cievnej-chirurgie","status":"publish","type":"page","link":"https:\/\/www.nspbr.sk\/web\/ambulancie\/ambulancia-cievnej-chirurgie\/","title":{"rendered":"Ambulancia cievnej chirurgie"},"content":{"rendered":"\n<p>Lek\u00e1r: <strong>MUDr. \u013dudov\u00edt Horv\u00e1th, MUDr. Radoslav Kminiak<\/strong>, PhD<br>Garant: <strong>MUDr. Roman Necpal<\/strong>, PhD.<br>Sestra: <strong>Mgr. Anna Chrap\u010diakov\u00e1<\/strong><br>Telef\u00f3n: <strong>048\/ 2820 148<\/strong><\/p>\n\n\n\n<p>Miesto: 5. posch. hlavn\u00e1 budova<\/p>\n\n\n\n<p>Ordina\u010dn\u00e9 hodiny:<\/p>\n\n\n\n<figure class=\"wp-block-table\"><table class=\"has-fixed-layout\"><tbody><tr><th>&nbsp;<\/th><th>predpoludn\u00edm<\/th><th>prest\u00e1vka<\/th><th>popoludn\u00ed<\/th><\/tr><tr><th>Pondelok<\/th><td>neordinuje sa<\/td><td>neordinuje sa<\/td><td>neordinuje sa<\/td><\/tr><tr><th>Utorok<\/th><td>7:30 &#8211; 12:00<\/td><td>12:00 &#8211; 13:00<\/td><td>13:00 &#8211; 14:30<\/td><\/tr><tr><th>Streda<\/th><td>neordinuje sa<\/td><td>neordinuje sa<\/td><td>neordinuje sa<\/td><\/tr><tr><th>\u0160tvrtok<\/th><td>7:30 &#8211; 12:00<\/td><td>12:00 &#8211; 13:00<\/td><td>13:00 &#8211; 14:30<\/td><\/tr><tr><th>Piatok<\/th><td>neordinuje sa<\/td><td>neordinuje sa<\/td><td>neordinuje sa<\/td><\/tr><\/tbody><\/table><\/figure>\n\n\n\n<p>Pozn.:<\/p>\n\n\n\n<p><strong>utorok <\/strong>&#8211; 7:30 &#8211; 12:00 MUDr.Horv\u00e1th, od 13:00 MUDr.Kminiak (len pacienti objednan\u00ed MUDr.Horv\u00e1thom)<\/p>\n\n\n\n<p><strong>\u0161tvrtok <\/strong>&#8211; 7:30 &#8211; 12:00 MUDr.Horv\u00e1th 13:00 &#8211; 14:30 (konzili\u00e1rne vy\u0161etrenia na oddeleniach) MUDr.Horv\u00e1th<\/p>\n\n\n\n<p>7:00 &#8211; 7:45 registr. pacientov + odbery<br>12:30 \u2013 15:00 meranie ABI, administrati\u0301va, konzili\u00e1rne vy\u0161etrenia<\/p>\n\n\n\n<p><strong>Vy\u0161etruj\u00fa sa iba objednan\u00ed pacienti !<\/strong><\/p>\n\n\n\n<p>10:00 &#8211; 12:00 objedn\u00e1vanie v utorok a vo \u0161tvrtok telefonicky alebo osobne po\u010das ordina\u010dn\u00fdch hod\u00edn<\/p>\n\n\n\n<p>Zmluvn\u00e9 vz\u0165ahy:<\/p>\n\n\n\n<figure class=\"wp-block-gallery has-nested-images columns-default wp-block-gallery-1 is-layout-flex wp-block-gallery-is-layout-flex\">\n<figure class=\"wp-block-image size-large\"><img loading=\"lazy\" decoding=\"async\" width=\"249\" height=\"300\" data-id=\"1118\" src=\"https:\/\/www.nspbr.sk\/web\/wp-content\/uploads\/2018\/10\/sys_media_8493.jpg\" alt=\"\" class=\"wp-image-1118\"\/><\/figure>\n\n\n\n<figure class=\"wp-block-image size-large\"><img loading=\"lazy\" decoding=\"async\" width=\"700\" height=\"394\" data-id=\"1119\" src=\"https:\/\/www.nspbr.sk\/web\/wp-content\/uploads\/2018\/10\/union.jpg\" alt=\"\" class=\"wp-image-1119\" srcset=\"https:\/\/www.nspbr.sk\/web\/wp-content\/uploads\/2018\/10\/union.jpg 700w, https:\/\/www.nspbr.sk\/web\/wp-content\/uploads\/2018\/10\/union-300x169.jpg 300w\" sizes=\"auto, (max-width: 700px) 100vw, 700px\" \/><\/figure>\n\n\n\n<figure class=\"wp-block-image size-large\"><img loading=\"lazy\" decoding=\"async\" width=\"420\" height=\"120\" data-id=\"1120\" src=\"https:\/\/www.nspbr.sk\/web\/wp-content\/uploads\/2018\/10\/dovera.png\" alt=\"\" class=\"wp-image-1120\" srcset=\"https:\/\/www.nspbr.sk\/web\/wp-content\/uploads\/2018\/10\/dovera.png 420w, https:\/\/www.nspbr.sk\/web\/wp-content\/uploads\/2018\/10\/dovera-300x86.png 300w\" sizes=\"auto, (max-width: 420px) 100vw, 420px\" \/><\/figure>\n<\/figure>\n","protected":false},"excerpt":{"rendered":"<p>Lek\u00e1r: MUDr. \u013dudov\u00edt Horv\u00e1th, MUDr. Radoslav Kminiak, PhDGarant: MUDr. Roman Necpal, PhD.Sestra: Mgr. Anna Chrap\u010diakov\u00e1Telef\u00f3n: 048\/ 2820 148 Miesto: 5. posch. hlavn\u00e1 budova Ordina\u010dn\u00e9 hodiny: &nbsp; predpoludn\u00edm prest\u00e1vka popoludn\u00ed Pondelok neordinuje sa neordinuje sa neordinuje sa Utorok 7:30 &#8211; 12:00 12:00 &#8211; 13:00 13:00 &#8211; 14:30 Streda neordinuje sa neordinuje sa neordinuje sa \u0160tvrtok 7:30 [&hellip;]<\/p>\n","protected":false},"author":1,"featured_media":0,"parent":6,"menu_order":0,"comment_status":"closed","ping_status":"closed","template":"","meta":{"_monsterinsights_skip_tracking":false,"_monsterinsights_sitenote_active":false,"_monsterinsights_sitenote_note":"","_monsterinsights_sitenote_category":0,"footnotes":""},"class_list":["post-142","page","type-page","status-publish","hentry"],"_links":{"self":[{"href":"https:\/\/www.nspbr.sk\/web\/wp-json\/wp\/v2\/pages\/142","targetHints":{"allow":["GET"]}}],"collection":[{"href":"https:\/\/www.nspbr.sk\/web\/wp-json\/wp\/v2\/pages"}],"about":[{"href":"https:\/\/www.nspbr.sk\/web\/wp-json\/wp\/v2\/types\/page"}],"author":[{"embeddable":true,"href":"https:\/\/www.nspbr.sk\/web\/wp-json\/wp\/v2\/users\/1"}],"replies":[{"embeddable":true,"href":"https:\/\/www.nspbr.sk\/web\/wp-json\/wp\/v2\/comments?post=142"}],"version-history":[{"count":5,"href":"https:\/\/www.nspbr.sk\/web\/wp-json\/wp\/v2\/pages\/142\/revisions"}],"predecessor-version":[{"id":9705,"href":"https:\/\/www.nspbr.sk\/web\/wp-json\/wp\/v2\/pages\/142\/revisions\/9705"}],"up":[{"embeddable":true,"href":"https:\/\/www.nspbr.sk\/web\/wp-json\/wp\/v2\/pages\/6"}],"wp:attachment":[{"href":"https:\/\/www.nspbr.sk\/web\/wp-json\/wp\/v2\/media?parent=142"}],"curies":[{"name":"wp","href":"https:\/\/api.w.org\/{rel}","templated":true}]}}