{"id":144,"date":"2018-02-20T17:20:22","date_gmt":"2018-02-20T16:20:22","guid":{"rendered":"http:\/\/nspbr.sk\/web\/?page_id=144"},"modified":"2025-05-28T11:21:02","modified_gmt":"2025-05-28T09:21:02","slug":"ambulancia-klinickej-onkologie","status":"publish","type":"page","link":"https:\/\/www.nspbr.sk\/web\/ambulancie\/ambulancia-klinickej-onkologie\/","title":{"rendered":"Ambulancia klinickej onkol\u00f3gie"},"content":{"rendered":"\n<p>Lek\u00e1r: <strong>MUDr. Dagmar Kre\u0161\u00e1kov\u00e1<\/strong><br>Sestra: <strong>Mgr. Zuzana \u0160\u00e1rikov\u00e1<\/strong><br>Telef\u00f3n: <strong>048\/ 2820 140<\/strong><\/p>\n\n\n\n<p><strong>Pozn: Inform\u00e1cie\/recepcia pre ambulancie 048\/2820 110 je dostupn\u00e1 v be\u017enom pracovnom \u010dase od 7:00 do 15:00<\/strong>. <a href=\"https:\/\/www.nspbr.sk\/web\/elektronicke-objednavanie\/\" target=\"_blank\" rel=\"noreferrer noopener\">Pre\u010d\u00edtajte si viac o elektronickom objednan\u00ed<\/a><\/p>\n\n\n\n<p>Miesto: 1. posch. hlavn\u00e1 budova<\/p>\n\n\n\n<p>Ordina\u010dn\u00e9 hodiny:<\/p>\n\n\n\n<figure class=\"wp-block-table\"><table class=\"has-fixed-layout\"><tbody><tr><th>&nbsp;<\/th><th>predpoludn\u00edm<\/th><th>prest\u00e1vka<\/th><th>popoludn\u00ed<\/th><\/tr><tr><th>Pondelok<\/th><td>7:00 &#8211; 12:00<\/td><td>12:00 &#8211; 12:30<\/td><td>12:30 &#8211; 15:00<\/td><\/tr><tr><th>Utorok<\/th><td>7:00 &#8211; 12:00<\/td><td>12:00 &#8211; 12:30<\/td><td>12:30 &#8211; 15:00<\/td><\/tr><tr><th>Streda<\/th><td>7:00 &#8211; 12:00<\/td><td>12:00 &#8211; 12:30<\/td><td>12:30 &#8211; 15:00<\/td><\/tr><tr><th>\u0160tvrtok<\/th><td>7:00 &#8211; 12:00<\/td><td>12:00 &#8211; 12:30<\/td><td>12:30 &#8211; 15:00<\/td><\/tr><tr><th>Piatok<\/th><td>neordinuje sa<\/td><td>neordinuje sa<\/td><td>neordinuje sa<\/td><\/tr><\/tbody><\/table><\/figure>\n\n\n\n<p>Pozn.:<br>Piatok: odbery, administrat\u00edva, spracov\u00e1vanie v\u00fdsledkov a eduka\u010dn\u00e9 predn\u00e1\u0161ky so sestrou<\/p>\n\n\n\n<p>Ambulancia klinickej onkol\u00f3gie pod veden\u00edm ordin\u00e1ra MUDr. Kre\u0161\u00e1kovej Dagmar pracuje od r. l993. N\u00e1pl\u0148ou \u010dinnosti tejto ambulancie je odborn\u00e1 starostlivos\u0165 o onkologick\u00e9 pacientky s gynekologick\u00fdmi a mam\u00e1rnymi malignitami, v\u010dasn\u00e1 diagnostika a terapia prekanceroz gynekologick\u00fdch org\u00e1nov a prsn\u00edkov.<br>Roz\u0161\u00edrili sme spektrum svojej klientely o onkologick\u00fdch pacientov a pacientky cel\u00e9ho regi\u00f3nu okresu Brezno, najm\u00e4 v dispenz\u00e1rnej \u010dinnosti, v paliat\u00edvnej terapii a v managmente be\u017eiacej chemo-r\u00e1dioth, v\u010d\u00edtane indik\u00e1cie dopravy do zdravotn\u00edckych zariaden\u00ed.<\/p>\n\n\n\n<p>Prim\u00e1rnym cie\u013eom je diagnostika , indik\u00e1cie k opera\u010dnej lie\u010dbe, kompletn\u00fd managment v be\u017eiacej onkologickej chemo \u2013 r\u00e1dioterapii v\u0161etk\u00fdch onkogynekologick\u00fdch a mamologick\u00fdch diagnoz, diferenci\u00e1lna diagnostika skryt\u00fdch onkologick\u00fdch n\u00e1lezov \u2013 e loco ignoto cum mts v r\u00e1mci \u00fastavu, diagnostika a kompletn\u00fd managment prekanceroz, zaradenie a dispenzariz\u00e1cia rizikov\u00fdch skup\u00edn s pozit\u00edvnou rodinnou anamn\u00e9zou pri Ca ovarii, Ca mammae, Ca cervicis uteri.<\/p>\n\n\n\n<p>Pridru\u017een\u00fdmi cie\u013emi s\u00fa paliat\u00edvna terapia predtermin\u00e1lnych a termin\u00e1lnych stavov, analgetick\u00e1 opi\u00e1tov\u00e1 terapia, symptomatick\u00e1 paliat\u00edvna terapia.<br>Diagnostika l\u00e9zi\u00ed prsn\u00edka je vykon\u00e1van\u00e1 kvalitn\u00fdm sonografick\u00fdm vy\u0161etren\u00edm priamo na ambulancii, s mo\u017enos\u0165ou okam\u017eit\u00e9ho odberu vzorky na histologick\u00e9 a cytologick\u00e9 vy\u0161etrenie.<br>Opera\u010dn\u00e1 lie\u010dba ben\u00edgnych l\u00e9zi\u00ed prsn\u00edka, kr\u010dka, ov\u00e1rii je zabezpe\u010den\u00e1 a vykon\u00e1van\u00e1 MUDr Kre\u0161\u00e1kovou cestou GPO Brezno. Opera\u010dn\u00e1 lie\u010dba Ca mammae je v spolu\u00fa\u010dasti chirurga a klinick\u00e9ho onkologa realizovan\u00e1 na chirurgickom oddelen\u00ed do 5 pracovn\u00fdch dn\u00ed od stanovenia diagnozy ako je uveden\u00e9 vo Vestn\u00edku MZ o diagnostike a lie\u010dbe suspektn\u00fdch mam\u00e1rnych n\u00e1lezov.<\/p>\n\n\n\n<p>Invaz\u00edvna diagnostika je realizovan\u00e1 v spolupr\u00e1ci s patol. Oddelen\u00edm \u2013 sem zah\u0155\u0148am aj PAB l\u00e9zi\u00ed prsn\u00edka. V ambulancii vykon\u00e1vame aj expertn\u00fa kolposkopiu l\u00e9zi\u00ed porcia v\u010d\u00edtane gravidn\u00fdch \u017eien, odber cytologick\u00fdch sterov,funk\u010dn\u00fa cytologiu , odbery na HPV \u2013 infekciu, chlam\u00fddiov\u00fa, ureaplazma \u2013 mykoplazmov\u00fa infekciu porcia.<br>\u00dazko spolupracujeme s Onkologickou klinikou BB, zabezpe\u010dujeme kompletn\u00e9 odbery onkomarkerov a \u010fal\u0161\u00edch potrebn\u00fdch vy\u0161etren\u00ed u pacientov s mal\u00edgnym ochoren\u00edm, indikujeme n\u00e1ro\u010dn\u00e9 vy\u0161etrenia ako magnetick\u00e1 rezonancia, PET \/CT , vyd\u00e1vame odborn\u00e9 potvrdenia pre invalidn\u00e9 d\u00f4chodky. MUDR Kre\u0161\u00e1kov\u00e1 sa z\u00fa\u010dast\u0148uje krajsk\u00fdch onkologick\u00fdch semin\u00e1rov s akt\u00edvnou \u00fa\u010das\u0165ou, predn\u00e1\u0161a na gynekologick\u00fdch zjazdoch, publikuje v odborn\u00fdch \u010dasopisoch.<\/p>\n\n\n\n<p>Zmluvn\u00e9 vz\u0165ahy:<\/p>\n\n\n\n<figure class=\"wp-block-gallery has-nested-images columns-default wp-block-gallery-1 is-layout-flex wp-block-gallery-is-layout-flex\">\n<figure class=\"wp-block-image size-large\"><img loading=\"lazy\" decoding=\"async\" width=\"249\" height=\"300\" data-id=\"1118\" src=\"https:\/\/www.nspbr.sk\/web\/wp-content\/uploads\/2018\/10\/sys_media_8493.jpg\" alt=\"\" class=\"wp-image-1118\"\/><\/figure>\n\n\n\n<figure class=\"wp-block-image size-large\"><img loading=\"lazy\" decoding=\"async\" width=\"700\" height=\"394\" data-id=\"1119\" src=\"https:\/\/www.nspbr.sk\/web\/wp-content\/uploads\/2018\/10\/union.jpg\" alt=\"\" class=\"wp-image-1119\" srcset=\"https:\/\/www.nspbr.sk\/web\/wp-content\/uploads\/2018\/10\/union.jpg 700w, https:\/\/www.nspbr.sk\/web\/wp-content\/uploads\/2018\/10\/union-300x169.jpg 300w\" sizes=\"auto, (max-width: 700px) 100vw, 700px\" \/><\/figure>\n\n\n\n<figure class=\"wp-block-image size-large\"><img loading=\"lazy\" decoding=\"async\" width=\"420\" height=\"120\" data-id=\"1120\" src=\"https:\/\/www.nspbr.sk\/web\/wp-content\/uploads\/2018\/10\/dovera.png\" alt=\"\" class=\"wp-image-1120\" srcset=\"https:\/\/www.nspbr.sk\/web\/wp-content\/uploads\/2018\/10\/dovera.png 420w, https:\/\/www.nspbr.sk\/web\/wp-content\/uploads\/2018\/10\/dovera-300x86.png 300w\" sizes=\"auto, (max-width: 420px) 100vw, 420px\" \/><\/figure>\n<\/figure>\n","protected":false},"excerpt":{"rendered":"<p>Lek\u00e1r: MUDr. Dagmar Kre\u0161\u00e1kov\u00e1Sestra: Mgr. Zuzana \u0160\u00e1rikov\u00e1Telef\u00f3n: 048\/ 2820 140 Pozn: Inform\u00e1cie\/recepcia pre ambulancie 048\/2820 110 je dostupn\u00e1 v be\u017enom pracovnom \u010dase od 7:00 do 15:00. Pre\u010d\u00edtajte si viac o elektronickom objednan\u00ed Miesto: 1. posch. hlavn\u00e1 budova Ordina\u010dn\u00e9 hodiny: &nbsp; predpoludn\u00edm prest\u00e1vka popoludn\u00ed Pondelok 7:00 &#8211; 12:00 12:00 &#8211; 12:30 12:30 &#8211; 15:00 Utorok 7:00 [&hellip;]<\/p>\n","protected":false},"author":1,"featured_media":0,"parent":6,"menu_order":0,"comment_status":"closed","ping_status":"closed","template":"","meta":{"_monsterinsights_skip_tracking":false,"_monsterinsights_sitenote_active":false,"_monsterinsights_sitenote_note":"","_monsterinsights_sitenote_category":0,"footnotes":""},"class_list":["post-144","page","type-page","status-publish","hentry"],"_links":{"self":[{"href":"https:\/\/www.nspbr.sk\/web\/wp-json\/wp\/v2\/pages\/144","targetHints":{"allow":["GET"]}}],"collection":[{"href":"https:\/\/www.nspbr.sk\/web\/wp-json\/wp\/v2\/pages"}],"about":[{"href":"https:\/\/www.nspbr.sk\/web\/wp-json\/wp\/v2\/types\/page"}],"author":[{"embeddable":true,"href":"https:\/\/www.nspbr.sk\/web\/wp-json\/wp\/v2\/users\/1"}],"replies":[{"embeddable":true,"href":"https:\/\/www.nspbr.sk\/web\/wp-json\/wp\/v2\/comments?post=144"}],"version-history":[{"count":5,"href":"https:\/\/www.nspbr.sk\/web\/wp-json\/wp\/v2\/pages\/144\/revisions"}],"predecessor-version":[{"id":9141,"href":"https:\/\/www.nspbr.sk\/web\/wp-json\/wp\/v2\/pages\/144\/revisions\/9141"}],"up":[{"embeddable":true,"href":"https:\/\/www.nspbr.sk\/web\/wp-json\/wp\/v2\/pages\/6"}],"wp:attachment":[{"href":"https:\/\/www.nspbr.sk\/web\/wp-json\/wp\/v2\/media?parent=144"}],"curies":[{"name":"wp","href":"https:\/\/api.w.org\/{rel}","templated":true}]}}