{"id":146,"date":"2018-02-20T17:21:20","date_gmt":"2018-02-20T16:21:20","guid":{"rendered":"http:\/\/nspbr.sk\/web\/?page_id=146"},"modified":"2025-05-28T11:19:00","modified_gmt":"2025-05-28T09:19:00","slug":"ambulancia-urazovej-chirurgie","status":"publish","type":"page","link":"https:\/\/www.nspbr.sk\/web\/ambulancie\/ambulancia-urazovej-chirurgie\/","title":{"rendered":"Ambulancia \u00farazovej chirurgie"},"content":{"rendered":"\n<p>Lek\u00e1r: <strong>MUDr. Vladim\u00edr Van\u00edk<\/strong><br>Sestra: <strong>Mariana Daxnerov\u00e1, Alena Chabadov\u00e1<\/strong><br>Telef\u00f3n: <strong>048\/2820 493<\/strong><\/p>\n\n\n\n<p>Miesto: pr\u00edzemie hlavn\u00e1 budova &#8211; vr\u00e1tnica<\/p>\n\n\n\n<p>Ordina\u010dn\u00e9 hodiny:<\/p>\n\n\n\n<figure class=\"wp-block-table\"><table class=\"has-fixed-layout\"><tbody><tr><th>&nbsp;<\/th><th>predpoludn\u00edm<\/th><th>obed\u0148aj\u0161ia<br>prest\u00e1vka<\/th><th>popoludn\u00ed<\/th><\/tr><tr><th>Pondelok<\/th><td>7:00 &#8211; 12:30<\/td><td>12:30 &#8211; 13:00<\/td><td>13:00 &#8211; 15:00<\/td><\/tr><tr><th>Utorok<\/th><td>7:00 &#8211; 12:30<\/td><td>12:30 &#8211; 13:00<\/td><td>13:00 &#8211; 15:00<\/td><\/tr><tr><th>Streda<\/th><td>7:00 &#8211; 12:30<\/td><td>12:30 &#8211; 13:00<\/td><td>13:00 &#8211; 15:00<\/td><\/tr><tr><th>\u0160tvrtok<\/th><td>7:00 &#8211; 12:30<\/td><td>12:30 &#8211; 13:00<\/td><td>13:00 &#8211; 15:00<\/td><\/tr><tr><th>Piatok<\/th><td>7:00 &#8211; 12:30<\/td><td>12:30 &#8211; 13:00<\/td><td>13:00 &#8211; 15:00<\/td><\/tr><\/tbody><\/table><\/figure>\n\n\n\n<p>Pozn.:<br>MUDr.Van\u00edk : pondelok a\u017e piatok<br>MUDr.Le\u0161ak : pondelok od 11:00<br>MUDr.Sotoliuk : utorok od 11:00<br>MUDr. Yevdokymov: streda od 1:00<br>MUDr.Saktor : \u0161tvrtok od 11:00<\/p>\n\n\n\n<p>Zmluvn\u00e9 vz\u0165ahy:<\/p>\n\n\n\n<figure class=\"wp-block-gallery has-nested-images columns-default wp-block-gallery-1 is-layout-flex wp-block-gallery-is-layout-flex\">\n<figure class=\"wp-block-image size-large\"><img loading=\"lazy\" decoding=\"async\" width=\"249\" height=\"300\" data-id=\"1118\" src=\"https:\/\/www.nspbr.sk\/web\/wp-content\/uploads\/2018\/10\/sys_media_8493.jpg\" alt=\"\" class=\"wp-image-1118\"\/><\/figure>\n\n\n\n<figure class=\"wp-block-image size-large\"><img loading=\"lazy\" decoding=\"async\" width=\"700\" height=\"394\" data-id=\"1119\" src=\"https:\/\/www.nspbr.sk\/web\/wp-content\/uploads\/2018\/10\/union.jpg\" alt=\"\" class=\"wp-image-1119\" srcset=\"https:\/\/www.nspbr.sk\/web\/wp-content\/uploads\/2018\/10\/union.jpg 700w, https:\/\/www.nspbr.sk\/web\/wp-content\/uploads\/2018\/10\/union-300x169.jpg 300w\" sizes=\"auto, (max-width: 700px) 100vw, 700px\" \/><\/figure>\n\n\n\n<figure class=\"wp-block-image size-large\"><img loading=\"lazy\" decoding=\"async\" width=\"420\" height=\"120\" data-id=\"1120\" src=\"https:\/\/www.nspbr.sk\/web\/wp-content\/uploads\/2018\/10\/dovera.png\" alt=\"\" class=\"wp-image-1120\" srcset=\"https:\/\/www.nspbr.sk\/web\/wp-content\/uploads\/2018\/10\/dovera.png 420w, https:\/\/www.nspbr.sk\/web\/wp-content\/uploads\/2018\/10\/dovera-300x86.png 300w\" sizes=\"auto, (max-width: 420px) 100vw, 420px\" \/><\/figure>\n<\/figure>\n","protected":false},"excerpt":{"rendered":"<p>Lek\u00e1r: MUDr. Vladim\u00edr Van\u00edkSestra: Mariana Daxnerov\u00e1, Alena Chabadov\u00e1Telef\u00f3n: 048\/2820 493 Miesto: pr\u00edzemie hlavn\u00e1 budova &#8211; vr\u00e1tnica Ordina\u010dn\u00e9 hodiny: &nbsp; predpoludn\u00edm obed\u0148aj\u0161iaprest\u00e1vka popoludn\u00ed Pondelok 7:00 &#8211; 12:30 12:30 &#8211; 13:00 13:00 &#8211; 15:00 Utorok 7:00 &#8211; 12:30 12:30 &#8211; 13:00 13:00 &#8211; 15:00 Streda 7:00 &#8211; 12:30 12:30 &#8211; 13:00 13:00 &#8211; 15:00 \u0160tvrtok 7:00 &#8211; [&hellip;]<\/p>\n","protected":false},"author":1,"featured_media":0,"parent":6,"menu_order":0,"comment_status":"closed","ping_status":"closed","template":"","meta":{"_monsterinsights_skip_tracking":false,"_monsterinsights_sitenote_active":false,"_monsterinsights_sitenote_note":"","_monsterinsights_sitenote_category":0,"footnotes":""},"class_list":["post-146","page","type-page","status-publish","hentry"],"_links":{"self":[{"href":"https:\/\/www.nspbr.sk\/web\/wp-json\/wp\/v2\/pages\/146","targetHints":{"allow":["GET"]}}],"collection":[{"href":"https:\/\/www.nspbr.sk\/web\/wp-json\/wp\/v2\/pages"}],"about":[{"href":"https:\/\/www.nspbr.sk\/web\/wp-json\/wp\/v2\/types\/page"}],"author":[{"embeddable":true,"href":"https:\/\/www.nspbr.sk\/web\/wp-json\/wp\/v2\/users\/1"}],"replies":[{"embeddable":true,"href":"https:\/\/www.nspbr.sk\/web\/wp-json\/wp\/v2\/comments?post=146"}],"version-history":[{"count":5,"href":"https:\/\/www.nspbr.sk\/web\/wp-json\/wp\/v2\/pages\/146\/revisions"}],"predecessor-version":[{"id":9140,"href":"https:\/\/www.nspbr.sk\/web\/wp-json\/wp\/v2\/pages\/146\/revisions\/9140"}],"up":[{"embeddable":true,"href":"https:\/\/www.nspbr.sk\/web\/wp-json\/wp\/v2\/pages\/6"}],"wp:attachment":[{"href":"https:\/\/www.nspbr.sk\/web\/wp-json\/wp\/v2\/media?parent=146"}],"curies":[{"name":"wp","href":"https:\/\/api.w.org\/{rel}","templated":true}]}}