{"id":150,"date":"2018-02-20T17:23:42","date_gmt":"2018-02-20T16:23:42","guid":{"rendered":"http:\/\/nspbr.sk\/web\/?page_id=150"},"modified":"2026-03-24T07:47:12","modified_gmt":"2026-03-24T06:47:12","slug":"algeziologicka-ambulancia","status":"publish","type":"page","link":"https:\/\/www.nspbr.sk\/web\/ambulancie\/algeziologicka-ambulancia\/","title":{"rendered":"Algeziologick\u00e1 ambulancia"},"content":{"rendered":"\n<p>Lek\u00e1r: <strong>MUDr. Zuzana Ben\u010dov\u00e1<\/strong><br>Sestra: <strong>Zuzana Kochanov\u00e1<\/strong><br>Telef\u00f3n: <strong>048\/2820 369<\/strong><\/p>\n\n\n\n<p>Miesto: 1. posch. poliklinika<\/p>\n\n\n\n<p>Ordina\u010dn\u00e9 hodiny:<\/p>\n\n\n\n<figure class=\"wp-block-table\"><table class=\"has-fixed-layout\"><tbody><tr><th>&nbsp;<\/th><th>ordina\u010dn\u00e9 hod.<br>predpoludn\u00edm<\/th><th>obed\u0148aj\u0161ia<br>prest\u00e1vka<\/th><th>ordina\u010dn\u00e9 hod.<br>popoludn\u00ed<\/th><\/tr><tr><th>Pondelok<\/th><td>neordinuje sa<\/td><td>neordinuje sa<\/td><td>neordinuje sa<\/td><\/tr><tr><th>Utorok<\/th><td>neordinuje sa<\/td><td>neordinuje sa<\/td><td>neordinuje sa<\/td><\/tr><tr><th>Streda<\/th><td>7:00 &#8211; 13:00<\/td><td>13:00 &#8211; 13:30<\/td><td>13:30 &#8211; 15:00<\/td><\/tr><tr><th>\u0160tvrtok<\/th><td>neordinuje sa<\/td><td>neordinuje sa<\/td><td>neordinuje sa<\/td><\/tr><tr><th>Piatok<\/th><td>neordinuje sa<\/td><td>neordinuje sa<\/td><td>neordinuje sa<\/td><\/tr><\/tbody><\/table><\/figure>\n\n\n\n<p>Pozn.:<br>14:30 &#8211; 15:00 Administrat\u00edva<\/p>\n\n\n\n<p>Zmluvn\u00e9 vz\u0165ahy:<\/p>\n\n\n\n<figure class=\"wp-block-gallery has-nested-images columns-default wp-block-gallery-1 is-layout-flex wp-block-gallery-is-layout-flex\">\n<figure class=\"wp-block-image size-large\"><img loading=\"lazy\" decoding=\"async\" width=\"249\" height=\"300\" data-id=\"1118\" src=\"https:\/\/www.nspbr.sk\/web\/wp-content\/uploads\/2018\/10\/sys_media_8493.jpg\" alt=\"\" class=\"wp-image-1118\"\/><\/figure>\n\n\n\n<figure class=\"wp-block-image size-large\"><img loading=\"lazy\" decoding=\"async\" width=\"700\" height=\"394\" data-id=\"1119\" src=\"https:\/\/www.nspbr.sk\/web\/wp-content\/uploads\/2018\/10\/union.jpg\" alt=\"\" class=\"wp-image-1119\" srcset=\"https:\/\/www.nspbr.sk\/web\/wp-content\/uploads\/2018\/10\/union.jpg 700w, https:\/\/www.nspbr.sk\/web\/wp-content\/uploads\/2018\/10\/union-300x169.jpg 300w\" sizes=\"auto, (max-width: 700px) 100vw, 700px\" \/><\/figure>\n\n\n\n<figure class=\"wp-block-image size-large\"><img loading=\"lazy\" decoding=\"async\" width=\"420\" height=\"120\" data-id=\"1120\" src=\"https:\/\/www.nspbr.sk\/web\/wp-content\/uploads\/2018\/10\/dovera.png\" alt=\"\" class=\"wp-image-1120\" srcset=\"https:\/\/www.nspbr.sk\/web\/wp-content\/uploads\/2018\/10\/dovera.png 420w, https:\/\/www.nspbr.sk\/web\/wp-content\/uploads\/2018\/10\/dovera-300x86.png 300w\" sizes=\"auto, (max-width: 420px) 100vw, 420px\" \/><\/figure>\n<\/figure>\n","protected":false},"excerpt":{"rendered":"<p>Lek\u00e1r: MUDr. Zuzana Ben\u010dov\u00e1Sestra: Zuzana Kochanov\u00e1Telef\u00f3n: 048\/2820 369 Miesto: 1. posch. poliklinika Ordina\u010dn\u00e9 hodiny: &nbsp; ordina\u010dn\u00e9 hod.predpoludn\u00edm obed\u0148aj\u0161iaprest\u00e1vka ordina\u010dn\u00e9 hod.popoludn\u00ed Pondelok neordinuje sa neordinuje sa neordinuje sa Utorok neordinuje sa neordinuje sa neordinuje sa Streda 7:00 &#8211; 13:00 13:00 &#8211; 13:30 13:30 &#8211; 15:00 \u0160tvrtok neordinuje sa neordinuje sa neordinuje sa Piatok neordinuje sa neordinuje [&hellip;]<\/p>\n","protected":false},"author":1,"featured_media":0,"parent":6,"menu_order":0,"comment_status":"closed","ping_status":"closed","template":"","meta":{"_monsterinsights_skip_tracking":false,"_monsterinsights_sitenote_active":false,"_monsterinsights_sitenote_note":"","_monsterinsights_sitenote_category":0,"footnotes":""},"class_list":["post-150","page","type-page","status-publish","hentry"],"_links":{"self":[{"href":"https:\/\/www.nspbr.sk\/web\/wp-json\/wp\/v2\/pages\/150","targetHints":{"allow":["GET"]}}],"collection":[{"href":"https:\/\/www.nspbr.sk\/web\/wp-json\/wp\/v2\/pages"}],"about":[{"href":"https:\/\/www.nspbr.sk\/web\/wp-json\/wp\/v2\/types\/page"}],"author":[{"embeddable":true,"href":"https:\/\/www.nspbr.sk\/web\/wp-json\/wp\/v2\/users\/1"}],"replies":[{"embeddable":true,"href":"https:\/\/www.nspbr.sk\/web\/wp-json\/wp\/v2\/comments?post=150"}],"version-history":[{"count":6,"href":"https:\/\/www.nspbr.sk\/web\/wp-json\/wp\/v2\/pages\/150\/revisions"}],"predecessor-version":[{"id":9825,"href":"https:\/\/www.nspbr.sk\/web\/wp-json\/wp\/v2\/pages\/150\/revisions\/9825"}],"up":[{"embeddable":true,"href":"https:\/\/www.nspbr.sk\/web\/wp-json\/wp\/v2\/pages\/6"}],"wp:attachment":[{"href":"https:\/\/www.nspbr.sk\/web\/wp-json\/wp\/v2\/media?parent=150"}],"curies":[{"name":"wp","href":"https:\/\/api.w.org\/{rel}","templated":true}]}}