{"id":154,"date":"2018-02-20T17:25:44","date_gmt":"2018-02-20T16:25:44","guid":{"rendered":"http:\/\/nspbr.sk\/web\/?page_id=154"},"modified":"2026-03-24T07:44:26","modified_gmt":"2026-03-24T06:44:26","slug":"chirurgicka-ambulancia","status":"publish","type":"page","link":"https:\/\/www.nspbr.sk\/web\/ambulancie\/chirurgicka-ambulancia\/","title":{"rendered":"Chirurgick\u00e1 ambulancia"},"content":{"rendered":"\n<p>Lek\u00e1r: <strong>MUDr. Jana Mundierov\u00e1, MUDr. Milan Darmo, MUDr. Pavel Mr\u00e1z, MUDr. Erik W\u00e1gner, Viktor Poliakhov<\/strong><br>Sestra: <strong>Katar\u00edna Kvoriakov\u00e1, Katar\u00edna Kmecov\u00e1<\/strong><br>Telef\u00f3n: <strong>048\/2820 478<\/strong><\/p>\n\n\n\n<p>Miesto: pr\u00edzemie &#8211; urgentn\u00fd pr\u00edjem<\/p>\n\n\n\n<p>Ordina\u010dn\u00e9 hodiny:<\/p>\n\n\n\n<figure class=\"wp-block-table\"><table class=\"has-fixed-layout\"><tbody><tr><th>&nbsp;<\/th><th>ordina\u010dn\u00e9 hod.<br>predpoludn\u00edm<\/th><th>obed\u0148aj\u0161ia<br>prest\u00e1vka<\/th><th>ordina\u010dn\u00e9 hod.<br>popoludn\u00ed<\/th><\/tr><tr><th>Pondelok<\/th><td>7:00 &#8211; 13:30<\/td><td>13:30 &#8211; 14:00<\/td><td>14:00 &#8211; 15:00<\/td><\/tr><tr><th>Utorok<\/th><td>7:00 &#8211; 13:30<\/td><td>13:30 &#8211; 14:00<\/td><td>14:00 &#8211; 15:00<\/td><\/tr><tr><th>Streda<\/th><td>7:00 &#8211; 13:30<\/td><td>13:30 &#8211; 14:00<\/td><td>14:00 &#8211; 15:00<\/td><\/tr><tr><th>\u0160tvrtok<\/th><td>7:00 &#8211; 13:30<\/td><td>13:30 &#8211; 14:00<\/td><td>14:00 &#8211; 15:00<\/td><\/tr><tr><th>Piatok<\/th><td>7:00 &#8211; 13:30<\/td><td>13:30 &#8211; 14:00<\/td><td>14:00 &#8211; 15:00<\/td><\/tr><\/tbody><\/table><\/figure>\n\n\n\n<p>Pozn.:<br>7:00 &#8211; 8:00 &#8211; registr\u00e1cia pacientov, ak\u00fatne stavy, odbery<br>14:30 &#8211; 15:00 &#8211; neodkladn\u00e1 chirurgick\u00e1 starostlivos\u0165<\/p>\n\n\n\n<p>Zmluvn\u00e9 vz\u0165ahy:<\/p>\n\n\n\n<figure class=\"wp-block-gallery has-nested-images columns-default wp-block-gallery-1 is-layout-flex wp-block-gallery-is-layout-flex\">\n<figure class=\"wp-block-image size-large\"><img loading=\"lazy\" decoding=\"async\" width=\"1024\" height=\"362\" data-id=\"6972\" src=\"https:\/\/www.nspbr.sk\/web\/wp-content\/uploads\/2023\/04\/vszp-1024x362.jpg\" alt=\"\" class=\"wp-image-6972\" srcset=\"https:\/\/www.nspbr.sk\/web\/wp-content\/uploads\/2023\/04\/vszp-1024x362.jpg 1024w, https:\/\/www.nspbr.sk\/web\/wp-content\/uploads\/2023\/04\/vszp-300x106.jpg 300w, https:\/\/www.nspbr.sk\/web\/wp-content\/uploads\/2023\/04\/vszp-768x272.jpg 768w, https:\/\/www.nspbr.sk\/web\/wp-content\/uploads\/2023\/04\/vszp.jpg 1280w\" sizes=\"auto, (max-width: 1024px) 100vw, 1024px\" \/><\/figure>\n\n\n\n<figure class=\"wp-block-image size-large\"><img loading=\"lazy\" decoding=\"async\" width=\"471\" height=\"107\" data-id=\"6970\" src=\"https:\/\/www.nspbr.sk\/web\/wp-content\/uploads\/2023\/04\/dovera.png\" alt=\"\" class=\"wp-image-6970\" srcset=\"https:\/\/www.nspbr.sk\/web\/wp-content\/uploads\/2023\/04\/dovera.png 471w, https:\/\/www.nspbr.sk\/web\/wp-content\/uploads\/2023\/04\/dovera-300x68.png 300w\" sizes=\"auto, (max-width: 471px) 100vw, 471px\" \/><\/figure>\n\n\n\n<figure class=\"wp-block-image size-large\"><img loading=\"lazy\" decoding=\"async\" width=\"700\" height=\"394\" data-id=\"1119\" src=\"https:\/\/www.nspbr.sk\/web\/wp-content\/uploads\/2018\/10\/union.jpg\" alt=\"\" class=\"wp-image-1119\" srcset=\"https:\/\/www.nspbr.sk\/web\/wp-content\/uploads\/2018\/10\/union.jpg 700w, https:\/\/www.nspbr.sk\/web\/wp-content\/uploads\/2018\/10\/union-300x169.jpg 300w\" sizes=\"auto, (max-width: 700px) 100vw, 700px\" \/><\/figure>\n<\/figure>\n","protected":false},"excerpt":{"rendered":"<p>Lek\u00e1r: MUDr. Jana Mundierov\u00e1, MUDr. Milan Darmo, MUDr. Pavel Mr\u00e1z, MUDr. Erik W\u00e1gner, Viktor PoliakhovSestra: Katar\u00edna Kvoriakov\u00e1, Katar\u00edna Kmecov\u00e1Telef\u00f3n: 048\/2820 478 Miesto: pr\u00edzemie &#8211; urgentn\u00fd pr\u00edjem Ordina\u010dn\u00e9 hodiny: &nbsp; ordina\u010dn\u00e9 hod.predpoludn\u00edm obed\u0148aj\u0161iaprest\u00e1vka ordina\u010dn\u00e9 hod.popoludn\u00ed Pondelok 7:00 &#8211; 13:30 13:30 &#8211; 14:00 14:00 &#8211; 15:00 Utorok 7:00 &#8211; 13:30 13:30 &#8211; 14:00 14:00 &#8211; 15:00 Streda [&hellip;]<\/p>\n","protected":false},"author":1,"featured_media":0,"parent":6,"menu_order":0,"comment_status":"closed","ping_status":"closed","template":"","meta":{"_monsterinsights_skip_tracking":false,"_monsterinsights_sitenote_active":false,"_monsterinsights_sitenote_note":"","_monsterinsights_sitenote_category":0,"footnotes":""},"class_list":["post-154","page","type-page","status-publish","hentry"],"_links":{"self":[{"href":"https:\/\/www.nspbr.sk\/web\/wp-json\/wp\/v2\/pages\/154","targetHints":{"allow":["GET"]}}],"collection":[{"href":"https:\/\/www.nspbr.sk\/web\/wp-json\/wp\/v2\/pages"}],"about":[{"href":"https:\/\/www.nspbr.sk\/web\/wp-json\/wp\/v2\/types\/page"}],"author":[{"embeddable":true,"href":"https:\/\/www.nspbr.sk\/web\/wp-json\/wp\/v2\/users\/1"}],"replies":[{"embeddable":true,"href":"https:\/\/www.nspbr.sk\/web\/wp-json\/wp\/v2\/comments?post=154"}],"version-history":[{"count":5,"href":"https:\/\/www.nspbr.sk\/web\/wp-json\/wp\/v2\/pages\/154\/revisions"}],"predecessor-version":[{"id":9822,"href":"https:\/\/www.nspbr.sk\/web\/wp-json\/wp\/v2\/pages\/154\/revisions\/9822"}],"up":[{"embeddable":true,"href":"https:\/\/www.nspbr.sk\/web\/wp-json\/wp\/v2\/pages\/6"}],"wp:attachment":[{"href":"https:\/\/www.nspbr.sk\/web\/wp-json\/wp\/v2\/media?parent=154"}],"curies":[{"name":"wp","href":"https:\/\/api.w.org\/{rel}","templated":true}]}}