{"id":156,"date":"2018-02-20T17:26:26","date_gmt":"2018-02-20T16:26:26","guid":{"rendered":"http:\/\/nspbr.sk\/web\/?page_id=156"},"modified":"2026-03-24T07:29:28","modified_gmt":"2026-03-24T06:29:28","slug":"detske-oddelenie-ambulancia","status":"publish","type":"page","link":"https:\/\/www.nspbr.sk\/web\/ambulancie\/detske-oddelenie-ambulancia\/","title":{"rendered":"Pediatrick\u00e1 ambulancia (pr\u00edjmov\u00e1)"},"content":{"rendered":"\n<p>Lek\u00e1r: <strong>MUDr. Norbert Surov\u00fd<\/strong>, <strong>MUDr. Vladim\u00edr Holec, PhD.<\/strong><br>Sestra: <strong>Daniela Bauerov\u00e1<\/strong><br>Telef\u00f3n: <strong>048\/2820 316<\/strong><\/p>\n\n\n\n<p>Miesto: pr\u00edzemie &#8211; pr\u00edjem detskej \u010dasti polikliniky<\/p>\n\n\n\n<p>Ordina\u010dn\u00e9 hodiny:<\/p>\n\n\n\n<figure class=\"wp-block-table\"><table><tbody><tr><th>&nbsp;<\/th><th>ordina\u010dn\u00e9 hod.<br>predpoludn\u00edm<\/th><th>obed\u0148aj\u0161ia<br>prest\u00e1vka<\/th><th>ordina\u010dn\u00e9 hod.<br>popoludn\u00ed<\/th><\/tr><tr><th>Pondelok<\/th><td>7:00 &#8211; 12:30<\/td><td>12:30 &#8211; 13:00<\/td><td>13:00 &#8211; 15:00<\/td><\/tr><tr><th>Utorok<\/th><td>7:00 &#8211; 12:30<\/td><td>12:30 &#8211; 13:00<\/td><td>13:00 &#8211; 15:00<\/td><\/tr><tr><th>Streda<\/th><td>7:00 &#8211; 12:30<\/td><td>12:30 &#8211; 13:00<\/td><td>13:00 &#8211; 15:00<\/td><\/tr><tr><th>\u0160tvrtok<\/th><td>7:00 &#8211; 12:30<\/td><td>12:30 &#8211; 13:00<\/td><td>13:00 &#8211; 15:00<\/td><\/tr><tr><th>Piatok<\/th><td>7:00 &#8211; 12:30<\/td><td>12:30 &#8211; 13:00<\/td><td>13:00 &#8211; 15:00<\/td><\/tr><\/tbody><\/table><\/figure>\n\n\n\n<p>Pozn.:<br>7:00 &#8211; 8:00 Odbery<br>13:00 &#8211; 15:00 Administrat\u00edva<\/p>\n\n\n\n<p>Zmluvn\u00e9 vz\u0165ahy:<\/p>\n\n\n\n<figure class=\"wp-block-gallery has-nested-images columns-default wp-block-gallery-1 is-layout-flex wp-block-gallery-is-layout-flex\">\n<figure class=\"wp-block-image size-large is-style-default\"><img loading=\"lazy\" decoding=\"async\" width=\"1024\" height=\"362\" data-id=\"6972\" src=\"https:\/\/www.nspbr.sk\/web\/wp-content\/uploads\/2023\/04\/vszp-1024x362.jpg\" alt=\"\" class=\"wp-image-6972\" srcset=\"https:\/\/www.nspbr.sk\/web\/wp-content\/uploads\/2023\/04\/vszp-1024x362.jpg 1024w, https:\/\/www.nspbr.sk\/web\/wp-content\/uploads\/2023\/04\/vszp-300x106.jpg 300w, https:\/\/www.nspbr.sk\/web\/wp-content\/uploads\/2023\/04\/vszp-768x272.jpg 768w, https:\/\/www.nspbr.sk\/web\/wp-content\/uploads\/2023\/04\/vszp.jpg 1280w\" sizes=\"auto, (max-width: 1024px) 100vw, 1024px\" \/><\/figure>\n\n\n\n<figure class=\"wp-block-image size-large is-style-default\"><img loading=\"lazy\" decoding=\"async\" width=\"676\" height=\"296\" data-id=\"6974\" src=\"https:\/\/www.nspbr.sk\/web\/wp-content\/uploads\/2023\/04\/uzp_logo_zakladne_farebne_0821-676x296-1.jpg\" alt=\"\" class=\"wp-image-6974\" srcset=\"https:\/\/www.nspbr.sk\/web\/wp-content\/uploads\/2023\/04\/uzp_logo_zakladne_farebne_0821-676x296-1.jpg 676w, https:\/\/www.nspbr.sk\/web\/wp-content\/uploads\/2023\/04\/uzp_logo_zakladne_farebne_0821-676x296-1-300x131.jpg 300w\" sizes=\"auto, (max-width: 676px) 100vw, 676px\" \/><\/figure>\n\n\n\n<figure class=\"wp-block-image size-large is-style-default\"><img loading=\"lazy\" decoding=\"async\" width=\"471\" height=\"107\" data-id=\"6970\" src=\"https:\/\/www.nspbr.sk\/web\/wp-content\/uploads\/2023\/04\/dovera.png\" alt=\"\" class=\"wp-image-6970\" srcset=\"https:\/\/www.nspbr.sk\/web\/wp-content\/uploads\/2023\/04\/dovera.png 471w, https:\/\/www.nspbr.sk\/web\/wp-content\/uploads\/2023\/04\/dovera-300x68.png 300w\" sizes=\"auto, (max-width: 471px) 100vw, 471px\" \/><\/figure>\n<\/figure>\n","protected":false},"excerpt":{"rendered":"<p>Lek\u00e1r: MUDr. Norbert Surov\u00fd, MUDr. Vladim\u00edr Holec, PhD.Sestra: Daniela Bauerov\u00e1Telef\u00f3n: 048\/2820 316 Miesto: pr\u00edzemie &#8211; pr\u00edjem detskej \u010dasti polikliniky Ordina\u010dn\u00e9 hodiny: &nbsp; ordina\u010dn\u00e9 hod.predpoludn\u00edm obed\u0148aj\u0161iaprest\u00e1vka ordina\u010dn\u00e9 hod.popoludn\u00ed Pondelok 7:00 &#8211; 12:30 12:30 &#8211; 13:00 13:00 &#8211; 15:00 Utorok 7:00 &#8211; 12:30 12:30 &#8211; 13:00 13:00 &#8211; 15:00 Streda 7:00 &#8211; 12:30 12:30 &#8211; 13:00 13:00 [&hellip;]<\/p>\n","protected":false},"author":1,"featured_media":0,"parent":6,"menu_order":0,"comment_status":"closed","ping_status":"closed","template":"","meta":{"_monsterinsights_skip_tracking":false,"_monsterinsights_sitenote_active":false,"_monsterinsights_sitenote_note":"","_monsterinsights_sitenote_category":0,"footnotes":""},"class_list":["post-156","page","type-page","status-publish","hentry"],"_links":{"self":[{"href":"https:\/\/www.nspbr.sk\/web\/wp-json\/wp\/v2\/pages\/156","targetHints":{"allow":["GET"]}}],"collection":[{"href":"https:\/\/www.nspbr.sk\/web\/wp-json\/wp\/v2\/pages"}],"about":[{"href":"https:\/\/www.nspbr.sk\/web\/wp-json\/wp\/v2\/types\/page"}],"author":[{"embeddable":true,"href":"https:\/\/www.nspbr.sk\/web\/wp-json\/wp\/v2\/users\/1"}],"replies":[{"embeddable":true,"href":"https:\/\/www.nspbr.sk\/web\/wp-json\/wp\/v2\/comments?post=156"}],"version-history":[{"count":5,"href":"https:\/\/www.nspbr.sk\/web\/wp-json\/wp\/v2\/pages\/156\/revisions"}],"predecessor-version":[{"id":9816,"href":"https:\/\/www.nspbr.sk\/web\/wp-json\/wp\/v2\/pages\/156\/revisions\/9816"}],"up":[{"embeddable":true,"href":"https:\/\/www.nspbr.sk\/web\/wp-json\/wp\/v2\/pages\/6"}],"wp:attachment":[{"href":"https:\/\/www.nspbr.sk\/web\/wp-json\/wp\/v2\/media?parent=156"}],"curies":[{"name":"wp","href":"https:\/\/api.w.org\/{rel}","templated":true}]}}