{"id":165,"date":"2018-02-20T17:34:48","date_gmt":"2018-02-20T16:34:48","guid":{"rendered":"http:\/\/nspbr.sk\/web\/?page_id=165"},"modified":"2025-05-28T11:04:22","modified_gmt":"2025-05-28T09:04:22","slug":"hematologicka-ambulancia","status":"publish","type":"page","link":"https:\/\/www.nspbr.sk\/web\/ambulancie\/hematologicka-ambulancia\/","title":{"rendered":"Hematologick\u00e1 ambulancia"},"content":{"rendered":"\n<p>Lek\u00e1r: <strong>MUDr. Anna Maru\u0161kov\u00e1, MUDr. Anna Latin\u00e1kov\u00e1<\/strong><br>Sestra: <strong>Sid\u00f3nia \u0160\u00e1ndorov\u00e1<\/strong><br>Telef\u00f3n: <strong>048\/ 2820 186<\/strong><\/p>\n\n\n\n<p><strong>Pozn: Inform\u00e1cie\/recepcia pre ambulancie 048\/2820 110 je dostupn\u00e1 v be\u017enom pracovnom \u010dase od 7:00 do 15:00<\/strong>. <a href=\"https:\/\/www.nspbr.sk\/web\/elektronicke-objednavanie\/\" target=\"_blank\" rel=\"noreferrer noopener\">Pre\u010d\u00edtajte si viac o elektronickom objednan\u00ed<\/a><\/p>\n\n\n\n<p>Miesto: 1. posch. hlavn\u00e1 budova<\/p>\n\n\n\n<p>Od 1.6.2022 bude detsk\u00e1 ambulancia ordinova\u0165 v ambulancii pre dospel\u00fdch.<\/p>\n\n\n\n<p>Ordina\u010dn\u00e9 hodiny:<\/p>\n\n\n\n<figure class=\"wp-block-table\"><table class=\"has-fixed-layout\"><tbody><tr><th>&nbsp;<\/th><th>predpoludn\u00edm<\/th><th>prest\u00e1vka<\/th><th>popoludn\u00ed<\/th><\/tr><tr><th>Pondelok<\/th><td>7:00 &#8211; 12:30<\/td><td>12:30 &#8211; 13:00<\/td><td>13:00 &#8211; 15:00<\/td><\/tr><tr><th>Utorok<\/th><td>7:00 &#8211; 12:30<\/td><td>12:30 &#8211; 13:00<\/td><td>13:00 &#8211; 15:00<\/td><\/tr><tr><th>Streda<\/th><td>7:00 &#8211; 12:30<\/td><td>12:30 &#8211; 13:00<\/td><td>13:00 &#8211; 15:00<\/td><\/tr><tr><th>\u0160tvrtok<\/th><td>7:00 &#8211; 12:30<\/td><td>12:30 &#8211; 13:00<\/td><td>13:00 &#8211; 15:00<\/td><\/tr><tr><th>Piatok<\/th><td>7:00 &#8211; 12:30<\/td><td>12:30 &#8211; 13:00<\/td><td>13:00 &#8211; 15:00<\/td><\/tr><\/tbody><\/table><\/figure>\n\n\n\n<p>Pozn\u00e1mka:<\/p>\n\n\n\n<p>Poistenci <strong>Union zdravotnej pois\u0165ovne, a.s.<\/strong> s\u00fa prednostne vybaven\u00ed na vy\u0161etrenie vo \u0161tvrtok v \u010dase od 8:30 do 9:30 hod.<\/p>\n\n\n\n<p>Pondelok a \u0161tvrtok ordinuje MUDr. Maru\u0161kov\u00e1<br>streda iba deti, ordinuje MUDr. Maru\u0161kov\u00e1<br>utorok a piatok ordinuje MUDr. Latin\u00e1kov\u00e1<br>13:00 &#8211; 15:00 konz\u00edli\u00e1, administrat\u00edva<\/p>\n\n\n\n<p>Zmluvn\u00e9 vz\u0165ahy:<\/p>\n\n\n\n<figure class=\"wp-block-gallery has-nested-images columns-default wp-block-gallery-1 is-layout-flex wp-block-gallery-is-layout-flex\">\n<figure class=\"wp-block-image size-large\"><img loading=\"lazy\" decoding=\"async\" width=\"249\" height=\"300\" data-id=\"1118\" src=\"https:\/\/www.nspbr.sk\/web\/wp-content\/uploads\/2018\/10\/sys_media_8493.jpg\" alt=\"\" class=\"wp-image-1118\"\/><\/figure>\n\n\n\n<figure class=\"wp-block-image size-large\"><img loading=\"lazy\" decoding=\"async\" width=\"420\" height=\"120\" data-id=\"1120\" src=\"https:\/\/www.nspbr.sk\/web\/wp-content\/uploads\/2018\/10\/dovera.png\" alt=\"\" class=\"wp-image-1120\" srcset=\"https:\/\/www.nspbr.sk\/web\/wp-content\/uploads\/2018\/10\/dovera.png 420w, https:\/\/www.nspbr.sk\/web\/wp-content\/uploads\/2018\/10\/dovera-300x86.png 300w\" sizes=\"auto, (max-width: 420px) 100vw, 420px\" \/><\/figure>\n\n\n\n<figure class=\"wp-block-image size-large\"><img loading=\"lazy\" decoding=\"async\" width=\"700\" height=\"394\" data-id=\"1119\" src=\"https:\/\/www.nspbr.sk\/web\/wp-content\/uploads\/2018\/10\/union.jpg\" alt=\"\" class=\"wp-image-1119\" srcset=\"https:\/\/www.nspbr.sk\/web\/wp-content\/uploads\/2018\/10\/union.jpg 700w, https:\/\/www.nspbr.sk\/web\/wp-content\/uploads\/2018\/10\/union-300x169.jpg 300w\" sizes=\"auto, (max-width: 700px) 100vw, 700px\" \/><\/figure>\n<\/figure>\n","protected":false},"excerpt":{"rendered":"<p>Lek\u00e1r: MUDr. Anna Maru\u0161kov\u00e1, MUDr. Anna Latin\u00e1kov\u00e1Sestra: Sid\u00f3nia \u0160\u00e1ndorov\u00e1Telef\u00f3n: 048\/ 2820 186 Pozn: Inform\u00e1cie\/recepcia pre ambulancie 048\/2820 110 je dostupn\u00e1 v be\u017enom pracovnom \u010dase od 7:00 do 15:00. Pre\u010d\u00edtajte si viac o elektronickom objednan\u00ed Miesto: 1. posch. hlavn\u00e1 budova Od 1.6.2022 bude detsk\u00e1 ambulancia ordinova\u0165 v ambulancii pre dospel\u00fdch. Ordina\u010dn\u00e9 hodiny: &nbsp; predpoludn\u00edm prest\u00e1vka popoludn\u00ed [&hellip;]<\/p>\n","protected":false},"author":1,"featured_media":0,"parent":6,"menu_order":0,"comment_status":"closed","ping_status":"closed","template":"","meta":{"_monsterinsights_skip_tracking":false,"_monsterinsights_sitenote_active":false,"_monsterinsights_sitenote_note":"","_monsterinsights_sitenote_category":0,"footnotes":""},"class_list":["post-165","page","type-page","status-publish","hentry"],"_links":{"self":[{"href":"https:\/\/www.nspbr.sk\/web\/wp-json\/wp\/v2\/pages\/165","targetHints":{"allow":["GET"]}}],"collection":[{"href":"https:\/\/www.nspbr.sk\/web\/wp-json\/wp\/v2\/pages"}],"about":[{"href":"https:\/\/www.nspbr.sk\/web\/wp-json\/wp\/v2\/types\/page"}],"author":[{"embeddable":true,"href":"https:\/\/www.nspbr.sk\/web\/wp-json\/wp\/v2\/users\/1"}],"replies":[{"embeddable":true,"href":"https:\/\/www.nspbr.sk\/web\/wp-json\/wp\/v2\/comments?post=165"}],"version-history":[{"count":5,"href":"https:\/\/www.nspbr.sk\/web\/wp-json\/wp\/v2\/pages\/165\/revisions"}],"predecessor-version":[{"id":9131,"href":"https:\/\/www.nspbr.sk\/web\/wp-json\/wp\/v2\/pages\/165\/revisions\/9131"}],"up":[{"embeddable":true,"href":"https:\/\/www.nspbr.sk\/web\/wp-json\/wp\/v2\/pages\/6"}],"wp:attachment":[{"href":"https:\/\/www.nspbr.sk\/web\/wp-json\/wp\/v2\/media?parent=165"}],"curies":[{"name":"wp","href":"https:\/\/api.w.org\/{rel}","templated":true}]}}