{"id":171,"date":"2018-02-20T17:37:11","date_gmt":"2018-02-20T16:37:11","guid":{"rendered":"http:\/\/nspbr.sk\/web\/?page_id=171"},"modified":"2026-03-20T08:03:20","modified_gmt":"2026-03-20T07:03:20","slug":"gynekologicka-ambulancia","status":"publish","type":"page","link":"https:\/\/www.nspbr.sk\/web\/ambulancie\/gynekologicka-ambulancia\/","title":{"rendered":"Gynekologick\u00e1 ambulancia (pr\u00edjmov\u00e1)"},"content":{"rendered":"\n<p>Lek\u00e1r: <strong>MUDr. Martin Mi\u010dej, MUDr. Ivan Dub\u00edny, slu\u017ebukonaj\u00faci lek\u00e1r<\/strong><br>Sestra: <strong>\u013dubom\u00edra Novotn\u00e1<\/strong><br>Telef\u00f3n: <strong>048\/ 2820 546<\/strong><\/p>\n\n\n\n<p><strong>Pozn: Inform\u00e1cie\/recepcia pre ambulancie 048\/2820 110 je dostupn\u00e1 v be\u017enom pracovnom \u010dase od 7:00 do 15:00<\/strong>. <a href=\"https:\/\/www.nspbr.sk\/web\/elektronicke-objednavanie\/\" target=\"_blank\" rel=\"noreferrer noopener\">Pre\u010d\u00edtajte si viac o elektronickom objednan\u00ed<\/a><\/p>\n\n\n\n<p>Miesto: 4. posch. l\u00f4\u017ekov\u00e1 \u010das\u0165<\/p>\n\n\n\n<p>Ordina\u010dn\u00e9 hodiny:<\/p>\n\n\n\n<figure class=\"wp-block-table\"><table><tbody><tr><th>&nbsp;<\/th><th>predpoludn\u00edm<\/th><th>prest\u00e1vka<\/th><th>popoludn\u00ed<\/th><\/tr><tr><th>Pondelok<\/th><td>7:00 &#8211; 12:30<\/td><td>12:30 &#8211; 13:00<\/td><td>12:30 &#8211; 13:00<\/td><\/tr><tr><th>Utorok<\/th><td>7:00 &#8211; 12:30<\/td><td>12:30 &#8211; 13:00<\/td><td>13:00 &#8211; 15:00<\/td><\/tr><tr><th>Streda<\/th><td>7:00 &#8211; 12:30<\/td><td>12:30 &#8211; 13:00<\/td><td>12:30 &#8211; 13:00<\/td><\/tr><tr><th>\u0160tvrtok<\/th><td>7:00 &#8211; 12:30<\/td><td>12:30 &#8211; 13:00<\/td><td>12:30 &#8211; 13:00<\/td><\/tr><tr><th>Piatok<\/th><td>7:00 &#8211; 12:30<\/td><td>12:30 &#8211; 13:00<\/td><td>13:00 &#8211; 15:00<\/td><\/tr><\/tbody><\/table><\/figure>\n\n\n\n<p>Pozn.:<\/p>\n\n\n\n<p>streda-piatok: MUDr. Martin Mi\u010dej<br>pondelok, utorok: MUDr. Dub\u00edny Ivan<br>Pr\u00edjmov\u00e1 ambulancia je otvoren\u00e1 st\u00e1le, pr\u00edjem zabezpe\u010duj\u00fa slu\u017ebukonaj\u00faci lek\u00e1ri a sestry<br>Od 15:00 do 7:00 \u00dastavn\u00e1 pohotovostn\u00e1 slu\u017eba (\u00daPS) (gynekologick\u00e1)<\/p>\n\n\n\n<p>Ambulancia zabezpe\u010duje \u00fastavn\u00fa zdravotn\u00fa starostlivos\u0165 formou nepretr\u017eit\u00fdch <strong>pr\u00edjmov na gynekologick\u00e9 oddelenie a poskytuje pohotovostn\u00fa gynekologick\u00fa slu\u017ebu.<\/strong><\/p>\n\n\n\n<p>Na\u0161a gynekologick\u00e1 ambulancia sa o. i. zameriava na : &#8211; konzili\u00e1rne gynekologick\u00e9 vy\u0161etrenia z in\u00fdch oddelen\u00ed na\u0161ej nemocnice alebo z in\u00fdch gynekologick\u00fdch ambulanci\u00ed prv\u00e9ho kontaktu<br>&#8211; Konzili\u00e1rne vy\u0161etrenie zah\u0155\u0148a gynekologick\u00e9 a sonografick\u00e9 vy\u0161etrenie, zhodnotenie zdrav. stavu a vyhotovenie potrebnej dokument\u00e1cie:<\/p>\n\n\n\n<p>&#8211; konzili\u00e1rne sonografick\u00e9 vy\u0161etrenia<br>&#8211; predopera\u010dn\u00e1 pr\u00edpravu<br>&#8211; poopera\u010dn\u00fa starostlivos\u0165<br>&#8211; predopera\u010dn\u00e9 konzult\u00e1cie pred oper\u00e1ciami na gynekologicko \u2013 p\u00f4rodn\u00edckom oddelen\u00ed \/*zoznam vec\u00ed, ktor\u00e9 si donesiete na hospitaliz\u00e1ciu\/<\/p>\n\n\n\n<p>&#8211; <strong>predopera\u010dn\u00e9 konzult\u00e1cie pred v\u00fdkonmi v jednod\u0148ovej gynekol\u00f3gii :<\/strong><br>&#8211; gynekologick\u00e9 vy\u0161etrenie v nark\u00f3ze<br>&#8211; dilat\u00e1cia a kyret\u00e1\u017e<br>&#8211; polypekt\u00f3mia \/ odstr\u00e1nenie polypov z mater. hrdla alebo tela maternice<br>&#8211; punkcie ovar. c\u00fdst<br>&#8211; exc\u00edzia vulvy<br>&#8211; oper\u00e1cia c\u00fdst glandulae vestibularis &#8211; Bartol\u00ednskej \u017e\u013eazy<br>&#8211; hysterosalpingografia<br>&#8211; hysteroskopia<br>&#8211; resekcia vag. septa<br>&#8211; suburetr\u00e1lna p\u00e1ska na lie\u010dbu stresovej inkontinencie &#8211; formou kr\u00e1tkodobej hospitaliz\u00e1cie<br>&#8211; extirp\u00e1cia ben\u00edgneho n\u00e1doru prsnej \u017e\u013eazy \/formou kr\u00e1tkodobej hospitaliz\u00e1cie\/<br>&#8211; koniz\u00e1cia cervixu , LETZ<br>&#8211; amniocetnt\u00e9za \u2013 odber plodovej vody<\/p>\n\n\n\n<p><strong>V r\u00e1mci jednod\u0148ovej gynekol\u00f3gie vykon\u00e1vame na na\u0161ej ambulancii odber plodovej vody \u2013 amniocent\u00e9zu.<\/strong><br>&#8211; Na amniocent\u00e9zu \/ odber plodovej vody \/ je nutn\u00e9 objednanie , ktor\u00e9 zah\u0155\u0148a sonografick\u00e9 vy\u0161etrenie, pohovor, vyp\u00edsanie dokument\u00e1cie<br>&#8211; AMNIOCENT\u00c9ZU vykon\u00e1vame stredy o 7,00 hodine.<br>&#8211; Na amniocent\u00e9zu je potrebn\u00e9 si prinies\u0165 tehotensk\u00fd preukaz, odpor\u00fa\u010danie od gynekol\u00f3ga, genetick\u00e9 vy\u0161etrenie.<br>&#8211; Pred amniocent\u00e9zou sa m\u00f4\u017eete najes\u0165, pr\u00eddete v pohodlnom oble\u010den\u00ed, ked\u017ee po odbere plodovej vody ostanete na pozorovanie pod\u013ea potreby<\/p>\n\n\n\n<p><strong>Na hospitaliz\u00e1ciu si so sebou si prineste:<\/strong> &#8211; preukaz poistenca zdravotnej pois\u0165ovne<br>&#8211; predopera\u010dn\u00e9, resp. predanesteziologick\u00e9 vy\u0161etrenie, ktor\u00e9 nie je star\u0161ie ako 10 dn\u00ed, na ktor\u00e9 V\u00e1s odo\u0161le obvodn\u00fd gynekol\u00f3g<br>&#8211; spr\u00e1vu z vy\u0161etrenia u prim\u00e1ra gynekologick\u00e9ho oddelenia<br>&#8211; lieky, ktor\u00e9 pravidelne u\u017e\u00edvate<br>&#8211; <strong>potvrdenie o pr\u00e1ceneschopnosti<\/strong>, ak ju nem\u00e1te vystaven\u00fa a potrebujete ju, upozorn\u00edte na to<br>&#8211; osobn\u00e9 toaletn\u00e9 potreby (o.i. toaletn\u00fd papier, frot\u00e9 vrec\u00fa\u0161ko,vlo\u017eky,pr\u00edbor, poh\u00e1r, \u017eupan, no\u010dn\u00fa ko\u0161e\u013eu, py\u017eamo,teplomer)<br>&#8211; ak V\u00e1m to nerob\u00ed probl\u00e9m, aj elastick\u00e9 ov\u00ednadl\u00e1 4 ks(alebo zdrav. pan\u010duchy) pri k\u0155\u010dov\u00fdch \u017eil\u00e1ch<br>&#8211; 2ks elast. ov\u00ednadiel pri oper\u00e1cii prsn\u00edka, urologick\u00fd \u010daj (gynastan,alebo in\u00fd pod\u013ea Va\u0161ej chuti po bru\u0161n\u00fdch oper\u00e1ci\u00e1ch, pri laparoskopickej oper\u00e1cii V\u00e1m odpor\u00fa\u010dame neperliv\u00fa miner\u00e1lku<\/p>\n\n\n\n<p><strong>Na hospitaliz\u00e1ciu odpor\u00fa\u010dame si nenosi\u0165 cenn\u00e9 predmety, \u0161perky ( peercing), v\u00e4\u010d\u0161\u00ed obnos pe\u0148az\u00ed !!!<\/strong><\/p>\n\n\n\n<p>Zmluvn\u00e9 vz\u0165ahy:<\/p>\n\n\n\n<figure class=\"wp-block-gallery has-nested-images columns-default wp-block-gallery-1 is-layout-flex wp-block-gallery-is-layout-flex\">\n<figure class=\"wp-block-image size-large is-style-default\"><img loading=\"lazy\" decoding=\"async\" width=\"1024\" height=\"362\" data-id=\"6972\" src=\"https:\/\/www.nspbr.sk\/web\/wp-content\/uploads\/2023\/04\/vszp-1024x362.jpg\" alt=\"\" class=\"wp-image-6972\" srcset=\"https:\/\/www.nspbr.sk\/web\/wp-content\/uploads\/2023\/04\/vszp-1024x362.jpg 1024w, https:\/\/www.nspbr.sk\/web\/wp-content\/uploads\/2023\/04\/vszp-300x106.jpg 300w, https:\/\/www.nspbr.sk\/web\/wp-content\/uploads\/2023\/04\/vszp-768x272.jpg 768w, https:\/\/www.nspbr.sk\/web\/wp-content\/uploads\/2023\/04\/vszp.jpg 1280w\" sizes=\"auto, (max-width: 1024px) 100vw, 1024px\" \/><\/figure>\n\n\n\n<figure class=\"wp-block-image size-large is-style-default\"><img loading=\"lazy\" decoding=\"async\" width=\"471\" height=\"107\" data-id=\"6970\" src=\"https:\/\/www.nspbr.sk\/web\/wp-content\/uploads\/2023\/04\/dovera.png\" alt=\"\" class=\"wp-image-6970\" srcset=\"https:\/\/www.nspbr.sk\/web\/wp-content\/uploads\/2023\/04\/dovera.png 471w, https:\/\/www.nspbr.sk\/web\/wp-content\/uploads\/2023\/04\/dovera-300x68.png 300w\" sizes=\"auto, (max-width: 471px) 100vw, 471px\" \/><\/figure>\n\n\n\n<figure class=\"wp-block-image size-large is-style-default\"><img loading=\"lazy\" decoding=\"async\" width=\"676\" height=\"296\" data-id=\"6974\" src=\"https:\/\/www.nspbr.sk\/web\/wp-content\/uploads\/2023\/04\/uzp_logo_zakladne_farebne_0821-676x296-1.jpg\" alt=\"\" class=\"wp-image-6974\" srcset=\"https:\/\/www.nspbr.sk\/web\/wp-content\/uploads\/2023\/04\/uzp_logo_zakladne_farebne_0821-676x296-1.jpg 676w, https:\/\/www.nspbr.sk\/web\/wp-content\/uploads\/2023\/04\/uzp_logo_zakladne_farebne_0821-676x296-1-300x131.jpg 300w\" sizes=\"auto, (max-width: 676px) 100vw, 676px\" \/><\/figure>\n<\/figure>\n\n\n\n<figure class=\"wp-block-gallery has-nested-images columns-default is-cropped wp-block-gallery-2 is-layout-flex wp-block-gallery-is-layout-flex\">\n<figure class=\"wp-block-image size-large is-style-default\"><a href=\"https:\/\/www.nspbr.sk\/web\/wp-content\/uploads\/2023\/05\/IMG_20230511_123618-scaled.jpg\"><img loading=\"lazy\" decoding=\"async\" width=\"1024\" height=\"768\" data-id=\"7072\" src=\"https:\/\/www.nspbr.sk\/web\/wp-content\/uploads\/2023\/05\/IMG_20230511_123618-1024x768.jpg\" alt=\"\" class=\"wp-image-7072\" srcset=\"https:\/\/www.nspbr.sk\/web\/wp-content\/uploads\/2023\/05\/IMG_20230511_123618-1024x768.jpg 1024w, https:\/\/www.nspbr.sk\/web\/wp-content\/uploads\/2023\/05\/IMG_20230511_123618-300x225.jpg 300w, https:\/\/www.nspbr.sk\/web\/wp-content\/uploads\/2023\/05\/IMG_20230511_123618-768x576.jpg 768w, https:\/\/www.nspbr.sk\/web\/wp-content\/uploads\/2023\/05\/IMG_20230511_123618-1536x1152.jpg 1536w, https:\/\/www.nspbr.sk\/web\/wp-content\/uploads\/2023\/05\/IMG_20230511_123618-2048x1536.jpg 2048w, https:\/\/www.nspbr.sk\/web\/wp-content\/uploads\/2023\/05\/IMG_20230511_123618-136x102.jpg 136w\" sizes=\"auto, (max-width: 1024px) 100vw, 1024px\" \/><\/a><\/figure>\n\n\n\n<figure class=\"wp-block-image size-large is-style-default\"><a href=\"https:\/\/www.nspbr.sk\/web\/wp-content\/uploads\/2023\/05\/IMG_20230511_123530-scaled.jpg\"><img loading=\"lazy\" decoding=\"async\" width=\"1024\" height=\"768\" data-id=\"7071\" src=\"https:\/\/www.nspbr.sk\/web\/wp-content\/uploads\/2023\/05\/IMG_20230511_123530-1024x768.jpg\" alt=\"\" class=\"wp-image-7071\" srcset=\"https:\/\/www.nspbr.sk\/web\/wp-content\/uploads\/2023\/05\/IMG_20230511_123530-1024x768.jpg 1024w, https:\/\/www.nspbr.sk\/web\/wp-content\/uploads\/2023\/05\/IMG_20230511_123530-300x225.jpg 300w, https:\/\/www.nspbr.sk\/web\/wp-content\/uploads\/2023\/05\/IMG_20230511_123530-768x576.jpg 768w, https:\/\/www.nspbr.sk\/web\/wp-content\/uploads\/2023\/05\/IMG_20230511_123530-1536x1152.jpg 1536w, https:\/\/www.nspbr.sk\/web\/wp-content\/uploads\/2023\/05\/IMG_20230511_123530-2048x1536.jpg 2048w, https:\/\/www.nspbr.sk\/web\/wp-content\/uploads\/2023\/05\/IMG_20230511_123530-136x102.jpg 136w\" sizes=\"auto, (max-width: 1024px) 100vw, 1024px\" \/><\/a><\/figure>\n\n\n\n<figure class=\"wp-block-image size-large is-style-default\"><a href=\"https:\/\/www.nspbr.sk\/web\/wp-content\/uploads\/2023\/05\/IMG_20230511_123514-scaled.jpg\"><img loading=\"lazy\" decoding=\"async\" width=\"1024\" height=\"768\" data-id=\"7070\" src=\"https:\/\/www.nspbr.sk\/web\/wp-content\/uploads\/2023\/05\/IMG_20230511_123514-1024x768.jpg\" alt=\"\" class=\"wp-image-7070\" srcset=\"https:\/\/www.nspbr.sk\/web\/wp-content\/uploads\/2023\/05\/IMG_20230511_123514-1024x768.jpg 1024w, https:\/\/www.nspbr.sk\/web\/wp-content\/uploads\/2023\/05\/IMG_20230511_123514-300x225.jpg 300w, https:\/\/www.nspbr.sk\/web\/wp-content\/uploads\/2023\/05\/IMG_20230511_123514-768x576.jpg 768w, https:\/\/www.nspbr.sk\/web\/wp-content\/uploads\/2023\/05\/IMG_20230511_123514-1536x1152.jpg 1536w, https:\/\/www.nspbr.sk\/web\/wp-content\/uploads\/2023\/05\/IMG_20230511_123514-2048x1536.jpg 2048w, https:\/\/www.nspbr.sk\/web\/wp-content\/uploads\/2023\/05\/IMG_20230511_123514-136x102.jpg 136w\" sizes=\"auto, (max-width: 1024px) 100vw, 1024px\" \/><\/a><\/figure>\n<\/figure>\n","protected":false},"excerpt":{"rendered":"<p>Lek\u00e1r: MUDr. Martin Mi\u010dej, MUDr. Ivan Dub\u00edny, slu\u017ebukonaj\u00faci lek\u00e1rSestra: \u013dubom\u00edra Novotn\u00e1Telef\u00f3n: 048\/ 2820 546 Pozn: Inform\u00e1cie\/recepcia pre ambulancie 048\/2820 110 je dostupn\u00e1 v be\u017enom pracovnom \u010dase od 7:00 do 15:00. Pre\u010d\u00edtajte si viac o elektronickom objednan\u00ed Miesto: 4. posch. l\u00f4\u017ekov\u00e1 \u010das\u0165 Ordina\u010dn\u00e9 hodiny: &nbsp; predpoludn\u00edm prest\u00e1vka popoludn\u00ed Pondelok 7:00 &#8211; 12:30 12:30 &#8211; 13:00 12:30 [&hellip;]<\/p>\n","protected":false},"author":1,"featured_media":0,"parent":6,"menu_order":0,"comment_status":"closed","ping_status":"closed","template":"","meta":{"_monsterinsights_skip_tracking":false,"_monsterinsights_sitenote_active":false,"_monsterinsights_sitenote_note":"","_monsterinsights_sitenote_category":0,"footnotes":""},"class_list":["post-171","page","type-page","status-publish","hentry"],"_links":{"self":[{"href":"https:\/\/www.nspbr.sk\/web\/wp-json\/wp\/v2\/pages\/171","targetHints":{"allow":["GET"]}}],"collection":[{"href":"https:\/\/www.nspbr.sk\/web\/wp-json\/wp\/v2\/pages"}],"about":[{"href":"https:\/\/www.nspbr.sk\/web\/wp-json\/wp\/v2\/types\/page"}],"author":[{"embeddable":true,"href":"https:\/\/www.nspbr.sk\/web\/wp-json\/wp\/v2\/users\/1"}],"replies":[{"embeddable":true,"href":"https:\/\/www.nspbr.sk\/web\/wp-json\/wp\/v2\/comments?post=171"}],"version-history":[{"count":5,"href":"https:\/\/www.nspbr.sk\/web\/wp-json\/wp\/v2\/pages\/171\/revisions"}],"predecessor-version":[{"id":9800,"href":"https:\/\/www.nspbr.sk\/web\/wp-json\/wp\/v2\/pages\/171\/revisions\/9800"}],"up":[{"embeddable":true,"href":"https:\/\/www.nspbr.sk\/web\/wp-json\/wp\/v2\/pages\/6"}],"wp:attachment":[{"href":"https:\/\/www.nspbr.sk\/web\/wp-json\/wp\/v2\/media?parent=171"}],"curies":[{"name":"wp","href":"https:\/\/api.w.org\/{rel}","templated":true}]}}