{"id":173,"date":"2018-02-20T17:38:00","date_gmt":"2018-02-20T16:38:00","guid":{"rendered":"http:\/\/nspbr.sk\/web\/?page_id=173"},"modified":"2026-03-20T10:00:40","modified_gmt":"2026-03-20T09:00:40","slug":"gynekologicko-porodnicka-ambulancia","status":"publish","type":"page","link":"https:\/\/www.nspbr.sk\/web\/ambulancie\/gynekologicko-porodnicka-ambulancia\/","title":{"rendered":"Gynekologick\u00e1 ambulancia a Gynekologicko-p\u00f4rodn\u00edcka ambulancia: ambulancia pre rizikov\u00fa graviditu"},"content":{"rendered":"\n<p>Lek\u00e1r: <strong>MUDr. Ivan Dub\u00edny, MUDr. Peter Molitoris, MPH, MUDr. Silvia Svin\u010diakov\u00e1<\/strong><\/p>\n\n\n\n<p>P\u00f4rodn\u00e1 asistentka: <strong>Renata Kov\u00e1\u010dov\u00e1<\/strong><br>Telef\u00f3n: <strong>048\/ 2820 331 od 14:00 do 14:45<\/strong><\/p>\n\n\n\n<p><strong>Pozn: Inform\u00e1cie\/recepcia pre ambulancie 048\/2820 110 je dostupn\u00e1 v be\u017enom pracovnom \u010dase od 7:00 do 15:00<\/strong>. <a href=\"https:\/\/www.nspbr.sk\/web\/elektronicke-objednavanie\/\" target=\"_blank\" rel=\"noreferrer noopener\">Pre\u010d\u00edtajte si viac o elektronickom objednan\u00ed<\/a><\/p>\n\n\n\n<p>Miesto: 1. posch. poliklinika v\u013eavo<\/p>\n\n\n\n<p>Ordina\u010dn\u00e9 hodiny:<\/p>\n\n\n\n<figure class=\"wp-block-table\"><table><tbody><tr><th>&nbsp;<\/th><th>predpoludn\u00edm<\/th><th>prest\u00e1vka<\/th><th>popoludn\u00ed<\/th><\/tr><tr><th>Pondelok<\/th><td>7:00 &#8211; 12:30<\/td><td>12:30 &#8211; 13:00<\/td><td>13:00 &#8211; 15:00<\/td><\/tr><tr><th>Utorok<\/th><td>7:00 &#8211; 12:30<\/td><td>12:30 &#8211; 13:00<\/td><td>13:00 &#8211; 15:00<\/td><\/tr><tr><th>Streda<\/th><td>7:00 &#8211; 12:30<\/td><td>12:30 &#8211; 13:00<\/td><td>13:00 &#8211; 15:00<\/td><\/tr><tr><th>\u0160tvrtok<\/th><td>7:00 &#8211; 12:30<\/td><td>12:30 &#8211; 13:00<\/td><td>13:00 &#8211; 15:00<\/td><\/tr><tr><th>Piatok<\/th><td>7:00 &#8211; 12:30<\/td><td>12:30 &#8211; 13:00<\/td><td>13:00 &#8211; 15:00<\/td><\/tr><\/tbody><\/table><\/figure>\n\n\n\n<p>Pozn.: Gynekologick\u00e1 ambulancia je kapitovan\u00e1. <\/p>\n\n\n\n<p>Urogynekologick\u00e1 ambulancia je do\u010dasne zatvoren\u00e1. <\/p>\n\n\n\n<div class=\"wp-block-group is-content-justification-space-between is-nowrap is-layout-flex wp-container-core-group-is-layout-0dfbf163 wp-block-group-is-layout-flex\">\n<p>Zmluvn\u00e9 vz\u0165ahy:<\/p>\n<\/div>\n\n\n\n<figure class=\"wp-block-gallery has-nested-images columns-default wp-block-gallery-1 is-layout-flex wp-block-gallery-is-layout-flex\">\n<figure class=\"wp-block-image size-large is-style-default\"><img loading=\"lazy\" decoding=\"async\" width=\"1024\" height=\"362\" data-id=\"6972\" src=\"https:\/\/www.nspbr.sk\/web\/wp-content\/uploads\/2023\/04\/vszp-1024x362.jpg\" alt=\"\" class=\"wp-image-6972\" srcset=\"https:\/\/www.nspbr.sk\/web\/wp-content\/uploads\/2023\/04\/vszp-1024x362.jpg 1024w, https:\/\/www.nspbr.sk\/web\/wp-content\/uploads\/2023\/04\/vszp-300x106.jpg 300w, https:\/\/www.nspbr.sk\/web\/wp-content\/uploads\/2023\/04\/vszp-768x272.jpg 768w, https:\/\/www.nspbr.sk\/web\/wp-content\/uploads\/2023\/04\/vszp.jpg 1280w\" sizes=\"auto, (max-width: 1024px) 100vw, 1024px\" \/><\/figure>\n\n\n\n<figure class=\"wp-block-image size-full is-style-default\"><img loading=\"lazy\" decoding=\"async\" width=\"676\" height=\"296\" data-id=\"6974\" src=\"https:\/\/www.nspbr.sk\/web\/wp-content\/uploads\/2023\/04\/uzp_logo_zakladne_farebne_0821-676x296-1.jpg\" alt=\"\" class=\"wp-image-6974\" srcset=\"https:\/\/www.nspbr.sk\/web\/wp-content\/uploads\/2023\/04\/uzp_logo_zakladne_farebne_0821-676x296-1.jpg 676w, https:\/\/www.nspbr.sk\/web\/wp-content\/uploads\/2023\/04\/uzp_logo_zakladne_farebne_0821-676x296-1-300x131.jpg 300w\" sizes=\"auto, (max-width: 676px) 100vw, 676px\" \/><\/figure>\n\n\n\n<figure class=\"wp-block-image size-large is-style-default\"><img loading=\"lazy\" decoding=\"async\" width=\"471\" height=\"107\" data-id=\"6970\" src=\"https:\/\/www.nspbr.sk\/web\/wp-content\/uploads\/2023\/04\/dovera.png\" alt=\"\" class=\"wp-image-6970\" srcset=\"https:\/\/www.nspbr.sk\/web\/wp-content\/uploads\/2023\/04\/dovera.png 471w, https:\/\/www.nspbr.sk\/web\/wp-content\/uploads\/2023\/04\/dovera-300x68.png 300w\" sizes=\"auto, (max-width: 471px) 100vw, 471px\" \/><\/figure>\n<\/figure>\n\n\n\n<figure class=\"wp-block-gallery has-nested-images columns-default is-cropped wp-block-gallery-2 is-layout-flex wp-block-gallery-is-layout-flex\">\n<figure class=\"wp-block-image size-large is-style-default\"><a href=\"https:\/\/www.nspbr.sk\/web\/wp-content\/uploads\/2023\/04\/IMG_20230424_135517-scaled.jpg\"><img loading=\"lazy\" decoding=\"async\" width=\"1024\" height=\"768\" data-id=\"6963\" src=\"https:\/\/www.nspbr.sk\/web\/wp-content\/uploads\/2023\/04\/IMG_20230424_135517-1024x768.jpg\" alt=\"\" class=\"wp-image-6963\" srcset=\"https:\/\/www.nspbr.sk\/web\/wp-content\/uploads\/2023\/04\/IMG_20230424_135517-1024x768.jpg 1024w, https:\/\/www.nspbr.sk\/web\/wp-content\/uploads\/2023\/04\/IMG_20230424_135517-300x225.jpg 300w, https:\/\/www.nspbr.sk\/web\/wp-content\/uploads\/2023\/04\/IMG_20230424_135517-768x576.jpg 768w, https:\/\/www.nspbr.sk\/web\/wp-content\/uploads\/2023\/04\/IMG_20230424_135517-1536x1152.jpg 1536w, https:\/\/www.nspbr.sk\/web\/wp-content\/uploads\/2023\/04\/IMG_20230424_135517-2048x1536.jpg 2048w, https:\/\/www.nspbr.sk\/web\/wp-content\/uploads\/2023\/04\/IMG_20230424_135517-136x102.jpg 136w\" sizes=\"auto, (max-width: 1024px) 100vw, 1024px\" \/><\/a><\/figure>\n\n\n\n<figure class=\"wp-block-image size-large is-style-default\"><a href=\"https:\/\/www.nspbr.sk\/web\/wp-content\/uploads\/2023\/04\/IMG_20230424_135537-scaled.jpg\"><img loading=\"lazy\" decoding=\"async\" width=\"1024\" height=\"914\" data-id=\"6964\" src=\"https:\/\/www.nspbr.sk\/web\/wp-content\/uploads\/2023\/04\/IMG_20230424_135537-1024x914.jpg\" alt=\"\" class=\"wp-image-6964\" srcset=\"https:\/\/www.nspbr.sk\/web\/wp-content\/uploads\/2023\/04\/IMG_20230424_135537-1024x914.jpg 1024w, https:\/\/www.nspbr.sk\/web\/wp-content\/uploads\/2023\/04\/IMG_20230424_135537-300x268.jpg 300w, https:\/\/www.nspbr.sk\/web\/wp-content\/uploads\/2023\/04\/IMG_20230424_135537-768x686.jpg 768w, https:\/\/www.nspbr.sk\/web\/wp-content\/uploads\/2023\/04\/IMG_20230424_135537-1536x1371.jpg 1536w, https:\/\/www.nspbr.sk\/web\/wp-content\/uploads\/2023\/04\/IMG_20230424_135537-2048x1829.jpg 2048w\" sizes=\"auto, (max-width: 1024px) 100vw, 1024px\" \/><\/a><\/figure>\n\n\n\n<figure class=\"wp-block-image size-large is-style-default\"><a href=\"https:\/\/www.nspbr.sk\/web\/wp-content\/uploads\/2023\/04\/IMG_20230424_135616-scaled.jpg\"><img loading=\"lazy\" decoding=\"async\" width=\"1024\" height=\"768\" data-id=\"6965\" src=\"https:\/\/www.nspbr.sk\/web\/wp-content\/uploads\/2023\/04\/IMG_20230424_135616-1024x768.jpg\" alt=\"\" class=\"wp-image-6965\" srcset=\"https:\/\/www.nspbr.sk\/web\/wp-content\/uploads\/2023\/04\/IMG_20230424_135616-1024x768.jpg 1024w, https:\/\/www.nspbr.sk\/web\/wp-content\/uploads\/2023\/04\/IMG_20230424_135616-300x225.jpg 300w, https:\/\/www.nspbr.sk\/web\/wp-content\/uploads\/2023\/04\/IMG_20230424_135616-768x576.jpg 768w, https:\/\/www.nspbr.sk\/web\/wp-content\/uploads\/2023\/04\/IMG_20230424_135616-1536x1152.jpg 1536w, https:\/\/www.nspbr.sk\/web\/wp-content\/uploads\/2023\/04\/IMG_20230424_135616-2048x1536.jpg 2048w, https:\/\/www.nspbr.sk\/web\/wp-content\/uploads\/2023\/04\/IMG_20230424_135616-136x102.jpg 136w\" sizes=\"auto, (max-width: 1024px) 100vw, 1024px\" \/><\/a><\/figure>\n\n\n\n<figure class=\"wp-block-image size-large is-style-default\"><a href=\"https:\/\/www.nspbr.sk\/web\/wp-content\/uploads\/2023\/04\/IMG_20230424_135655-scaled.jpg\"><img loading=\"lazy\" decoding=\"async\" width=\"1024\" height=\"768\" data-id=\"6966\" src=\"https:\/\/www.nspbr.sk\/web\/wp-content\/uploads\/2023\/04\/IMG_20230424_135655-1024x768.jpg\" alt=\"\" class=\"wp-image-6966\" srcset=\"https:\/\/www.nspbr.sk\/web\/wp-content\/uploads\/2023\/04\/IMG_20230424_135655-1024x768.jpg 1024w, https:\/\/www.nspbr.sk\/web\/wp-content\/uploads\/2023\/04\/IMG_20230424_135655-300x225.jpg 300w, https:\/\/www.nspbr.sk\/web\/wp-content\/uploads\/2023\/04\/IMG_20230424_135655-768x576.jpg 768w, https:\/\/www.nspbr.sk\/web\/wp-content\/uploads\/2023\/04\/IMG_20230424_135655-1536x1152.jpg 1536w, https:\/\/www.nspbr.sk\/web\/wp-content\/uploads\/2023\/04\/IMG_20230424_135655-2048x1536.jpg 2048w, https:\/\/www.nspbr.sk\/web\/wp-content\/uploads\/2023\/04\/IMG_20230424_135655-136x102.jpg 136w\" sizes=\"auto, (max-width: 1024px) 100vw, 1024px\" \/><\/a><\/figure>\n\n\n\n<figure class=\"wp-block-image size-large is-style-default\"><a href=\"https:\/\/www.nspbr.sk\/web\/wp-content\/uploads\/2023\/04\/IMG_20230424_135728-scaled.jpg\"><img loading=\"lazy\" decoding=\"async\" width=\"1024\" height=\"768\" data-id=\"6967\" src=\"https:\/\/www.nspbr.sk\/web\/wp-content\/uploads\/2023\/04\/IMG_20230424_135728-1024x768.jpg\" alt=\"\" class=\"wp-image-6967\" srcset=\"https:\/\/www.nspbr.sk\/web\/wp-content\/uploads\/2023\/04\/IMG_20230424_135728-1024x768.jpg 1024w, https:\/\/www.nspbr.sk\/web\/wp-content\/uploads\/2023\/04\/IMG_20230424_135728-300x225.jpg 300w, https:\/\/www.nspbr.sk\/web\/wp-content\/uploads\/2023\/04\/IMG_20230424_135728-768x576.jpg 768w, https:\/\/www.nspbr.sk\/web\/wp-content\/uploads\/2023\/04\/IMG_20230424_135728-1536x1152.jpg 1536w, https:\/\/www.nspbr.sk\/web\/wp-content\/uploads\/2023\/04\/IMG_20230424_135728-2048x1536.jpg 2048w, https:\/\/www.nspbr.sk\/web\/wp-content\/uploads\/2023\/04\/IMG_20230424_135728-136x102.jpg 136w\" sizes=\"auto, (max-width: 1024px) 100vw, 1024px\" \/><\/a><\/figure>\n\n\n\n<figure class=\"wp-block-image size-large is-style-default\"><a href=\"https:\/\/www.nspbr.sk\/web\/wp-content\/uploads\/2023\/04\/IMG_20230424_135920-scaled.jpg\"><img loading=\"lazy\" decoding=\"async\" width=\"1024\" height=\"492\" data-id=\"6968\" src=\"https:\/\/www.nspbr.sk\/web\/wp-content\/uploads\/2023\/04\/IMG_20230424_135920-1024x492.jpg\" alt=\"\" class=\"wp-image-6968\" srcset=\"https:\/\/www.nspbr.sk\/web\/wp-content\/uploads\/2023\/04\/IMG_20230424_135920-1024x492.jpg 1024w, https:\/\/www.nspbr.sk\/web\/wp-content\/uploads\/2023\/04\/IMG_20230424_135920-300x144.jpg 300w, https:\/\/www.nspbr.sk\/web\/wp-content\/uploads\/2023\/04\/IMG_20230424_135920-768x369.jpg 768w, https:\/\/www.nspbr.sk\/web\/wp-content\/uploads\/2023\/04\/IMG_20230424_135920-1536x737.jpg 1536w, https:\/\/www.nspbr.sk\/web\/wp-content\/uploads\/2023\/04\/IMG_20230424_135920-2048x983.jpg 2048w\" sizes=\"auto, (max-width: 1024px) 100vw, 1024px\" \/><\/a><\/figure>\n\n\n\n<figure class=\"wp-block-image size-large is-style-default\"><a href=\"https:\/\/www.nspbr.sk\/web\/wp-content\/uploads\/2023\/04\/IMG_20230424_140045-scaled.jpg\"><img loading=\"lazy\" decoding=\"async\" width=\"1024\" height=\"768\" data-id=\"6969\" src=\"https:\/\/www.nspbr.sk\/web\/wp-content\/uploads\/2023\/04\/IMG_20230424_140045-1024x768.jpg\" alt=\"\" class=\"wp-image-6969\" srcset=\"https:\/\/www.nspbr.sk\/web\/wp-content\/uploads\/2023\/04\/IMG_20230424_140045-1024x768.jpg 1024w, https:\/\/www.nspbr.sk\/web\/wp-content\/uploads\/2023\/04\/IMG_20230424_140045-300x225.jpg 300w, https:\/\/www.nspbr.sk\/web\/wp-content\/uploads\/2023\/04\/IMG_20230424_140045-768x576.jpg 768w, https:\/\/www.nspbr.sk\/web\/wp-content\/uploads\/2023\/04\/IMG_20230424_140045-1536x1152.jpg 1536w, https:\/\/www.nspbr.sk\/web\/wp-content\/uploads\/2023\/04\/IMG_20230424_140045-2048x1536.jpg 2048w, https:\/\/www.nspbr.sk\/web\/wp-content\/uploads\/2023\/04\/IMG_20230424_140045-136x102.jpg 136w\" sizes=\"auto, (max-width: 1024px) 100vw, 1024px\" \/><\/a><\/figure>\n\n\n\n<figure class=\"wp-block-image size-large is-style-default\"><a href=\"https:\/\/www.nspbr.sk\/web\/wp-content\/uploads\/2021\/05\/IMG_20210503_152229-scaled.jpg\"><img loading=\"lazy\" decoding=\"async\" width=\"1024\" height=\"768\" data-id=\"5044\" src=\"https:\/\/www.nspbr.sk\/web\/wp-content\/uploads\/2021\/05\/IMG_20210503_152229-1024x768.jpg\" alt=\"\" class=\"wp-image-5044\" srcset=\"https:\/\/www.nspbr.sk\/web\/wp-content\/uploads\/2021\/05\/IMG_20210503_152229-1024x768.jpg 1024w, https:\/\/www.nspbr.sk\/web\/wp-content\/uploads\/2021\/05\/IMG_20210503_152229-300x225.jpg 300w, https:\/\/www.nspbr.sk\/web\/wp-content\/uploads\/2021\/05\/IMG_20210503_152229-768x576.jpg 768w, https:\/\/www.nspbr.sk\/web\/wp-content\/uploads\/2021\/05\/IMG_20210503_152229-1536x1152.jpg 1536w, https:\/\/www.nspbr.sk\/web\/wp-content\/uploads\/2021\/05\/IMG_20210503_152229-2048x1536.jpg 2048w, https:\/\/www.nspbr.sk\/web\/wp-content\/uploads\/2021\/05\/IMG_20210503_152229-136x102.jpg 136w\" sizes=\"auto, (max-width: 1024px) 100vw, 1024px\" \/><\/a><\/figure>\n<\/figure>\n","protected":false},"excerpt":{"rendered":"<p>Lek\u00e1r: MUDr. Ivan Dub\u00edny, MUDr. Peter Molitoris, MPH, MUDr. Silvia Svin\u010diakov\u00e1 P\u00f4rodn\u00e1 asistentka: Renata Kov\u00e1\u010dov\u00e1Telef\u00f3n: 048\/ 2820 331 od 14:00 do 14:45 Pozn: Inform\u00e1cie\/recepcia pre ambulancie 048\/2820 110 je dostupn\u00e1 v be\u017enom pracovnom \u010dase od 7:00 do 15:00. Pre\u010d\u00edtajte si viac o elektronickom objednan\u00ed Miesto: 1. posch. poliklinika v\u013eavo Ordina\u010dn\u00e9 hodiny: &nbsp; predpoludn\u00edm prest\u00e1vka popoludn\u00ed [&hellip;]<\/p>\n","protected":false},"author":1,"featured_media":0,"parent":6,"menu_order":0,"comment_status":"closed","ping_status":"closed","template":"","meta":{"_monsterinsights_skip_tracking":false,"_monsterinsights_sitenote_active":false,"_monsterinsights_sitenote_note":"","_monsterinsights_sitenote_category":0,"footnotes":""},"class_list":["post-173","page","type-page","status-publish","hentry"],"_links":{"self":[{"href":"https:\/\/www.nspbr.sk\/web\/wp-json\/wp\/v2\/pages\/173","targetHints":{"allow":["GET"]}}],"collection":[{"href":"https:\/\/www.nspbr.sk\/web\/wp-json\/wp\/v2\/pages"}],"about":[{"href":"https:\/\/www.nspbr.sk\/web\/wp-json\/wp\/v2\/types\/page"}],"author":[{"embeddable":true,"href":"https:\/\/www.nspbr.sk\/web\/wp-json\/wp\/v2\/users\/1"}],"replies":[{"embeddable":true,"href":"https:\/\/www.nspbr.sk\/web\/wp-json\/wp\/v2\/comments?post=173"}],"version-history":[{"count":5,"href":"https:\/\/www.nspbr.sk\/web\/wp-json\/wp\/v2\/pages\/173\/revisions"}],"predecessor-version":[{"id":9812,"href":"https:\/\/www.nspbr.sk\/web\/wp-json\/wp\/v2\/pages\/173\/revisions\/9812"}],"up":[{"embeddable":true,"href":"https:\/\/www.nspbr.sk\/web\/wp-json\/wp\/v2\/pages\/6"}],"wp:attachment":[{"href":"https:\/\/www.nspbr.sk\/web\/wp-json\/wp\/v2\/media?parent=173"}],"curies":[{"name":"wp","href":"https:\/\/api.w.org\/{rel}","templated":true}]}}