{"id":177,"date":"2018-02-20T17:39:21","date_gmt":"2018-02-20T16:39:21","guid":{"rendered":"http:\/\/nspbr.sk\/web\/?page_id=177"},"modified":"2025-05-28T11:02:09","modified_gmt":"2025-05-28T09:02:09","slug":"interna-ambulancia","status":"publish","type":"page","link":"https:\/\/www.nspbr.sk\/web\/ambulancie\/interna-ambulancia\/","title":{"rendered":"Intern\u00e1 ambulancia"},"content":{"rendered":"\n<h1 class=\"wp-block-heading\">Ambulancia vn\u00fatorn\u00e9ho lek\u00e1rstva<\/h1>\n\n\n\n<p>Lek\u00e1r: <strong>MUDr. Em\u00edlia Zlevsk\u00e1, MUDr. Daniela \u0160tellerov\u00e1, MUDr. Monika Mar\u010dokov\u00e1<\/strong><br>Sestra: <strong>Zuzana Petr\u00edkov\u00e1<\/strong><br>Telef\u00f3n: <strong>048\/ 2820 459<\/strong><\/p>\n\n\n\n<p>Miesto: 2. posch. hlavn\u00e1 budova<\/p>\n\n\n\n<p><em><strong>Od 1.6. bude ambulancia ordinova\u0165 v obmedzenom re\u017eime<\/strong><\/em><\/p>\n\n\n\n<p><em><strong>Utorok a Stredu ordinujem a \u0160tvrtok prepisujeme lieky na\u0161im pacientom.<\/strong><\/em><\/p>\n\n\n\n<p><em><strong>Vzniknut\u00e1 situ\u00e1cia n\u00e1s mrz\u00ed, sna\u017e\u00edme sa ju rie\u0161i\u0165.<\/strong><\/em><\/p>\n\n\n\n<p><strong>Pozn: Inform\u00e1cie\/recepcia pre ambulancie 048\/2820 110 je dostupn\u00e1 v be\u017enom pracovnom \u010dase od 7:00 do 15:00<\/strong>. <a href=\"https:\/\/www.nspbr.sk\/web\/elektronicke-objednavanie\/\" target=\"_blank\" rel=\"noreferrer noopener\">Pre\u010d\u00edtajte si viac o elektronickom objednan\u00ed<\/a><\/p>\n\n\n\n<p>Ordina\u010dn\u00e9 hodiny:<\/p>\n\n\n\n<figure class=\"wp-block-table\"><table class=\"has-fixed-layout\"><tbody><tr><th>&nbsp;<\/th><th>predpoludn\u00edm<\/th><th>prest\u00e1vka<\/th><th>popoludn\u00ed<\/th><\/tr><tr><th>Pondelok<\/th><td>7:00 &#8211; 12:00<\/td><td>12:00 &#8211; 12:30<\/td><td>12:30 &#8211; 15:00<\/td><\/tr><tr><th>Utorok<\/th><td>7:00 &#8211; 12:00<\/td><td>12:00 &#8211; 12:30<\/td><td>12:30 &#8211; 15:00<\/td><\/tr><tr><th>Streda<\/th><td>7:00 &#8211; 12:00<\/td><td>12:00 &#8211; 12:30<\/td><td>12:30 &#8211; 15:00<\/td><\/tr><tr><th>\u0160tvrtok<\/th><td>7:00 &#8211; 12:00<\/td><td>12:00 &#8211; 12:30<\/td><td>12:30 &#8211; 15:00<\/td><\/tr><tr><th>Piatok<\/th><td>7:00 &#8211; 12:00<\/td><td>12:00 &#8211; 12:30<\/td><td>12:30 &#8211; 15:00<\/td><\/tr><\/tbody><\/table><\/figure>\n\n\n\n<p>Pozn.:<br>7:00 &#8211; 8:00 Odbery na Warfar\u00edn<\/p>\n\n\n\n<p>Zmluvn\u00e9 vz\u0165ahy:<\/p>\n\n\n\n<div class=\"wp-block-columns is-layout-flex wp-container-core-columns-is-layout-9d6595d7 wp-block-columns-is-layout-flex\">\n<div class=\"wp-block-column is-layout-flow wp-block-column-is-layout-flow\" style=\"flex-basis:100%\">\n<figure class=\"wp-block-gallery has-nested-images columns-default wp-block-gallery-1 is-layout-flex wp-block-gallery-is-layout-flex\">\n<figure class=\"wp-block-image size-large is-resized is-style-default\"><img loading=\"lazy\" decoding=\"async\" width=\"249\" height=\"300\" data-id=\"1118\" src=\"https:\/\/www.nspbr.sk\/web\/wp-content\/uploads\/2018\/10\/sys_media_8493.jpg\" alt=\"\" class=\"wp-image-1118\" style=\"width:208px;height:auto\"\/><\/figure>\n\n\n\n<figure class=\"wp-block-image size-large is-resized\"><img loading=\"lazy\" decoding=\"async\" width=\"420\" height=\"120\" data-id=\"1120\" src=\"https:\/\/www.nspbr.sk\/web\/wp-content\/uploads\/2018\/10\/dovera.png\" alt=\"\" class=\"wp-image-1120\" style=\"width:289px;height:auto\" srcset=\"https:\/\/www.nspbr.sk\/web\/wp-content\/uploads\/2018\/10\/dovera.png 420w, https:\/\/www.nspbr.sk\/web\/wp-content\/uploads\/2018\/10\/dovera-300x86.png 300w\" sizes=\"auto, (max-width: 420px) 100vw, 420px\" \/><\/figure>\n\n\n\n<figure class=\"wp-block-image size-large is-resized is-style-default\"><img loading=\"lazy\" decoding=\"async\" width=\"700\" height=\"394\" data-id=\"1119\" src=\"https:\/\/www.nspbr.sk\/web\/wp-content\/uploads\/2018\/10\/union.jpg\" alt=\"\" class=\"wp-image-1119\" style=\"width:192px;height:auto\" srcset=\"https:\/\/www.nspbr.sk\/web\/wp-content\/uploads\/2018\/10\/union.jpg 700w, https:\/\/www.nspbr.sk\/web\/wp-content\/uploads\/2018\/10\/union-300x169.jpg 300w\" sizes=\"auto, (max-width: 700px) 100vw, 700px\" \/><\/figure>\n<\/figure>\n<\/div>\n<\/div>\n","protected":false},"excerpt":{"rendered":"<p>Ambulancia vn\u00fatorn\u00e9ho lek\u00e1rstva Lek\u00e1r: MUDr. Em\u00edlia Zlevsk\u00e1, MUDr. Daniela \u0160tellerov\u00e1, MUDr. Monika Mar\u010dokov\u00e1Sestra: Zuzana Petr\u00edkov\u00e1Telef\u00f3n: 048\/ 2820 459 Miesto: 2. posch. hlavn\u00e1 budova Od 1.6. bude ambulancia ordinova\u0165 v obmedzenom re\u017eime Utorok a Stredu ordinujem a \u0160tvrtok prepisujeme lieky na\u0161im pacientom. Vzniknut\u00e1 situ\u00e1cia n\u00e1s mrz\u00ed, sna\u017e\u00edme sa ju rie\u0161i\u0165. Pozn: Inform\u00e1cie\/recepcia pre ambulancie 048\/2820 110 [&hellip;]<\/p>\n","protected":false},"author":1,"featured_media":0,"parent":6,"menu_order":0,"comment_status":"closed","ping_status":"closed","template":"","meta":{"_monsterinsights_skip_tracking":false,"_monsterinsights_sitenote_active":false,"_monsterinsights_sitenote_note":"","_monsterinsights_sitenote_category":0,"footnotes":""},"class_list":["post-177","page","type-page","status-publish","hentry"],"_links":{"self":[{"href":"https:\/\/www.nspbr.sk\/web\/wp-json\/wp\/v2\/pages\/177","targetHints":{"allow":["GET"]}}],"collection":[{"href":"https:\/\/www.nspbr.sk\/web\/wp-json\/wp\/v2\/pages"}],"about":[{"href":"https:\/\/www.nspbr.sk\/web\/wp-json\/wp\/v2\/types\/page"}],"author":[{"embeddable":true,"href":"https:\/\/www.nspbr.sk\/web\/wp-json\/wp\/v2\/users\/1"}],"replies":[{"embeddable":true,"href":"https:\/\/www.nspbr.sk\/web\/wp-json\/wp\/v2\/comments?post=177"}],"version-history":[{"count":5,"href":"https:\/\/www.nspbr.sk\/web\/wp-json\/wp\/v2\/pages\/177\/revisions"}],"predecessor-version":[{"id":9129,"href":"https:\/\/www.nspbr.sk\/web\/wp-json\/wp\/v2\/pages\/177\/revisions\/9129"}],"up":[{"embeddable":true,"href":"https:\/\/www.nspbr.sk\/web\/wp-json\/wp\/v2\/pages\/6"}],"wp:attachment":[{"href":"https:\/\/www.nspbr.sk\/web\/wp-json\/wp\/v2\/media?parent=177"}],"curies":[{"name":"wp","href":"https:\/\/api.w.org\/{rel}","templated":true}]}}