{"id":179,"date":"2018-02-20T17:39:50","date_gmt":"2018-02-20T16:39:50","guid":{"rendered":"http:\/\/nspbr.sk\/web\/?page_id=179"},"modified":"2025-05-29T08:11:36","modified_gmt":"2025-05-29T06:11:36","slug":"kardiologicka-ambulancia-i","status":"publish","type":"page","link":"https:\/\/www.nspbr.sk\/web\/ambulancie\/kardiologicka-ambulancia-i\/","title":{"rendered":"Kardiologick\u00e1 ambulancia I."},"content":{"rendered":"\n<p>Lek\u00e1r: <strong>MUDr. \u013dubom\u00edr Antal\u00edk<\/strong><br>Sestra: <strong>Mgr. Zuzana Kockov\u00e1<\/strong><br>Telef\u00f3n: <strong>048\/ 2820 178 od 12:00 do 13:00<\/strong><\/p>\n\n\n\n<p><strong>Pozn: Inform\u00e1cie\/recepcia pre ambulancie 048\/2820 110 je dostupn\u00e1 v be\u017enom pracovnom \u010dase od 7:00 do 15:00<\/strong>. <a href=\"https:\/\/www.nspbr.sk\/web\/elektronicke-objednavanie\/\" target=\"_blank\" rel=\"noreferrer noopener\">Pre\u010d\u00edtajte si viac o elektronickom objednan\u00ed<\/a><\/p>\n\n\n\n<p>Miesto: 4. posch. hlavn\u00e1 budova<\/p>\n\n\n\n<p>Ordina\u010dn\u00e9 hodiny:<\/p>\n\n\n\n<figure class=\"wp-block-table\"><table class=\"has-fixed-layout\"><tbody><tr><th>&nbsp;<\/th><th>predpoludn\u00edm<\/th><th>prest\u00e1vka<\/th><th>popoludn\u00ed<\/th><\/tr><tr><th>Pondelok<\/th><td>neordinuje sa<\/td><td>neordinuje sa<\/td><td>neordinuje sa<\/td><\/tr><tr><th>Utorok<\/th><td>7:00 &#8211; 12:00<\/td><td>12:00 &#8211; 12:30<\/td><td>12:30 &#8211; 15:00<\/td><\/tr><tr><th>Streda<\/th><td>7:00 &#8211; 12:00<\/td><td>12:00 &#8211; 12:30<\/td><td>12:30 &#8211; 15:00<\/td><\/tr><tr><th>\u0160tvrtok<\/th><td>7:00 &#8211; 12:00<\/td><td>12:00 &#8211; 12:30<\/td><td>12:30 &#8211; 15:00<\/td><\/tr><tr><th>Piatok<\/th><td>7:00 &#8211; 12:00<\/td><td>12:00 &#8211; 12:30<\/td><td>12:30 &#8211; 15:00<\/td><\/tr><\/tbody><\/table><\/figure>\n\n\n\n<p>Pozn.:<br>7:00 &#8211; 14:00 Pondelok &#8211; holter EKG, holter TK<\/p>\n\n\n\n<p>Zmluvn\u00e9 vz\u0165ahy:<\/p>\n\n\n\n<figure class=\"wp-block-gallery has-nested-images columns-default wp-block-gallery-1 is-layout-flex wp-block-gallery-is-layout-flex\">\n<figure class=\"wp-block-image size-large\"><img loading=\"lazy\" decoding=\"async\" width=\"249\" height=\"300\" data-id=\"1118\" src=\"https:\/\/www.nspbr.sk\/web\/wp-content\/uploads\/2018\/10\/sys_media_8493.jpg\" alt=\"\" class=\"wp-image-1118\"\/><\/figure>\n\n\n\n<figure class=\"wp-block-image size-large\"><img loading=\"lazy\" decoding=\"async\" width=\"700\" height=\"394\" data-id=\"1119\" src=\"https:\/\/www.nspbr.sk\/web\/wp-content\/uploads\/2018\/10\/union.jpg\" alt=\"\" class=\"wp-image-1119\" srcset=\"https:\/\/www.nspbr.sk\/web\/wp-content\/uploads\/2018\/10\/union.jpg 700w, https:\/\/www.nspbr.sk\/web\/wp-content\/uploads\/2018\/10\/union-300x169.jpg 300w\" sizes=\"auto, (max-width: 700px) 100vw, 700px\" \/><\/figure>\n\n\n\n<figure class=\"wp-block-image size-large\"><img loading=\"lazy\" decoding=\"async\" width=\"420\" height=\"120\" data-id=\"1120\" src=\"https:\/\/www.nspbr.sk\/web\/wp-content\/uploads\/2018\/10\/dovera.png\" alt=\"\" class=\"wp-image-1120\" srcset=\"https:\/\/www.nspbr.sk\/web\/wp-content\/uploads\/2018\/10\/dovera.png 420w, https:\/\/www.nspbr.sk\/web\/wp-content\/uploads\/2018\/10\/dovera-300x86.png 300w\" sizes=\"auto, (max-width: 420px) 100vw, 420px\" \/><\/figure>\n<\/figure>\n","protected":false},"excerpt":{"rendered":"<p>Lek\u00e1r: MUDr. \u013dubom\u00edr Antal\u00edkSestra: Mgr. Zuzana Kockov\u00e1Telef\u00f3n: 048\/ 2820 178 od 12:00 do 13:00 Pozn: Inform\u00e1cie\/recepcia pre ambulancie 048\/2820 110 je dostupn\u00e1 v be\u017enom pracovnom \u010dase od 7:00 do 15:00. Pre\u010d\u00edtajte si viac o elektronickom objednan\u00ed Miesto: 4. posch. hlavn\u00e1 budova Ordina\u010dn\u00e9 hodiny: &nbsp; predpoludn\u00edm prest\u00e1vka popoludn\u00ed Pondelok neordinuje sa neordinuje sa neordinuje sa Utorok [&hellip;]<\/p>\n","protected":false},"author":1,"featured_media":0,"parent":6,"menu_order":0,"comment_status":"closed","ping_status":"closed","template":"","meta":{"_monsterinsights_skip_tracking":false,"_monsterinsights_sitenote_active":false,"_monsterinsights_sitenote_note":"","_monsterinsights_sitenote_category":0,"footnotes":""},"class_list":["post-179","page","type-page","status-publish","hentry"],"_links":{"self":[{"href":"https:\/\/www.nspbr.sk\/web\/wp-json\/wp\/v2\/pages\/179","targetHints":{"allow":["GET"]}}],"collection":[{"href":"https:\/\/www.nspbr.sk\/web\/wp-json\/wp\/v2\/pages"}],"about":[{"href":"https:\/\/www.nspbr.sk\/web\/wp-json\/wp\/v2\/types\/page"}],"author":[{"embeddable":true,"href":"https:\/\/www.nspbr.sk\/web\/wp-json\/wp\/v2\/users\/1"}],"replies":[{"embeddable":true,"href":"https:\/\/www.nspbr.sk\/web\/wp-json\/wp\/v2\/comments?post=179"}],"version-history":[{"count":5,"href":"https:\/\/www.nspbr.sk\/web\/wp-json\/wp\/v2\/pages\/179\/revisions"}],"predecessor-version":[{"id":9156,"href":"https:\/\/www.nspbr.sk\/web\/wp-json\/wp\/v2\/pages\/179\/revisions\/9156"}],"up":[{"embeddable":true,"href":"https:\/\/www.nspbr.sk\/web\/wp-json\/wp\/v2\/pages\/6"}],"wp:attachment":[{"href":"https:\/\/www.nspbr.sk\/web\/wp-json\/wp\/v2\/media?parent=179"}],"curies":[{"name":"wp","href":"https:\/\/api.w.org\/{rel}","templated":true}]}}