{"id":183,"date":"2023-01-20T13:10:26","date_gmt":"2023-01-20T12:10:26","guid":{"rendered":"http:\/\/nspbr.sk\/web\/?page_id=183"},"modified":"2026-03-24T07:37:26","modified_gmt":"2026-03-24T06:37:26","slug":"nefrologicka-ambulancia","status":"publish","type":"page","link":"https:\/\/www.nspbr.sk\/web\/ambulancie\/nefrologicka-ambulancia\/","title":{"rendered":"Nefrologick\u00e1 ambulancia"},"content":{"rendered":"\n<p>Lek\u00e1r: <strong>MUDr. Monika Mar\u010dokov\u00e1, Tetiana Vakulenko<\/strong><br>Sestra: <strong>Mgr. Andrea Beraxov\u00e1<\/strong><br>Telef\u00f3n: <strong>048\/2820 227 od 11:00 do 12:30 a od 14:00 do 14:45<\/strong><\/p>\n\n\n\n<p><strong>Pozn: Inform\u00e1cie\/recepcia pre ambulancie 048\/2820 110 je dostupn\u00e1 v be\u017enom pracovnom \u010dase od 7:00 do 15:00<\/strong>. <a href=\"https:\/\/www.nspbr.sk\/web\/elektronicke-objednavanie\/\" target=\"_blank\" rel=\"noreferrer noopener\">Pre\u010d\u00edtajte si viac o elektronickom objednan\u00ed<\/a><\/p>\n\n\n\n<p>Miesto: pr\u00edzemie pri oddelen\u00ed dial\u00fdzy, ved\u013ea vr\u00e1tnice<\/p>\n\n\n\n<p>Ordina\u010dn\u00e9 hodiny:<\/p>\n\n\n\n<figure class=\"wp-block-table\"><table class=\"has-fixed-layout\"><tbody><tr><th>&nbsp;<\/th><th>prepodludn\u00edm<\/th><th>prest\u00e1vka<\/th><th>popoludn\u00ed<\/th><\/tr><tr><th>Pondelok<\/th><td>7:00 &#8211; 12:30<\/td><td>12:30 &#8211; 13:00<\/td><td>13:00 &#8211; 15:00<\/td><\/tr><tr><th>Utorok<\/th><td>neordinuje sa<\/td><td>neordinuje sa<\/td><td>neordinuje sa<\/td><\/tr><tr><th>Streda<\/th><td>neordinuje sa<\/td><td>neordinuje sa<\/td><td>neordinuje sa<\/td><\/tr><tr><th>\u0160tvrtok<\/th><td>7:00 &#8211; 12:30<\/td><td>12:30 &#8211; 13:00<\/td><td>13:00 &#8211; 15:00<\/td><\/tr><tr><th>Piatok<\/th><td>neordinuje sa<\/td><td>neordinuje sa<\/td><td>neordinuje sa<\/td><\/tr><\/tbody><\/table><\/figure>\n\n\n\n<p>Pozn.:<br>13:00 &#8211; 15:00 Konz\u00edli\u00e1, Administrat\u00edva<\/p>\n\n\n\n<p>Zmluvn\u00e9 vz\u0165ahy:<\/p>\n\n\n\n<figure class=\"wp-block-gallery has-nested-images columns-default wp-block-gallery-1 is-layout-flex wp-block-gallery-is-layout-flex\">\n<figure class=\"wp-block-image size-large\"><img loading=\"lazy\" decoding=\"async\" width=\"249\" height=\"300\" data-id=\"1118\" src=\"https:\/\/www.nspbr.sk\/web\/wp-content\/uploads\/2018\/10\/sys_media_8493.jpg\" alt=\"\" class=\"wp-image-1118\"\/><\/figure>\n\n\n\n<figure class=\"wp-block-image size-large\"><img loading=\"lazy\" decoding=\"async\" width=\"700\" height=\"394\" data-id=\"1119\" src=\"https:\/\/www.nspbr.sk\/web\/wp-content\/uploads\/2018\/10\/union.jpg\" alt=\"\" class=\"wp-image-1119\" srcset=\"https:\/\/www.nspbr.sk\/web\/wp-content\/uploads\/2018\/10\/union.jpg 700w, https:\/\/www.nspbr.sk\/web\/wp-content\/uploads\/2018\/10\/union-300x169.jpg 300w\" sizes=\"auto, (max-width: 700px) 100vw, 700px\" \/><\/figure>\n\n\n\n<figure class=\"wp-block-image size-large\"><img loading=\"lazy\" decoding=\"async\" width=\"420\" height=\"120\" data-id=\"1120\" src=\"https:\/\/www.nspbr.sk\/web\/wp-content\/uploads\/2018\/10\/dovera.png\" alt=\"\" class=\"wp-image-1120\" srcset=\"https:\/\/www.nspbr.sk\/web\/wp-content\/uploads\/2018\/10\/dovera.png 420w, https:\/\/www.nspbr.sk\/web\/wp-content\/uploads\/2018\/10\/dovera-300x86.png 300w\" sizes=\"auto, (max-width: 420px) 100vw, 420px\" \/><\/figure>\n<\/figure>\n","protected":false},"excerpt":{"rendered":"<p>Lek\u00e1r: MUDr. Monika Mar\u010dokov\u00e1, Tetiana VakulenkoSestra: Mgr. Andrea Beraxov\u00e1Telef\u00f3n: 048\/2820 227 od 11:00 do 12:30 a od 14:00 do 14:45 Pozn: Inform\u00e1cie\/recepcia pre ambulancie 048\/2820 110 je dostupn\u00e1 v be\u017enom pracovnom \u010dase od 7:00 do 15:00. Pre\u010d\u00edtajte si viac o elektronickom objednan\u00ed Miesto: pr\u00edzemie pri oddelen\u00ed dial\u00fdzy, ved\u013ea vr\u00e1tnice Ordina\u010dn\u00e9 hodiny: &nbsp; prepodludn\u00edm prest\u00e1vka popoludn\u00ed [&hellip;]<\/p>\n","protected":false},"author":1,"featured_media":0,"parent":6,"menu_order":0,"comment_status":"closed","ping_status":"closed","template":"","meta":{"_monsterinsights_skip_tracking":false,"_monsterinsights_sitenote_active":false,"_monsterinsights_sitenote_note":"","_monsterinsights_sitenote_category":0,"footnotes":""},"class_list":["post-183","page","type-page","status-publish","hentry"],"_links":{"self":[{"href":"https:\/\/www.nspbr.sk\/web\/wp-json\/wp\/v2\/pages\/183","targetHints":{"allow":["GET"]}}],"collection":[{"href":"https:\/\/www.nspbr.sk\/web\/wp-json\/wp\/v2\/pages"}],"about":[{"href":"https:\/\/www.nspbr.sk\/web\/wp-json\/wp\/v2\/types\/page"}],"author":[{"embeddable":true,"href":"https:\/\/www.nspbr.sk\/web\/wp-json\/wp\/v2\/users\/1"}],"replies":[{"embeddable":true,"href":"https:\/\/www.nspbr.sk\/web\/wp-json\/wp\/v2\/comments?post=183"}],"version-history":[{"count":6,"href":"https:\/\/www.nspbr.sk\/web\/wp-json\/wp\/v2\/pages\/183\/revisions"}],"predecessor-version":[{"id":9819,"href":"https:\/\/www.nspbr.sk\/web\/wp-json\/wp\/v2\/pages\/183\/revisions\/9819"}],"up":[{"embeddable":true,"href":"https:\/\/www.nspbr.sk\/web\/wp-json\/wp\/v2\/pages\/6"}],"wp:attachment":[{"href":"https:\/\/www.nspbr.sk\/web\/wp-json\/wp\/v2\/media?parent=183"}],"curies":[{"name":"wp","href":"https:\/\/api.w.org\/{rel}","templated":true}]}}