{"id":190,"date":"2018-02-20T17:43:05","date_gmt":"2018-02-20T16:43:05","guid":{"rendered":"http:\/\/nspbr.sk\/web\/?page_id=190"},"modified":"2025-05-29T08:20:01","modified_gmt":"2025-05-29T06:20:01","slug":"pneumologicka-a-ftizeologicka-ambulancia-i","status":"publish","type":"page","link":"https:\/\/www.nspbr.sk\/web\/ambulancie\/pneumologicka-a-ftizeologicka-ambulancia-i\/","title":{"rendered":"Pneumologick\u00e1 a ftizeologick\u00e1 ambulancia I."},"content":{"rendered":"\n<p><small>(Bronchoskopia, p\u013e\u00facna ambulancia)<\/small><\/p>\n\n\n\n<p>Lek\u00e1r: \u2020 <strong>MUDr. Zdena Volentierov\u00e1<\/strong><br>Diplomovan\u00e1 sestra: <strong>Bla\u017eena \u013duptov\u010diakov\u00e1<\/strong><br>Telef\u00f3n: <strong>048\/ 2820 457 od 11:00 do 12:30 a od 14:00 do 14:45 v inom \u010dase sa ned\u00e1 dovola\u0165<\/strong><\/p>\n\n\n\n<h2 class=\"wp-block-heading\">Upozornenie: p\u013e\u00facna ambulancia a\u017e do odvolania neordinuje!<\/h2>\n\n\n\n<p><strong><em><a href=\"https:\/\/www.nspbr.sk\/web\/volne-pracovne-miesto-lekar-pneumologickej-ambulancie\/\">H\u013ead\u00e1me lek\u00e1ra!&nbsp;<\/a> Pacientov pros\u00edme aby sa obr\u00e1tili na p\u013e\u00facne ambulancie v<a href=\"https:\/\/www.fnspfdr.sk\/ambulancie\"> Rooseveltovej nemocnici v Banskej Bystrici.<\/a><\/em><\/strong><\/p>\n\n\n\n<p>Miesto: 1. posch. hlavn\u00e1 budova<\/p>\n\n\n\n<p>Ordina\u010dn\u00e9 hodiny:<\/p>\n\n\n\n<figure class=\"wp-block-table\"><table class=\"has-fixed-layout\"><tbody><tr><th>&nbsp;<\/th><th>predpoludn\u00edm<\/th><th>prest\u00e1vka<\/th><th>popoludn\u00ed<\/th><\/tr><tr><th>Pondelok<\/th><td>neordinuje sa<\/td><td>neordinuje sa<\/td><td>neordinuje sa<\/td><\/tr><tr><th>Utorok<\/th><td>neordinuje sa<\/td><td>neordinuje sa<\/td><td>neordinuje sa<\/td><\/tr><tr><th>Streda<\/th><td>neordinuje sa<\/td><td>neordinuje sa<\/td><td>neordinuje sa<\/td><\/tr><tr><th>\u0160tvrtok<\/th><td>neordinuje sa<\/td><td>neordinuje sa<\/td><td>neordinuje sa<\/td><\/tr><tr><th>Piatok<\/th><td>neordinuje sa<\/td><td>neordinuje sa<\/td><td>neordinuje sa<\/td><\/tr><\/tbody><\/table><\/figure>\n\n\n\n<p>Pozn.:<\/p>\n\n\n\n<p>Zmluvn\u00e9 vz\u0165ahy:<\/p>\n\n\n\n<figure class=\"wp-block-gallery has-nested-images columns-default wp-block-gallery-1 is-layout-flex wp-block-gallery-is-layout-flex\">\n<figure class=\"wp-block-image size-large\"><img loading=\"lazy\" decoding=\"async\" width=\"249\" height=\"300\" data-id=\"1118\" src=\"https:\/\/www.nspbr.sk\/web\/wp-content\/uploads\/2018\/10\/sys_media_8493.jpg\" alt=\"\" class=\"wp-image-1118\"\/><\/figure>\n\n\n\n<figure class=\"wp-block-image size-large\"><img loading=\"lazy\" decoding=\"async\" width=\"700\" height=\"394\" data-id=\"1119\" src=\"https:\/\/www.nspbr.sk\/web\/wp-content\/uploads\/2018\/10\/union.jpg\" alt=\"\" class=\"wp-image-1119\" srcset=\"https:\/\/www.nspbr.sk\/web\/wp-content\/uploads\/2018\/10\/union.jpg 700w, https:\/\/www.nspbr.sk\/web\/wp-content\/uploads\/2018\/10\/union-300x169.jpg 300w\" sizes=\"auto, (max-width: 700px) 100vw, 700px\" \/><\/figure>\n\n\n\n<figure class=\"wp-block-image size-large\"><img loading=\"lazy\" decoding=\"async\" width=\"420\" height=\"120\" data-id=\"1120\" src=\"https:\/\/www.nspbr.sk\/web\/wp-content\/uploads\/2018\/10\/dovera.png\" alt=\"\" class=\"wp-image-1120\" srcset=\"https:\/\/www.nspbr.sk\/web\/wp-content\/uploads\/2018\/10\/dovera.png 420w, https:\/\/www.nspbr.sk\/web\/wp-content\/uploads\/2018\/10\/dovera-300x86.png 300w\" sizes=\"auto, (max-width: 420px) 100vw, 420px\" \/><\/figure>\n<\/figure>\n","protected":false},"excerpt":{"rendered":"<p>(Bronchoskopia, p\u013e\u00facna ambulancia) Lek\u00e1r: \u2020 MUDr. Zdena Volentierov\u00e1Diplomovan\u00e1 sestra: Bla\u017eena \u013duptov\u010diakov\u00e1Telef\u00f3n: 048\/ 2820 457 od 11:00 do 12:30 a od 14:00 do 14:45 v inom \u010dase sa ned\u00e1 dovola\u0165 Upozornenie: p\u013e\u00facna ambulancia a\u017e do odvolania neordinuje! H\u013ead\u00e1me lek\u00e1ra!&nbsp; Pacientov pros\u00edme aby sa obr\u00e1tili na p\u013e\u00facne ambulancie v Rooseveltovej nemocnici v Banskej Bystrici. Miesto: 1. posch. [&hellip;]<\/p>\n","protected":false},"author":1,"featured_media":0,"parent":6,"menu_order":0,"comment_status":"closed","ping_status":"closed","template":"","meta":{"_monsterinsights_skip_tracking":false,"_monsterinsights_sitenote_active":false,"_monsterinsights_sitenote_note":"","_monsterinsights_sitenote_category":0,"footnotes":""},"class_list":["post-190","page","type-page","status-publish","hentry"],"_links":{"self":[{"href":"https:\/\/www.nspbr.sk\/web\/wp-json\/wp\/v2\/pages\/190","targetHints":{"allow":["GET"]}}],"collection":[{"href":"https:\/\/www.nspbr.sk\/web\/wp-json\/wp\/v2\/pages"}],"about":[{"href":"https:\/\/www.nspbr.sk\/web\/wp-json\/wp\/v2\/types\/page"}],"author":[{"embeddable":true,"href":"https:\/\/www.nspbr.sk\/web\/wp-json\/wp\/v2\/users\/1"}],"replies":[{"embeddable":true,"href":"https:\/\/www.nspbr.sk\/web\/wp-json\/wp\/v2\/comments?post=190"}],"version-history":[{"count":6,"href":"https:\/\/www.nspbr.sk\/web\/wp-json\/wp\/v2\/pages\/190\/revisions"}],"predecessor-version":[{"id":9166,"href":"https:\/\/www.nspbr.sk\/web\/wp-json\/wp\/v2\/pages\/190\/revisions\/9166"}],"up":[{"embeddable":true,"href":"https:\/\/www.nspbr.sk\/web\/wp-json\/wp\/v2\/pages\/6"}],"wp:attachment":[{"href":"https:\/\/www.nspbr.sk\/web\/wp-json\/wp\/v2\/media?parent=190"}],"curies":[{"name":"wp","href":"https:\/\/api.w.org\/{rel}","templated":true}]}}