{"id":2536,"date":"2019-07-18T14:51:52","date_gmt":"2019-07-18T12:51:52","guid":{"rendered":"http:\/\/nspbr.sk\/web\/?page_id=2536"},"modified":"2022-01-27T14:34:52","modified_gmt":"2022-01-27T13:34:52","slug":"psychiatricka-ambulancia-iii","status":"publish","type":"page","link":"https:\/\/www.nspbr.sk\/web\/ambulancie\/psychiatricke\/psychiatricka-ambulancia-iii\/","title":{"rendered":"Psychiatrick\u00e1 ambulancia III."},"content":{"rendered":"\n<h1 class=\"wp-block-heading\"><\/h1>\n\n\n\n<p>Lek\u00e1r: <strong>MUDr. Pavol Chovanec<\/strong><br>Sestra: <strong>Veronika Nem\u010dokov\u00e1<\/strong><br>Telef\u00f3n:<br><strong>048\/ 2820 143<\/strong><\/p>\n\n\n\n<p>Miesto: pr\u00edzemie detskej \u010dasti polikliniky<\/p>\n\n\n\n<p>Ordina\u010dn\u00e9 hodiny:<\/p>\n\n\n\n<figure class=\"wp-block-table\"><table><tbody><tr><th>&nbsp;<\/th><th>predpoludn\u00edm<\/th><th>prest\u00e1vka<\/th><th>popoludn\u00ed<\/th><\/tr><tr><th>Pondelok<\/th><td>7:00 &#8211; 12:30<\/td><td>12:30 &#8211; 13:00<\/td><td>13:00 &#8211; 15:00<\/td><\/tr><tr><th>Utorok<\/th><td>7:00 &#8211; 12:30<\/td><td>12:30 &#8211; 13:00<\/td><td>13:00 &#8211; 15:00<\/td><\/tr><tr><th>Streda<\/th><td>7:00 &#8211; 12:30<\/td><td>12:30 &#8211; 13:00<\/td><td>13:00 &#8211; 15:00<\/td><\/tr><tr><th>\u0160tvrtok<\/th><td>7:00 &#8211; 12:30<\/td><td>12:30 &#8211; 13:00<\/td><td>13:00 &#8211; 15:00<\/td><\/tr><tr><th>Piatok<\/th><td>7:00 &#8211; 12:30<\/td><td>12:30 &#8211; 13:00<\/td><td>13:00 &#8211; 15:00<\/td><\/tr><\/tbody><\/table><\/figure>\n\n\n\n<p>Pozn\u00e1mka:  Poistenci <strong>Union zdravotnej pois\u0165ovne, a.s.<\/strong> s\u00fa prednostne vybaven\u00ed na vy\u0161etrenie v utorok v \u010dase od 9:00 do 10:00 hod. <\/p>\n","protected":false},"excerpt":{"rendered":"<p>Lek\u00e1r: MUDr. Pavol ChovanecSestra: Veronika Nem\u010dokov\u00e1Telef\u00f3n:048\/ 2820 143 Miesto: pr\u00edzemie detskej \u010dasti polikliniky Ordina\u010dn\u00e9 hodiny: &nbsp; predpoludn\u00edm prest\u00e1vka popoludn\u00ed Pondelok 7:00 &#8211; 12:30 12:30 &#8211; 13:00 13:00 &#8211; 15:00 Utorok 7:00 &#8211; 12:30 12:30 &#8211; 13:00 13:00 &#8211; 15:00 Streda 7:00 &#8211; 12:30 12:30 &#8211; 13:00 13:00 &#8211; 15:00 \u0160tvrtok 7:00 &#8211; 12:30 12:30 &#8211; [&hellip;]<\/p>\n","protected":false},"author":1,"featured_media":0,"parent":314,"menu_order":0,"comment_status":"closed","ping_status":"closed","template":"","meta":{"_monsterinsights_skip_tracking":false,"_monsterinsights_sitenote_active":false,"_monsterinsights_sitenote_note":"","_monsterinsights_sitenote_category":0,"footnotes":""},"class_list":["post-2536","page","type-page","status-publish","hentry"],"_links":{"self":[{"href":"https:\/\/www.nspbr.sk\/web\/wp-json\/wp\/v2\/pages\/2536","targetHints":{"allow":["GET"]}}],"collection":[{"href":"https:\/\/www.nspbr.sk\/web\/wp-json\/wp\/v2\/pages"}],"about":[{"href":"https:\/\/www.nspbr.sk\/web\/wp-json\/wp\/v2\/types\/page"}],"author":[{"embeddable":true,"href":"https:\/\/www.nspbr.sk\/web\/wp-json\/wp\/v2\/users\/1"}],"replies":[{"embeddable":true,"href":"https:\/\/www.nspbr.sk\/web\/wp-json\/wp\/v2\/comments?post=2536"}],"version-history":[{"count":3,"href":"https:\/\/www.nspbr.sk\/web\/wp-json\/wp\/v2\/pages\/2536\/revisions"}],"predecessor-version":[{"id":5977,"href":"https:\/\/www.nspbr.sk\/web\/wp-json\/wp\/v2\/pages\/2536\/revisions\/5977"}],"up":[{"embeddable":true,"href":"https:\/\/www.nspbr.sk\/web\/wp-json\/wp\/v2\/pages\/314"}],"wp:attachment":[{"href":"https:\/\/www.nspbr.sk\/web\/wp-json\/wp\/v2\/media?parent=2536"}],"curies":[{"name":"wp","href":"https:\/\/api.w.org\/{rel}","templated":true}]}}