{"id":27,"date":"2018-02-20T09:16:48","date_gmt":"2018-02-20T08:16:48","guid":{"rendered":"http:\/\/nspbr.sk\/web\/?page_id=27"},"modified":"2025-05-29T08:29:49","modified_gmt":"2025-05-29T06:29:49","slug":"chirurgicke-oddelenie","status":"publish","type":"page","link":"https:\/\/www.nspbr.sk\/web\/lozkove-oddelenia\/chirurgicke-oddelenie\/","title":{"rendered":"Chirurgick\u00e9 oddelenie"},"content":{"rendered":"\n<h2 class=\"wp-block-heading\">Prim\u00e1r: <strong>MUDr. Erik W\u00e1gner<\/strong><br>Ved\u00faca sestra: Mgr<strong>. Monika Tk\u00e1\u010dikov\u00e1<\/strong><br>Telef\u00f3n: <strong>048\/2820 553 mu\u017ei, 048\/2820 567 \u017eeny<\/strong><\/h2>\n\n\n\n<p><strong>V \u010dase od 12:30 do 14:30. Upozor\u0148ujeme V\u00e1s, \u017ee na z\u00e1klade GDPR nie je mo\u017en\u00e9 poskytn\u00fa\u0165 inform\u00e1cie o pacientoch telefonicky), inform\u00e1cie o pacientoch osobne po dohode s lek\u00e1rom od 14:00 do 15:00 hod. Inform\u00e1cie 048\/2820 110, vr\u00e1tnica 048\/2820 111<\/strong><br>Miesto: 3. poschodie<\/p>\n\n\n\n<p><strong>Inform\u00e1cie:<\/strong><\/p>\n\n\n\n<p><strong><a href=\"http:\/\/nspbr.sk\/web\/chirurgia\/\">Viac o oddelen\u00ed si m\u00f4\u017eete pre\u010d\u00edta\u0165 v samostatnom \u010dl\u00e1nku o chirurgii.<\/a><\/strong><\/p>\n\n\n\n<p>Chirurgia sa ako z\u00e1kladn\u00fd medic\u00ednsky odbor zaober\u00e1 diagnostikou a lie\u010dbou ochoren\u00ed, ktor\u00e9 s\u00fa lie\u010dite\u013en\u00e9 chirurgick\u00fdmi met\u00f3dami.<br>Zais\u0165uje komplexn\u00fa starostlivos\u0165 o chor\u00fdch a zranen\u00fdch zo sp\u00e1dovej oblasti okresu Brezno, ako aj pacientov z mimo sp\u00e1dovej oblasti. V s\u00fa\u010dastnosti m\u00e1 chirurgick\u00e9 oddelenie 45 l\u00f4\u017eok. Na oddelen\u00ed s\u00fa za pr\u00edplatok dve nad\u0161tandardn\u00e9 izby s TV, \u0161atn\u00edkom a samostatnou hygienickou bunkou. Mu\u017esk\u00e1 ako aj \u017eensk\u00e1 \u010das\u0165 oddelenia pozost\u00e1va zo septickej o\u0161etrovacej jednotky, ktor\u00e1 m\u00e1 samostatne vybudovan\u00fa hygienick\u00fa bunku a aseptickej o\u0161etrovacej jednotky.<br>Chirurgick\u00e9 oddelenie zabezpe\u010duje poskytovanie diagnostickej, prevent\u00edvnej a lie\u010debnej starostlivosti o chirurgick\u00fdch pacientov, predopera\u010dn\u00fa a poopera\u010dn\u00fa starostlivos\u0165, konzili\u00e1rnu \u010dinnos\u0165 a spolupr\u00e1cu s in\u00fdmi odbormi. Poskytuje nepretr\u017eit\u00fa \u0161pecializovan\u00fa a lie\u010debno-prevent\u00edvnu starostlivos\u0165. Cez ordin\u00e1rov sa zabezpe\u010duj\u00fa \u0161pecializovan\u00e9 slu\u017eby ako \u00farazov\u00e1 chirurgia a \u010diasto\u010dne aj detsk\u00e1 chirurgia.<br>Zaober\u00e1 sa konzervat\u00edvnou a opera\u010dnou lie\u010dbou n\u00e1hlych bru\u0161n\u00fdch pr\u00edhod vr\u00e1tane laparoskopick\u00fdch oper\u00e1ci\u00ed, chirurgiou za\u017e\u00edvacieho traktu, cievnou chirurgiou, jednod\u0148ovou chirurgiou a \u00farazovou chirurgiou.<br>Starostlivos\u0165 o pacienta zabezpe\u010duj\u00fa plne kvalifikovan\u00ed lek\u00e1ri so \u0161pecializ\u00e1ciou v chirurgii a traumatol\u00f3gii, zdravotn\u00e9 sestry so \u0161pecializ\u00e1ciou v odbore chirurgia, zdravotn\u00ed asistenti a pomocn\u00fd person\u00e1l.<br>Pracovn\u00edci oddelenia \u00fazko spolupracuj\u00fa s chirurgick\u00fdmi, traumatologick\u00fdmi oddeleniami vy\u0161\u0161ieho typu a to po odbornej aj organiza\u010dnej str\u00e1nke, ak ide o pacientov nerie\u0161ite\u013en\u00fdch na tomto oddelen\u00ed.<\/p>\n\n\n\n<p><strong>Pri hospitaliz\u00e1cii na chirurgickom oddelen\u00ed by mal pacient ma\u0165:<\/strong><br>preukaz poistenca<br>osobn\u00fa zdravotn\u00fa dokument\u00e1ciu<br>lieky, ktor\u00e9 pravidelne u\u017e\u00edva v dostato\u010dnom mno\u017estve<br>hygienick\u00e9 a osobn\u00e9 potreby<\/p>\n\n\n\n<p><strong>N\u00e1v\u0161tevn\u00e9 hodiny:<\/strong><br>Od 15:00 do 17:00 hod v pracovn\u00e9 dni<br>Od 13:00 do 15:00 hod v sobotu, nede\u013eu a vo sviatky<\/p>\n\n\n\n<p>Inform\u00e1cie o pacientoch sa pod\u00e1vaj\u00fa z\u00e1sadne len najbli\u017e\u0161\u00edm pr\u00edbuzn\u00fdm,alebo osob\u00e1m pod\u013ea ur\u010denia samotn\u00e9ho pacienta. Inform\u00e1cie pod\u00e1va o\u0161etruj\u00faci izbov\u00fd lek\u00e1r, alebo prim\u00e1r oddelenia.<br>Prep\u00fa\u0161\u0165anie pacientov sa vykon\u00e1va denne, tj. pod\u013ea potreby aj v sobotu, nede\u013eu. U pacientov nesamostatn\u00fdch je v\u017edy prepustenie realizovan\u00e9 po vyrozumen\u00ed rodiny, alebo opatrovate\u013ea.<\/p>\n\n\n\n<figure class=\"wp-block-gallery has-nested-images columns-default is-cropped wp-block-gallery-1 is-layout-flex wp-block-gallery-is-layout-flex\">\n<figure class=\"wp-block-image size-large is-style-default\"><img loading=\"lazy\" decoding=\"async\" width=\"1024\" height=\"683\" data-id=\"2207\" src=\"https:\/\/www.nspbr.sk\/web\/wp-content\/uploads\/2019\/04\/P1050831-1024x683.jpg\" alt=\"\" class=\"wp-image-2207\" srcset=\"https:\/\/www.nspbr.sk\/web\/wp-content\/uploads\/2019\/04\/P1050831-1024x683.jpg 1024w, https:\/\/www.nspbr.sk\/web\/wp-content\/uploads\/2019\/04\/P1050831-300x200.jpg 300w, https:\/\/www.nspbr.sk\/web\/wp-content\/uploads\/2019\/04\/P1050831-768x512.jpg 768w, https:\/\/www.nspbr.sk\/web\/wp-content\/uploads\/2019\/04\/P1050831-1200x800.jpg 1200w\" sizes=\"auto, (max-width: 1024px) 100vw, 1024px\" \/><\/figure>\n\n\n\n<figure class=\"wp-block-image size-large is-style-default\"><img loading=\"lazy\" decoding=\"async\" width=\"1024\" height=\"683\" data-id=\"2206\" src=\"https:\/\/www.nspbr.sk\/web\/wp-content\/uploads\/2019\/04\/P1050819-1024x683.jpg\" alt=\"\" class=\"wp-image-2206\" srcset=\"https:\/\/www.nspbr.sk\/web\/wp-content\/uploads\/2019\/04\/P1050819-1024x683.jpg 1024w, https:\/\/www.nspbr.sk\/web\/wp-content\/uploads\/2019\/04\/P1050819-300x200.jpg 300w, https:\/\/www.nspbr.sk\/web\/wp-content\/uploads\/2019\/04\/P1050819-768x512.jpg 768w, https:\/\/www.nspbr.sk\/web\/wp-content\/uploads\/2019\/04\/P1050819-1200x800.jpg 1200w\" sizes=\"auto, (max-width: 1024px) 100vw, 1024px\" \/><\/figure>\n\n\n\n<figure class=\"wp-block-image size-large is-style-default\"><img loading=\"lazy\" decoding=\"async\" width=\"1024\" height=\"683\" data-id=\"2205\" src=\"https:\/\/www.nspbr.sk\/web\/wp-content\/uploads\/2019\/04\/P1050813-1024x683.jpg\" alt=\"\" class=\"wp-image-2205\" srcset=\"https:\/\/www.nspbr.sk\/web\/wp-content\/uploads\/2019\/04\/P1050813-1024x683.jpg 1024w, https:\/\/www.nspbr.sk\/web\/wp-content\/uploads\/2019\/04\/P1050813-300x200.jpg 300w, https:\/\/www.nspbr.sk\/web\/wp-content\/uploads\/2019\/04\/P1050813-768x512.jpg 768w, https:\/\/www.nspbr.sk\/web\/wp-content\/uploads\/2019\/04\/P1050813-1200x800.jpg 1200w\" sizes=\"auto, (max-width: 1024px) 100vw, 1024px\" \/><\/figure>\n\n\n\n<figure class=\"wp-block-image size-large is-style-default\"><img loading=\"lazy\" decoding=\"async\" width=\"1024\" height=\"683\" data-id=\"2204\" src=\"https:\/\/www.nspbr.sk\/web\/wp-content\/uploads\/2019\/04\/P1050809-1024x683.jpg\" alt=\"\" class=\"wp-image-2204\" srcset=\"https:\/\/www.nspbr.sk\/web\/wp-content\/uploads\/2019\/04\/P1050809-1024x683.jpg 1024w, https:\/\/www.nspbr.sk\/web\/wp-content\/uploads\/2019\/04\/P1050809-300x200.jpg 300w, https:\/\/www.nspbr.sk\/web\/wp-content\/uploads\/2019\/04\/P1050809-768x512.jpg 768w, https:\/\/www.nspbr.sk\/web\/wp-content\/uploads\/2019\/04\/P1050809-1200x800.jpg 1200w\" sizes=\"auto, (max-width: 1024px) 100vw, 1024px\" \/><\/figure>\n\n\n\n<figure class=\"wp-block-image size-large is-style-default\"><img loading=\"lazy\" decoding=\"async\" width=\"1024\" height=\"683\" data-id=\"2203\" src=\"https:\/\/www.nspbr.sk\/web\/wp-content\/uploads\/2019\/04\/P1050804-1024x683.jpg\" alt=\"\" class=\"wp-image-2203\" srcset=\"https:\/\/www.nspbr.sk\/web\/wp-content\/uploads\/2019\/04\/P1050804-1024x683.jpg 1024w, https:\/\/www.nspbr.sk\/web\/wp-content\/uploads\/2019\/04\/P1050804-300x200.jpg 300w, https:\/\/www.nspbr.sk\/web\/wp-content\/uploads\/2019\/04\/P1050804-768x512.jpg 768w, https:\/\/www.nspbr.sk\/web\/wp-content\/uploads\/2019\/04\/P1050804-1200x800.jpg 1200w\" sizes=\"auto, (max-width: 1024px) 100vw, 1024px\" \/><\/figure>\n<\/figure>\n","protected":false},"excerpt":{"rendered":"<p>Prim\u00e1r: MUDr. Erik W\u00e1gnerVed\u00faca sestra: Mgr. Monika Tk\u00e1\u010dikov\u00e1Telef\u00f3n: 048\/2820 553 mu\u017ei, 048\/2820 567 \u017eeny V \u010dase od 12:30 do 14:30. Upozor\u0148ujeme V\u00e1s, \u017ee na z\u00e1klade GDPR nie je mo\u017en\u00e9 poskytn\u00fa\u0165 inform\u00e1cie o pacientoch telefonicky), inform\u00e1cie o pacientoch osobne po dohode s lek\u00e1rom od 14:00 do 15:00 hod. Inform\u00e1cie 048\/2820 110, vr\u00e1tnica 048\/2820 111Miesto: 3. poschodie [&hellip;]<\/p>\n","protected":false},"author":1,"featured_media":0,"parent":7,"menu_order":0,"comment_status":"closed","ping_status":"closed","template":"","meta":{"_monsterinsights_skip_tracking":false,"_monsterinsights_sitenote_active":false,"_monsterinsights_sitenote_note":"","_monsterinsights_sitenote_category":0,"footnotes":""},"class_list":["post-27","page","type-page","status-publish","hentry"],"_links":{"self":[{"href":"https:\/\/www.nspbr.sk\/web\/wp-json\/wp\/v2\/pages\/27","targetHints":{"allow":["GET"]}}],"collection":[{"href":"https:\/\/www.nspbr.sk\/web\/wp-json\/wp\/v2\/pages"}],"about":[{"href":"https:\/\/www.nspbr.sk\/web\/wp-json\/wp\/v2\/types\/page"}],"author":[{"embeddable":true,"href":"https:\/\/www.nspbr.sk\/web\/wp-json\/wp\/v2\/users\/1"}],"replies":[{"embeddable":true,"href":"https:\/\/www.nspbr.sk\/web\/wp-json\/wp\/v2\/comments?post=27"}],"version-history":[{"count":6,"href":"https:\/\/www.nspbr.sk\/web\/wp-json\/wp\/v2\/pages\/27\/revisions"}],"predecessor-version":[{"id":9170,"href":"https:\/\/www.nspbr.sk\/web\/wp-json\/wp\/v2\/pages\/27\/revisions\/9170"}],"up":[{"embeddable":true,"href":"https:\/\/www.nspbr.sk\/web\/wp-json\/wp\/v2\/pages\/7"}],"wp:attachment":[{"href":"https:\/\/www.nspbr.sk\/web\/wp-json\/wp\/v2\/media?parent=27"}],"curies":[{"name":"wp","href":"https:\/\/api.w.org\/{rel}","templated":true}]}}