{"id":29,"date":"2018-02-20T09:17:54","date_gmt":"2018-02-20T08:17:54","guid":{"rendered":"http:\/\/nspbr.sk\/web\/?page_id=29"},"modified":"2025-05-29T08:31:18","modified_gmt":"2025-05-29T06:31:18","slug":"interne-oddelenie","status":"publish","type":"page","link":"https:\/\/www.nspbr.sk\/web\/lozkove-oddelenia\/interne-oddelenie\/","title":{"rendered":"Intern\u00e9 oddelenie"},"content":{"rendered":"\n<h1 class=\"wp-block-heading met\">Oddelenie vn\u00fatorn\u00e9ho lek\u00e1rstva (Intern\u00e9 oddelenie)<\/h1>\n\n\n\n<h2 class=\"wp-block-heading\">Prim\u00e1r: MUDr. Em\u00edlia Zlevsk\u00e1<br>Ved\u00faca sestra: Mgr. Ivana Longauerov\u00e1<br>Telef\u00f3n: <strong>048\/2820 581 mu\u017ei, 048\/2820 575 \u017eeny, 048\/2820 304 JIS<\/strong><\/h2>\n\n\n\n<p><strong>V \u010dase od 12:30 do 14:30. Upozor\u0148ujeme V\u00e1s, \u017ee na z\u00e1klade GDPR nie je mo\u017en\u00e9 poskytn\u00fa\u0165 inform\u00e1cie o pacientoch telefonicky), inform\u00e1cie o pacientoch osobne po dohode s lek\u00e1rom od 14:00 do 15:00 hod. Inform\u00e1cie 048\/2820 110, vr\u00e1tnica 048\/2820 111<\/strong><\/p>\n\n\n\n<h2 class=\"wp-block-heading\">Miesto: 2. posch.<\/h2>\n\n\n\n<p><strong>Inform\u00e1cie:<\/strong><\/p>\n\n\n\n<p><a href=\"http:\/\/nspbr.sk\/web\/interne-oddelenie\/\">\u010cl\u00e1nok o internom oddelen\u00ed si m\u00f4\u017eete pre\u010d\u00edta\u0165 tu.<\/a><\/p>\n\n\n\n<p>Vn\u00fatorn\u00e9 lek\u00e1rstvo je z\u00e1kladn\u00fd medic\u00ednsky klinick\u00fd odbor multidisciplin\u00e1rnej povahy.Vn\u00fatorn\u00e9 lek\u00e1rstvo m\u00e1 za \u00falohu poskytova\u0165 komplexn\u00fa prevent\u00edvnu a lie\u010debn\u00fa starostlivos\u0165 dospelej popul\u00e1cii v oblasti vn\u00fatorn\u00fdch chor\u00f4b. Je to predov\u0161etk\u00fdm v\u010dasn\u00e1 a spr\u00e1vna diagnostika,lie\u010dba, ur\u010denie progn\u00f3zy a prevencia vn\u00fatorn\u00fdch chor\u00f4b, ich n\u00e1sledkov a komplik\u00e1ci\u00ed.<\/p>\n\n\n\n<p><strong>\u0160trukt\u00fara oddelenia:<\/strong><br>Prim\u00e1r intern\u00e9ho oddelenia &#8211; kontakt: 048\/2820 179<br>Jednotka intenz\u00edvnej starostlivosti- je tvoren\u00e1 6 monitorovac\u00edmi l\u00f4\u017ekami v dvoch miestnostiach a in\u0161pek\u010dnou izbou sestier s centr\u00e1lnym monitorom.<\/p>\n\n\n\n<p><strong>Diagnostick\u00e9 a terapeutick\u00e9 mo\u017enosti:<\/strong><br>&#8211; EKG<br>&#8211; 24 hodinov\u00fd monitoring EKG, TK<br>&#8211; Satur\u00e1cia organizmu kysl\u00edkom<br>&#8211; Z\u00e1kladn\u00e9 punk\u010dn\u00e9 techniky\/abdomen, pleur\u00e1lne priestory\/<br>&#8211; Elektrokardioverzia<br>Kontakt: 048\/2820 304<br>Lokaliz\u00e1cia: pr\u00edzemie<\/p>\n\n\n\n<p><strong>O\u0161etrovacia jednotka &#8211; mu\u017ei<\/strong><br>Tvor\u00ed ju sedem izieb s po\u010dtom l\u00f4\u017eok 20<br>\/ 4 \u2013 2 l\u00f4\u017ekov\u00e9, 3 \u2013 4 l\u00f4\u017ekov\u00e9\/Mo\u017enos\u0165 objednania nad\u0161tandardnej izby<br>Kontakt: 048\/2820 581<br>Lokaliz\u00e1cia: 2.poschodie<\/p>\n\n\n\n<p><strong>O\u0161etrovacia jednotka &#8211; \u017eeny<\/strong><br>Tvor\u00ed ju \u0161es\u0165 izieb s po\u010dtom l\u00f4\u017eok 20<br>\/ 3 \u2013 2 l\u00f4\u017ekov\u00e9, 1 \u2013 4 l\u00f4\u017ekov\u00e1, 2 \u2013 5 l\u00f4\u017ekov\u00e9\/ Mo\u017enos\u0165 objednania nad\u0161tandardnej izby<br>Kontakt: 048\/2820 575<\/p>\n\n\n\n<p><strong>Pri hospitaliz\u00e1cii na internom oddelen\u00ed by mal ma\u0165 pacient pri sebe:<\/strong><br>Doklad toto\u017enosti<br>Preukaz poistenca<br>Zriedkavo predpisovan\u00e9 a \u0161peci\u00e1lne lieky<br>Dostupn\u00fa zdravotn\u00fa dokument\u00e1ciu<br>Osobn\u00e9 hygienick\u00e9 potreby<br>Pr\u00edbor, poh\u00e1r, teplomer<br>Prev\u00e1dzkov\u00fd poriadok a denn\u00fd re\u017eim oddelenia je zostaven\u00fd tak, aby bola zabezpe\u010den\u00e1 hlavn\u00e1 \u010dinnos\u0165 t.j.vy\u0161etrovanie a lie\u010dba pacientov,vr\u00e1tane oddychu.<\/p>\n\n\n\n<p><strong>Pros\u00edme pr\u00edbuzn\u00fdch, aby zabezpe\u010dili k &nbsp;pobytu&nbsp; na internom oddelen\u00ed u&nbsp;le\u017eiacich pacientov :<\/strong><\/p>\n\n\n\n<ul class=\"wp-block-list\">\n<li>toaletn\u00e9 potreby\/ sprchov\u00fd g\u00e9l, vlh\u010den\u00e9 obr\u00fasky, hrebe\u0148, zubn\u00e1 pasta, zubn\u00e1 kefka\/, uter\u00e1k 2ks ,<\/li>\n\n\n\n<li>mas\u00e1\u017eny g\u00e9l, Menalind kr\u00e9m, Menalind \u010distiaca pena,\u00a0 teplomer, miner\u00e1lka<\/li>\n\n\n\n<li>V\u00a0pr\u00edpade, \u017ee V\u00e1\u0161 pr\u00edbuzn\u00fd je imobiln\u00fd, pros\u00edme prinies\u0165 pampers plienky. Ak u\u017e\u00edva \u0161peci\u00e1lne lieky\/ inzul\u00edny, antidiabetik\u00e1, o\u010dn\u00e9 lieky, at\u010f.,\u00a0 prineste mu ich.<\/li>\n\n\n\n<li>Na hospitaliz\u00e1ciu ned\u00e1vajte svojim pr\u00edbuzn\u00fdm cenn\u00e9 predmety, \u0161perky, v\u00e4\u010d\u0161\u00ed obnos pe\u0148az\u00ed !<\/li>\n<\/ul>\n\n\n\n<p><strong>N\u00e1v\u0161tevn\u00e9 hodiny :<\/strong><br>Od 15,00 do 17,00 hod v pracovn\u00e9 dni<br>Od 13,00 do 15,00 hod v sobotu, nede\u013eu a vo sviatky<\/p>\n\n\n\n<p>Inform\u00e1cie o pacientoch sa pod\u00e1vaj\u00fa z\u00e1sadne len najbli\u017e\u0161\u00edm pr\u00edbuzn\u00fdm,alebo osob\u00e1m pod\u013ea ur\u010denia samotn\u00e9ho pacienta. Inform\u00e1cie pod\u00e1va o\u0161etruj\u00faci izbov\u00fd lek\u00e1r, alebo prim\u00e1r oddelenia. Inform\u00e1cie sa pod\u00e1vaj\u00fa <strong>osobne<\/strong> v \u010dase od 14:00 do 15:00, <strong>nie telefonicky!<\/strong><\/p>\n\n\n\n<p>Prep\u00fa\u0161\u0165anie pacientov sa vykon\u00e1va denne,tj.pod\u013ea potreby aj v sobotu, nede\u013eu. U pacientov nesamostatn\u00fdch je v\u017edy prepustenie realizovan\u00e9 po vyrozumen\u00ed rodiny, alebo opatrovate\u013ea.<\/p>\n\n\n\n<figure class=\"wp-block-gallery has-nested-images columns-3 is-cropped wp-block-gallery-1 is-layout-flex wp-block-gallery-is-layout-flex\">\n<figure class=\"wp-block-image size-large\"><img loading=\"lazy\" decoding=\"async\" width=\"1024\" height=\"683\" data-id=\"2235\" src=\"https:\/\/www.nspbr.sk\/web\/wp-content\/uploads\/2019\/05\/P1100098-1024x683.jpg\" alt=\"\" class=\"wp-image-2235\" srcset=\"https:\/\/www.nspbr.sk\/web\/wp-content\/uploads\/2019\/05\/P1100098-1024x683.jpg 1024w, https:\/\/www.nspbr.sk\/web\/wp-content\/uploads\/2019\/05\/P1100098-300x200.jpg 300w, https:\/\/www.nspbr.sk\/web\/wp-content\/uploads\/2019\/05\/P1100098-768x512.jpg 768w, https:\/\/www.nspbr.sk\/web\/wp-content\/uploads\/2019\/05\/P1100098-1200x800.jpg 1200w\" sizes=\"auto, (max-width: 1024px) 100vw, 1024px\" \/><\/figure>\n\n\n\n<figure class=\"wp-block-image size-large\"><img loading=\"lazy\" decoding=\"async\" width=\"1024\" height=\"683\" data-id=\"2234\" src=\"https:\/\/www.nspbr.sk\/web\/wp-content\/uploads\/2019\/05\/P1100092-1024x683.jpg\" alt=\"\" class=\"wp-image-2234\" srcset=\"https:\/\/www.nspbr.sk\/web\/wp-content\/uploads\/2019\/05\/P1100092-1024x683.jpg 1024w, https:\/\/www.nspbr.sk\/web\/wp-content\/uploads\/2019\/05\/P1100092-300x200.jpg 300w, https:\/\/www.nspbr.sk\/web\/wp-content\/uploads\/2019\/05\/P1100092-768x512.jpg 768w, https:\/\/www.nspbr.sk\/web\/wp-content\/uploads\/2019\/05\/P1100092-1200x800.jpg 1200w\" sizes=\"auto, (max-width: 1024px) 100vw, 1024px\" \/><\/figure>\n\n\n\n<figure class=\"wp-block-image size-large\"><img loading=\"lazy\" decoding=\"async\" width=\"1024\" height=\"683\" data-id=\"2233\" src=\"https:\/\/www.nspbr.sk\/web\/wp-content\/uploads\/2019\/05\/P1100088-1024x683.jpg\" alt=\"\" class=\"wp-image-2233\" srcset=\"https:\/\/www.nspbr.sk\/web\/wp-content\/uploads\/2019\/05\/P1100088-1024x683.jpg 1024w, https:\/\/www.nspbr.sk\/web\/wp-content\/uploads\/2019\/05\/P1100088-300x200.jpg 300w, https:\/\/www.nspbr.sk\/web\/wp-content\/uploads\/2019\/05\/P1100088-768x512.jpg 768w, https:\/\/www.nspbr.sk\/web\/wp-content\/uploads\/2019\/05\/P1100088-1200x800.jpg 1200w\" sizes=\"auto, (max-width: 1024px) 100vw, 1024px\" \/><\/figure>\n\n\n\n<figure class=\"wp-block-image size-large\"><img loading=\"lazy\" decoding=\"async\" width=\"1024\" height=\"683\" data-id=\"2232\" src=\"https:\/\/www.nspbr.sk\/web\/wp-content\/uploads\/2019\/05\/P1100087-1024x683.jpg\" alt=\"\" class=\"wp-image-2232\" srcset=\"https:\/\/www.nspbr.sk\/web\/wp-content\/uploads\/2019\/05\/P1100087-1024x683.jpg 1024w, https:\/\/www.nspbr.sk\/web\/wp-content\/uploads\/2019\/05\/P1100087-300x200.jpg 300w, https:\/\/www.nspbr.sk\/web\/wp-content\/uploads\/2019\/05\/P1100087-768x512.jpg 768w, https:\/\/www.nspbr.sk\/web\/wp-content\/uploads\/2019\/05\/P1100087-1200x800.jpg 1200w\" sizes=\"auto, (max-width: 1024px) 100vw, 1024px\" \/><\/figure>\n<\/figure>\n","protected":false},"excerpt":{"rendered":"<p>Oddelenie vn\u00fatorn\u00e9ho lek\u00e1rstva (Intern\u00e9 oddelenie) Prim\u00e1r: MUDr. Em\u00edlia Zlevsk\u00e1Ved\u00faca sestra: Mgr. Ivana Longauerov\u00e1Telef\u00f3n: 048\/2820 581 mu\u017ei, 048\/2820 575 \u017eeny, 048\/2820 304 JIS V \u010dase od 12:30 do 14:30. Upozor\u0148ujeme V\u00e1s, \u017ee na z\u00e1klade GDPR nie je mo\u017en\u00e9 poskytn\u00fa\u0165 inform\u00e1cie o pacientoch telefonicky), inform\u00e1cie o pacientoch osobne po dohode s lek\u00e1rom od 14:00 do 15:00 hod. [&hellip;]<\/p>\n","protected":false},"author":1,"featured_media":0,"parent":7,"menu_order":0,"comment_status":"closed","ping_status":"closed","template":"","meta":{"_monsterinsights_skip_tracking":false,"_monsterinsights_sitenote_active":false,"_monsterinsights_sitenote_note":"","_monsterinsights_sitenote_category":0,"footnotes":""},"class_list":["post-29","page","type-page","status-publish","hentry"],"_links":{"self":[{"href":"https:\/\/www.nspbr.sk\/web\/wp-json\/wp\/v2\/pages\/29","targetHints":{"allow":["GET"]}}],"collection":[{"href":"https:\/\/www.nspbr.sk\/web\/wp-json\/wp\/v2\/pages"}],"about":[{"href":"https:\/\/www.nspbr.sk\/web\/wp-json\/wp\/v2\/types\/page"}],"author":[{"embeddable":true,"href":"https:\/\/www.nspbr.sk\/web\/wp-json\/wp\/v2\/users\/1"}],"replies":[{"embeddable":true,"href":"https:\/\/www.nspbr.sk\/web\/wp-json\/wp\/v2\/comments?post=29"}],"version-history":[{"count":5,"href":"https:\/\/www.nspbr.sk\/web\/wp-json\/wp\/v2\/pages\/29\/revisions"}],"predecessor-version":[{"id":9171,"href":"https:\/\/www.nspbr.sk\/web\/wp-json\/wp\/v2\/pages\/29\/revisions\/9171"}],"up":[{"embeddable":true,"href":"https:\/\/www.nspbr.sk\/web\/wp-json\/wp\/v2\/pages\/7"}],"wp:attachment":[{"href":"https:\/\/www.nspbr.sk\/web\/wp-json\/wp\/v2\/media?parent=29"}],"curies":[{"name":"wp","href":"https:\/\/api.w.org\/{rel}","templated":true}]}}