{"id":309,"date":"2018-02-20T20:40:59","date_gmt":"2018-02-20T19:40:59","guid":{"rendered":"http:\/\/nspbr.sk\/web\/?page_id=309"},"modified":"2025-05-28T10:00:23","modified_gmt":"2025-05-28T08:00:23","slug":"interne","status":"publish","type":"page","link":"https:\/\/www.nspbr.sk\/web\/ambulancie\/interne\/","title":{"rendered":"&#8211; intern\u00e9"},"content":{"rendered":"\n<h1 class=\"wp-block-heading\">Ambulancie vn\u00fatorn\u00e9ho lek\u00e1rstva<\/h1>\n\n\n\n<ul class=\"wp-block-list\">\n<li><a href=\"http:\/\/nspbr.sk\/web\/?page_id=148\">Ambulancia v\u0161eobecn\u00e9ho lek\u00e1rstva<\/a><\/li>\n\n\n\n<li><a href=\"http:\/\/nspbr.sk\/web\/?page_id=161\">Endokrinologick\u00e1 ambulancia<\/a><\/li>\n\n\n\n<li><a href=\"http:\/\/nspbr.sk\/web\/?page_id=167\">Gastroenterologick\u00e1 ambulancia<\/a><\/li>\n\n\n\n<li><a href=\"http:\/\/nspbr.sk\/web\/?page_id=169\">Geriatrick\u00e1 ambulancia<\/a><\/li>\n\n\n\n<li><a href=\"http:\/\/nspbr.sk\/web\/?page_id=177\">Ambulancia vn\u00fatorn\u00e9ho lek\u00e1rstva<\/a><\/li>\n\n\n\n<li><a href=\"http:\/\/nspbr.sk\/web\/?page_id=165\">Hematologick\u00e1 ambulancia<\/a><\/li>\n\n\n\n<li><a href=\"http:\/\/nspbr.sk\/web\/?page_id=179\">Kardiologick\u00e1 ambulancia I<\/a><\/li>\n\n\n\n<li><a href=\"http:\/\/nspbr.sk\/web\/?page_id=181\">Kardiologick\u00e1 ambulancia II<\/a><\/li>\n\n\n\n<li><a href=\"http:\/\/nspbr.sk\/web\/?page_id=183\">Nefrologick\u00e1 ambulancia<\/a><\/li>\n\n\n\n<li><a href=\"https:\/\/www.nspbr.sk\/web\/ambulancie\/pneumologicka-a-ftizeologicka-ambulancia-i\/\">Pneumologick\u00e1 ambulancia<\/a><\/li>\n<\/ul>\n","protected":false},"excerpt":{"rendered":"<p>Ambulancie vn\u00fatorn\u00e9ho lek\u00e1rstva<\/p>\n","protected":false},"author":1,"featured_media":0,"parent":6,"menu_order":0,"comment_status":"closed","ping_status":"closed","template":"","meta":{"_monsterinsights_skip_tracking":false,"_monsterinsights_sitenote_active":false,"_monsterinsights_sitenote_note":"","_monsterinsights_sitenote_category":0,"footnotes":""},"class_list":["post-309","page","type-page","status-publish","hentry"],"_links":{"self":[{"href":"https:\/\/www.nspbr.sk\/web\/wp-json\/wp\/v2\/pages\/309","targetHints":{"allow":["GET"]}}],"collection":[{"href":"https:\/\/www.nspbr.sk\/web\/wp-json\/wp\/v2\/pages"}],"about":[{"href":"https:\/\/www.nspbr.sk\/web\/wp-json\/wp\/v2\/types\/page"}],"author":[{"embeddable":true,"href":"https:\/\/www.nspbr.sk\/web\/wp-json\/wp\/v2\/users\/1"}],"replies":[{"embeddable":true,"href":"https:\/\/www.nspbr.sk\/web\/wp-json\/wp\/v2\/comments?post=309"}],"version-history":[{"count":6,"href":"https:\/\/www.nspbr.sk\/web\/wp-json\/wp\/v2\/pages\/309\/revisions"}],"predecessor-version":[{"id":9091,"href":"https:\/\/www.nspbr.sk\/web\/wp-json\/wp\/v2\/pages\/309\/revisions\/9091"}],"up":[{"embeddable":true,"href":"https:\/\/www.nspbr.sk\/web\/wp-json\/wp\/v2\/pages\/6"}],"wp:attachment":[{"href":"https:\/\/www.nspbr.sk\/web\/wp-json\/wp\/v2\/media?parent=309"}],"curies":[{"name":"wp","href":"https:\/\/api.w.org\/{rel}","templated":true}]}}