{"id":35,"date":"2018-02-20T09:22:29","date_gmt":"2018-02-20T08:22:29","guid":{"rendered":"http:\/\/nspbr.sk\/web\/?page_id=35"},"modified":"2025-05-29T08:32:32","modified_gmt":"2025-05-29T06:32:32","slug":"liecebna-dlhodobo-chorych","status":"publish","type":"page","link":"https:\/\/www.nspbr.sk\/web\/lozkove-oddelenia\/liecebna-dlhodobo-chorych\/","title":{"rendered":"Lie\u010deb\u0148a dlhodobo chor\u00fdch"},"content":{"rendered":"\n<h1 class=\"wp-block-heading met\">(LDCH)<\/h1>\n\n\n\n<h2 class=\"wp-block-heading\">Prim\u00e1r:&nbsp;<strong>MUDr. Em\u00edlia Bu\u010dkov\u00e1<\/strong><br>Ved\u00faca sestra:&nbsp;<strong>Mgr. Jana Endrekov\u00e1<\/strong><\/h2>\n\n\n\n<h2 class=\"wp-block-heading\">Telef\u00f3n: <strong>048\/2820 307<\/strong><\/h2>\n\n\n\n<h3 class=\"wp-block-heading\"><strong>V \u010dase od 12:30 do 14:30. Upozor\u0148ujeme V\u00e1s, \u017ee na z\u00e1klade GDPR nie je mo\u017en\u00e9 poskytn\u00fa\u0165 inform\u00e1cie o pacientoch telefonicky), inform\u00e1cie o pacientoch osobne po dohode s lek\u00e1rom od 14:00 do 15:00 hod. Inform\u00e1cie 048\/2820 110, vr\u00e1tnica 048\/2820 111<\/strong><\/h3>\n\n\n\n<h2 class=\"wp-block-heading\">Miesto: pr\u00edzemie l\u00f4\u017ekovej \u010dasti NsP Brezno, n.o.<\/h2>\n\n\n\n<p><strong>Inform\u00e1cie:<\/strong><br>Lie\u010deb\u0148a dlhodobo chor\u00fdch poskytuje dlhodob\u00fa a komplexn\u00fa lie\u010debno &#8211; o\u0161etrovate\u013esk\u00fa starostlivos\u0165 s cie\u013eom zmierni\u0165 zdravotn\u00fd deficit dlhodobo chor\u00fdch pacientov, stimulova\u0165 ich pohybov\u00e9 schopnosti, ment\u00e1lne funkcie.<\/p>\n\n\n\n<p><strong><a href=\"http:\/\/nspbr.sk\/web\/ldch\/\">Samostatn\u00fd \u010dl\u00e1nok o LDCH si m\u00f4\u017eete pre\u010d\u00edta\u0165 tu.<\/a><\/strong><\/p>\n\n\n\n<p>Lie\u010deb\u0148a dlhodobo chor\u00fdch v po\u010dte 20 l\u00f4\u017eok je umiestnen\u00e1 na pr\u00edzem\u00ed NsP Brezno. Oddelenie tvoria \u017eensk\u00e9 a mu\u017esk\u00e9 izby. Lie\u010debn\u00e1 starostlivos\u0165 je poskytovan\u00e1 pre pacientov so \u0161irokou \u0161k\u00e1lou ochoren\u00ed, najm\u00e4:<\/p>\n\n\n\n<p>&#8211; s kardiovaskul\u00e1rnymi ochoreniami, preva\u017ene stavy po kardi\u00e1lnej dekompenz\u00e1cii<br>&#8211; po n\u00e1hlych cievnych mozgov\u00fdch pr\u00edhod\u00e1ch<br>&#8211; po \u0165a\u017ek\u00fdch \u00farazoch a frakt\u00farach<br>&#8211; s mal\u00edgnymi ochoreniami org\u00e1nov\u00fdch syst\u00e9mov<br>&#8211; s diabetes mellitus a jeho org\u00e1nov\u00fdch kompik\u00e1cii<br>&#8211; s nehojacimi sa chronick\u00fdmi ulcerami predkolen\u00ed<br>&#8211; s algick\u00fdmi syndr\u00f3mami<\/p>\n\n\n\n<p><strong>Terapeutick\u00e9 v\u00fdkony:&nbsp;<\/strong><br>&#8211; inf\u00fazna terapia<br>&#8211; injek\u010dn\u00e1 terapia<br>&#8211; medikament\u00f3zna terapia<br>&#8211; nutri\u010dn\u00e1 terapia<br>&#8211; rehabilita\u010dn\u00e1 terapia<\/p>\n\n\n\n<p>Lie\u010debn\u00fa starostlivos\u0165 zabezpe\u010duj\u00fa:&nbsp;<strong>2 lek\u00e1ri, 7 sestier, 6 sanit\u00e1rok a 1 zdravotn\u00edcka asistentka&nbsp;<\/strong><\/p>\n\n\n\n<p>Hospitaliz\u00e1ciu indikuje po dohovore s prim\u00e1rom oddelenia praktick\u00fd lek\u00e1r pre dospel\u00fdch, odborn\u00fd ambulantn\u00fd lek\u00e1r, lek\u00e1r z ak\u00fatnych oddelen\u00ed NsP Brezno a in\u00fdch l\u00f4\u017ekov\u00fdch zdravotn\u00edckych zariaden\u00ed. Pri pr\u00edjme na hospitaliz\u00e1ciu paciet prech\u00e1dza cez Centr\u00e1lny pr\u00edjem chor\u00fdch, kde odovzd\u00e1 \u0161atstvo.<br>Pacient je prijat\u00fd lek\u00e1rom a zdravotnou sestrou v priestoroch vy\u0161etrovne na oddelen\u00ed.<\/p>\n\n\n\n<p><strong>Na prijatie je potrebn\u00e9 prinies\u0165:&nbsp;<\/strong><br>&#8211; indika\u010dn\u00fd list od lek\u00e1ra alebo prekladaciu spr\u00e1vu<br>&#8211; preukaz poistenca<br>&#8211; zdravotn\u00fa dokument\u00e1ciu<br>&#8211; hygienick\u00e9 potreby<\/p>\n\n\n\n<p>Nako\u013eko v lie\u010debni dlhodobo chor\u00fdch s\u00fa hospitalizovan\u00ed \u010dasto imobiln\u00ed pacienti, komplexn\u00e1 zdravotn\u00e1 starostlivos\u0165 zah\u0155\u0148a aj pomoc pacientom udr\u017ea\u0165 si adaptabiln\u00e9 spr\u00e1vanie, podporu optim\u00e1lneho stavu a hlbok\u00fd \u013eudsk\u00fd pr\u00edstup.<\/p>\n\n\n\n<p><strong>N\u00e1v\u0161tevn\u00e9 hodiny:&nbsp;<\/strong><br>PONDELOK &#8211; PIATOK: 15.00 &#8211; 17.00<br>SOBOTA, NEDE\u013dA, SVIATOK: 13.00 &#8211; 15.00<\/p>\n\n\n\n<figure class=\"wp-block-image\"><img loading=\"lazy\" decoding=\"async\" width=\"1024\" height=\"576\" src=\"http:\/\/nspbr.sk\/web\/wp-content\/uploads\/2018\/09\/IMG_20171123_092256-1024x576.jpg\" alt=\"\" class=\"wp-image-1035\" srcset=\"https:\/\/www.nspbr.sk\/web\/wp-content\/uploads\/2018\/09\/IMG_20171123_092256-1024x576.jpg 1024w, https:\/\/www.nspbr.sk\/web\/wp-content\/uploads\/2018\/09\/IMG_20171123_092256-300x169.jpg 300w, https:\/\/www.nspbr.sk\/web\/wp-content\/uploads\/2018\/09\/IMG_20171123_092256-768x432.jpg 768w\" sizes=\"auto, (max-width: 1024px) 100vw, 1024px\" \/><\/figure>\n\n\n\n<p><\/p>\n","protected":false},"excerpt":{"rendered":"<p>(LDCH) Prim\u00e1r:&nbsp;MUDr. Em\u00edlia Bu\u010dkov\u00e1Ved\u00faca sestra:&nbsp;Mgr. Jana Endrekov\u00e1 Telef\u00f3n: 048\/2820 307 V \u010dase od 12:30 do 14:30. Upozor\u0148ujeme V\u00e1s, \u017ee na z\u00e1klade GDPR nie je mo\u017en\u00e9 poskytn\u00fa\u0165 inform\u00e1cie o pacientoch telefonicky), inform\u00e1cie o pacientoch osobne po dohode s lek\u00e1rom od 14:00 do 15:00 hod. Inform\u00e1cie 048\/2820 110, vr\u00e1tnica 048\/2820 111 Miesto: pr\u00edzemie l\u00f4\u017ekovej \u010dasti NsP Brezno, [&hellip;]<\/p>\n","protected":false},"author":1,"featured_media":0,"parent":7,"menu_order":0,"comment_status":"closed","ping_status":"closed","template":"","meta":{"_monsterinsights_skip_tracking":false,"_monsterinsights_sitenote_active":false,"_monsterinsights_sitenote_note":"","_monsterinsights_sitenote_category":0,"footnotes":""},"class_list":["post-35","page","type-page","status-publish","hentry"],"_links":{"self":[{"href":"https:\/\/www.nspbr.sk\/web\/wp-json\/wp\/v2\/pages\/35","targetHints":{"allow":["GET"]}}],"collection":[{"href":"https:\/\/www.nspbr.sk\/web\/wp-json\/wp\/v2\/pages"}],"about":[{"href":"https:\/\/www.nspbr.sk\/web\/wp-json\/wp\/v2\/types\/page"}],"author":[{"embeddable":true,"href":"https:\/\/www.nspbr.sk\/web\/wp-json\/wp\/v2\/users\/1"}],"replies":[{"embeddable":true,"href":"https:\/\/www.nspbr.sk\/web\/wp-json\/wp\/v2\/comments?post=35"}],"version-history":[{"count":6,"href":"https:\/\/www.nspbr.sk\/web\/wp-json\/wp\/v2\/pages\/35\/revisions"}],"predecessor-version":[{"id":9172,"href":"https:\/\/www.nspbr.sk\/web\/wp-json\/wp\/v2\/pages\/35\/revisions\/9172"}],"up":[{"embeddable":true,"href":"https:\/\/www.nspbr.sk\/web\/wp-json\/wp\/v2\/pages\/7"}],"wp:attachment":[{"href":"https:\/\/www.nspbr.sk\/web\/wp-json\/wp\/v2\/media?parent=35"}],"curies":[{"name":"wp","href":"https:\/\/api.w.org\/{rel}","templated":true}]}}