{"id":41,"date":"2018-02-20T09:39:02","date_gmt":"2018-02-20T08:39:02","guid":{"rendered":"http:\/\/nspbr.sk\/web\/?page_id=41"},"modified":"2026-01-26T15:24:30","modified_gmt":"2026-01-26T14:24:30","slug":"okl-usek-hematologie-transfuziologie","status":"publish","type":"page","link":"https:\/\/www.nspbr.sk\/web\/nelozkove-oddelenia\/oddelenie-klinickych-laboratorii\/okl-usek-hematologie-transfuziologie\/","title":{"rendered":"OKL &#8211; Hematologick\u00e9 pracovisko"},"content":{"rendered":"\n<p><strong>Prim\u00e1r OKL: MUDr. Anna Maru\u0161kov\u00e1<\/strong><\/p>\n\n\n\n<p><strong>Telef\u00f3n:&nbsp;048\/2820 315 \u2013 laborat\u00f3rium<\/strong><\/p>\n\n\n\n<p><strong>Inform\u00e1cie:<\/strong><\/p>\n\n\n\n<p>Pracovisko klinickej hematol\u00f3gie a&nbsp;krvn\u00e1 banka je s\u00fa\u010das\u0165ou Oddelenia klinick\u00fdch laborat\u00f3ri\u00ed (OKL) NsP Brezno n.o., ktor\u00e9 vzniklo spojen\u00edm oddelen\u00ed klinick\u00e1 bioch\u00e9mia, mikrobiol\u00f3gia a&nbsp;hematol\u00f3gia 01.06.2005.<\/p>\n\n\n\n<p>Krvn\u00e1 banka vznikla po zru\u0161en\u00ed transf\u00fazneho oddelenia 01.01.2009.<\/p>\n\n\n\n<p><strong>Pracovn\u00e1 doba:<\/strong>&nbsp;Nepretr\u017eit\u00e1<\/p>\n\n\n\n<p><strong>Dokumenty na stiahnutie:<\/strong><\/p>\n\n\n\n<div class=\"wp-block-file\"><a id=\"wp-block-file--media-bbf36644-5eac-4e17-a421-fa0fad36d4e2\" href=\"https:\/\/www.nspbr.sk\/web\/wp-content\/uploads\/2023\/10\/Ziadanka-na-hematologicke-vysetrenie.pdf\">\u017diadanka-na-hematologicke-vysetrenie<\/a><\/div>\n\n\n\n<div class=\"wp-block-file\"><a id=\"wp-block-file--media-f47e9fd4-768e-436a-be9b-708f258bf4d9\" href=\"https:\/\/www.nspbr.sk\/web\/wp-content\/uploads\/2023\/10\/Ziadanka-na-imunohematologicke-vysetrenie.pdf\">Ziadanka-na-imunohematologicke-vysetrenie<\/a><\/div>\n\n\n\n<p><a href=\"https:\/\/www.nspbr.sk\/web\/wp-content\/uploads\/2026\/01\/Ziadanka-hematologia-PC.docx\" data-type=\"attachment\" data-id=\"9667\">\u017diadanka na hematologick\u00e9 vy\u0161etrenie PC<\/a> (word editovate\u013en\u00e1)<\/p>\n\n\n\n<p><strong>Lek\u00e1ri:<\/strong><\/p>\n\n\n\n<ul class=\"wp-block-list\">\n<li>MUDr. Maru\u0161kov\u00e1 Anna<\/li>\n\n\n\n<li>tel: 048\/2820 319<br>e-mail: maruskova@nspbr.sk<\/li>\n<\/ul>\n\n\n\n<ul class=\"wp-block-list\">\n<li>MUDr. Latin\u00e1kov\u00e1 Anna<\/li>\n\n\n\n<li>tel: 048\/2820 168<\/li>\n\n\n\n<li>e-mail: latinakova@nspbr.sk<\/li>\n<\/ul>\n\n\n\n<p><strong>Ved\u00faca laborantka:<\/strong><\/p>\n\n\n\n<p>Ing. Michaela Poliakov\u00e1<\/p>\n\n\n\n<p><strong>Zdravotn\u00edcke laborantky:<\/strong><\/p>\n\n\n\n<ul class=\"wp-block-list\">\n<li>Monika Chodelkov\u00e1<\/li>\n\n\n\n<li>Mgr. Izabela Justyna Kubove<\/li>\n\n\n\n<li>Ren\u00e1ta Nos\u00e1\u013eov\u00e1<\/li>\n\n\n\n<li>Jana \u0160alkov\u00e1<\/li>\n\n\n\n<li>Ren\u00e1ta Tok\u00e1rov\u00e1 \u2013 zastupuj\u00faca ved\u00faca laborantka po\u010das MD<\/li>\n\n\n\n<li>Vlasta Vrbovsk\u00e1<\/li>\n<\/ul>\n\n\n\n<p><strong>Sanit\u00e1rka:<\/strong><\/p>\n\n\n\n<ul class=\"wp-block-list\">\n<li>Katar\u00edna Komp\u00e1nekov\u00e1<\/li>\n<\/ul>\n\n\n\n<p><strong>Tel. kontakt:<\/strong><\/p>\n\n\n\n<ul class=\"wp-block-list\">\n<li>Laborat\u00f3rium: 048\/2820 315<\/li>\n\n\n\n<li>Krvn\u00e1 banka: 048\/2820 314<\/li>\n\n\n\n<li>Pohotovostn\u00e1 miestnos\u0165: 048\/2820 315<\/li>\n<\/ul>\n\n\n\n<p><strong>E-mail:<\/strong> <a href=\"mailto:hto@nspbr.sk\">hto@nspbr.sk<\/a><\/p>\n\n\n\n<p>Pracovisko klinickej hematol\u00f3gie a&nbsp;krvnej banky je nel\u00f4\u017ekov\u00e9 oddelenie, ktor\u00e9 je s\u00fa\u010das\u0165ou spolo\u010dn\u00fdch vy\u0161etrovac\u00edch a lie\u010debn\u00fdch zlo\u017eiek (SVaLZ). Svoju \u010dinnos\u0165 vykon\u00e1va v r\u00e1mci lie\u010debne prevent\u00edvnej starostlivosti v&nbsp; samostatnom odbore klinick\u00e1 hematol\u00f3gia a transfuziol\u00f3gia&nbsp; pre v\u0161etky oddelenia a ambulancie NsP Brezno, n.o. a pre s\u00fakromn\u00fdch praktick\u00fdch aj odborn\u00fdch lek\u00e1rov v sp\u00e1dovej oblasti NsP Brezno, n.o., ale aj mimo nej, sp\u00f4sobom nepretr\u017eitej prev\u00e1dzky. V\u00fdsledky vy\u0161etren\u00ed s\u00fa vyd\u00e1van\u00e9 v p\u00edsomnej aj elektronickej forme.<\/p>\n\n\n\n<p><strong>Klinick\u00e1 hematol\u00f3gia<\/strong> vykon\u00e1va komplexn\u00fa laborat\u00f3rnu diagnostiku:<\/p>\n\n\n\n<ul class=\"wp-block-list\">\n<li>Rutinn\u00fa hematol\u00f3giu:<ul><li>vy\u0161etrenia krvn\u00fdch obrazov krvinkov\u00fdmi analyz\u00e1tormi Mindray BC-6200&nbsp;&nbsp;&nbsp;&nbsp;&nbsp;&nbsp;&nbsp; a Mindray BC-780<\/li><\/ul><ul><li>zhotovenie a&nbsp;n\u00e1sledn\u00e9 panoptick\u00e9 farbenie krvn\u00fdch n\u00e1terov<\/li><\/ul>\n<ul class=\"wp-block-list\">\n<li>mikroskopick\u00e9 hodnotenie krvn\u00fdch n\u00e1terov, retikulocytov, trombocytov, leukocytov a&nbsp;eozinofilov<\/li>\n<\/ul>\n<\/li>\n\n\n\n<li>\u0160peci\u00e1lnu morfol\u00f3giu:<ul><li>kvantitat\u00edvne a&nbsp;kvalitat\u00edvne cytologick\u00e9 vy\u0161etrenia n\u00e1terov kostnej drene<\/li><\/ul><ul><li>vy\u0161etrenia likvoru a&nbsp;in\u00fdch telov\u00fdch tekut\u00edn<\/li><\/ul><ul><li>Le \u2013 fenom\u00e9n<\/li><\/ul>\n<ul class=\"wp-block-list\">\n<li>vy\u0161etrenie osmotickej rezistencie erytrocytov<\/li>\n<\/ul>\n<\/li>\n\n\n\n<li>Rutinn\u00fa a&nbsp;\u0161peci\u00e1lnu hemostazeol\u00f3giu pomocou hemostazeologick\u00fdch analyz\u00e1torov Mindray C3510 a&nbsp;Sysmex CA-1500:<ul><li>vy\u0161etrenia krv\u00e1cav\u00fdch stavov<\/li><\/ul><ul><li>vy\u0161etrenia stavov podozriv\u00fdch zo zv\u00fd\u0161enej n\u00e1klonnosti na zr\u00e1\u017eanie krvi<\/li><\/ul>\n<ul class=\"wp-block-list\">\n<li>kontrolu antikoagula\u010dnej lie\u010dby<\/li>\n<\/ul>\n<\/li>\n<\/ul>\n\n\n\n<p><strong>Krvn\u00e1 banka<\/strong><\/p>\n\n\n\n<ul class=\"wp-block-list\">\n<li>vykon\u00e1va laborat\u00f3rne imunohematologick\u00e9 vy\u0161etrenia krvi a krvn\u00fdch zlo\u017eiek<\/li>\n\n\n\n<li>vykon\u00e1va laborat\u00f3rne predtransf\u00fazne imunohematologick\u00e9 vy\u0161etrenia<\/li>\n\n\n\n<li>zabezpe\u010duje dorie\u0161enie potransf\u00faznych reakci\u00ed na \u0161pecializovanom pracovisku NTS Bansk\u00e1 Bystrica<\/li>\n\n\n\n<li>zabezpe\u010duje skladovanie, n\u00e1kup, dovoz, evidenciu pr\u00edjmu a&nbsp;exped\u00edciu transf\u00faznych liekov vo vlastnom zariaden\u00ed<\/li>\n\n\n\n<li>lek\u00e1r so \u0161pecializ\u00e1ciou v&nbsp;odbore klinick\u00e1 hamatol\u00f3gia a transfuziol\u00f3gia poskytuje &nbsp;kvalifikovan\u00fa konzulta\u010dn\u00fa a&nbsp;konzili\u00e1rnu \u010dinnos\u0165 lek\u00e1rom oddelen\u00ed a ambulantn\u00fdm lek\u00e1rom, a tie\u017e interpret\u00e1ciu v\u00fdsledkov laborat\u00f3rnych vy\u0161etren\u00ed<\/li>\n\n\n\n<li>podie\u013ea sa na vzdel\u00e1van\u00ed stredn\u00fdch zdravotn\u00edckych pracovn\u00edkov a&nbsp;lek\u00e1rov oddelen\u00ed<\/li>\n<\/ul>\n\n\n\n<p>Pracovisko HTO spolupracuje s&nbsp;Transf\u00faznou komisiou z&nbsp;poh\u013eadu dodr\u017eiavania indik\u00e1ci\u00ed hemoterapie, dokument\u00e1cie hemoterapie, zaobch\u00e1dzanie s&nbsp;transf\u00faznymi liekmi, pravideln\u00e9 hodnotenie spotreby transf\u00faznych liekov a&nbsp;sledovanie v\u00fdskytu potransf\u00faznych komplik\u00e1ci\u00ed.<\/p>\n\n\n\n<p>Kvalita laborat\u00f3rnej \u010dinnosti je pravidelne overovan\u00e1 intern\u00fdm aj extern\u00fdm medzin\u00e1rodn\u00fdm syst\u00e9mom kvality (EHK) \u2013 SEKK spol. s.r.o. Pardubice so z\u00edskavan\u00edm certifik\u00e1tov a&nbsp;osved\u010den\u00ed.<\/p>\n\n\n\n<figure class=\"wp-block-image size-large is-style-default\"><img loading=\"lazy\" decoding=\"async\" width=\"1024\" height=\"768\" src=\"https:\/\/www.nspbr.sk\/web\/wp-content\/uploads\/2023\/10\/IMG-1539-1024x768.jpg\" alt=\"\" class=\"wp-image-7445\" srcset=\"https:\/\/www.nspbr.sk\/web\/wp-content\/uploads\/2023\/10\/IMG-1539-1024x768.jpg 1024w, https:\/\/www.nspbr.sk\/web\/wp-content\/uploads\/2023\/10\/IMG-1539-300x225.jpg 300w, https:\/\/www.nspbr.sk\/web\/wp-content\/uploads\/2023\/10\/IMG-1539-768x576.jpg 768w, https:\/\/www.nspbr.sk\/web\/wp-content\/uploads\/2023\/10\/IMG-1539-1536x1152.jpg 1536w, https:\/\/www.nspbr.sk\/web\/wp-content\/uploads\/2023\/10\/IMG-1539-2048x1536.jpg 2048w, https:\/\/www.nspbr.sk\/web\/wp-content\/uploads\/2023\/10\/IMG-1539-136x102.jpg 136w\" sizes=\"auto, (max-width: 1024px) 100vw, 1024px\" \/><\/figure>\n\n\n\n<p><\/p>\n\n\n\n<figure class=\"wp-block-image size-large is-style-default\"><img loading=\"lazy\" decoding=\"async\" width=\"1024\" height=\"684\" src=\"https:\/\/www.nspbr.sk\/web\/wp-content\/uploads\/2023\/10\/IMG-1544-1024x684.jpg\" alt=\"\" class=\"wp-image-7444\" srcset=\"https:\/\/www.nspbr.sk\/web\/wp-content\/uploads\/2023\/10\/IMG-1544-1024x684.jpg 1024w, https:\/\/www.nspbr.sk\/web\/wp-content\/uploads\/2023\/10\/IMG-1544-300x200.jpg 300w, https:\/\/www.nspbr.sk\/web\/wp-content\/uploads\/2023\/10\/IMG-1544-768x513.jpg 768w, https:\/\/www.nspbr.sk\/web\/wp-content\/uploads\/2023\/10\/IMG-1544-1536x1025.jpg 1536w, https:\/\/www.nspbr.sk\/web\/wp-content\/uploads\/2023\/10\/IMG-1544-2048x1367.jpg 2048w\" sizes=\"auto, (max-width: 1024px) 100vw, 1024px\" \/><\/figure>\n\n\n\n<p><\/p>\n\n\n\n<p><\/p>\n","protected":false},"excerpt":{"rendered":"<p>Prim\u00e1r OKL: MUDr. Anna Maru\u0161kov\u00e1 Telef\u00f3n:&nbsp;048\/2820 315 \u2013 laborat\u00f3rium Inform\u00e1cie: Pracovisko klinickej hematol\u00f3gie a&nbsp;krvn\u00e1 banka je s\u00fa\u010das\u0165ou Oddelenia klinick\u00fdch laborat\u00f3ri\u00ed (OKL) NsP Brezno n.o., ktor\u00e9 vzniklo spojen\u00edm oddelen\u00ed klinick\u00e1 bioch\u00e9mia, mikrobiol\u00f3gia a&nbsp;hematol\u00f3gia 01.06.2005. Krvn\u00e1 banka vznikla po zru\u0161en\u00ed transf\u00fazneho oddelenia 01.01.2009. Pracovn\u00e1 doba:&nbsp;Nepretr\u017eit\u00e1 Dokumenty na stiahnutie: \u017diadanka na hematologick\u00e9 vy\u0161etrenie PC (word editovate\u013en\u00e1) Lek\u00e1ri: Ved\u00faca [&hellip;]<\/p>\n","protected":false},"author":1,"featured_media":0,"parent":39,"menu_order":0,"comment_status":"closed","ping_status":"closed","template":"","meta":{"_monsterinsights_skip_tracking":false,"_monsterinsights_sitenote_active":false,"_monsterinsights_sitenote_note":"","_monsterinsights_sitenote_category":0,"footnotes":""},"class_list":["post-41","page","type-page","status-publish","hentry"],"_links":{"self":[{"href":"https:\/\/www.nspbr.sk\/web\/wp-json\/wp\/v2\/pages\/41","targetHints":{"allow":["GET"]}}],"collection":[{"href":"https:\/\/www.nspbr.sk\/web\/wp-json\/wp\/v2\/pages"}],"about":[{"href":"https:\/\/www.nspbr.sk\/web\/wp-json\/wp\/v2\/types\/page"}],"author":[{"embeddable":true,"href":"https:\/\/www.nspbr.sk\/web\/wp-json\/wp\/v2\/users\/1"}],"replies":[{"embeddable":true,"href":"https:\/\/www.nspbr.sk\/web\/wp-json\/wp\/v2\/comments?post=41"}],"version-history":[{"count":5,"href":"https:\/\/www.nspbr.sk\/web\/wp-json\/wp\/v2\/pages\/41\/revisions"}],"predecessor-version":[{"id":9673,"href":"https:\/\/www.nspbr.sk\/web\/wp-json\/wp\/v2\/pages\/41\/revisions\/9673"}],"up":[{"embeddable":true,"href":"https:\/\/www.nspbr.sk\/web\/wp-json\/wp\/v2\/pages\/39"}],"wp:attachment":[{"href":"https:\/\/www.nspbr.sk\/web\/wp-json\/wp\/v2\/media?parent=41"}],"curies":[{"name":"wp","href":"https:\/\/api.w.org\/{rel}","templated":true}]}}