{"id":4522,"date":"2020-11-06T09:03:20","date_gmt":"2020-11-06T08:03:20","guid":{"rendered":"https:\/\/www.nspbr.sk\/web\/?page_id=4522"},"modified":"2022-03-16T11:24:00","modified_gmt":"2022-03-16T10:24:00","slug":"covid-19-statistiky","status":"publish","type":"page","link":"https:\/\/www.nspbr.sk\/web\/covid-19-statistiky\/","title":{"rendered":"Covid automat"},"content":{"rendered":"\n<h1 class=\"wp-block-heading\">COVID automat je od 25.11.2021 pozastaven\u00fd.<\/h1>\n\n\n\n<iframe style=\"border:0;width:100%;height:1000px;display:block\" src=\"https:\/\/automat.gov.sk\/brezno\"><\/iframe>\n\n\n\n<h3 class=\"wp-block-heading\">\u0160tatistiky COVID-19<\/h3>\n\n\n\n<iframe style=\"border:0;width:100%;height:1000px;display:block\" src=\"https:\/\/app.powerbi.com\/view?r=eyJrIjoiZmVhNjM2ZmQtMDQ2NS00NDBjLWJkMjItYjNkZTZiNzY4NzQyIiwidCI6IjMxMGJhNTk1LTAxM2MtNDAyZC05ZWYyLWI1N2Q1ZjFkY2Q2MyIsImMiOjl9\"><\/iframe>\n\n\n\n<h3 class=\"wp-block-heading\">Testy na COVID-19<\/h3>\n\n\n\n<iframe style=\"border:0;width:100%;height:500px;display:block\" src=\"https:\/\/mapa.covid.chat\/embed\/\"><\/iframe>\n\n\n\n<p><\/p>\n\n\n\n<iframe style=\"border:0;width:100%;height:300px;display:block\" src=\"https:\/\/mapa.covid.chat\/table\"><\/iframe>\n\n\n\n<p><\/p>\n\n\n\nCelkov\u00fd v\u00fdvoj:<iframe style=\"border:0;width:100%;height:300px;display:block\" src=\"https:\/\/mapa.covid.chat\/chart\"><\/iframe>\nDenn\u00fd po\u010det nov\u00fdch PCR testov a potvrden\u00fdch\n<iframe style=\"border:0;width:100%;height:300px;display:block\" src=\"https:\/\/mapa.covid.chat\/chart\/daily\"><\/iframe>\n7-d\u0148ov\u00fd k\u013azav\u00fd medi\u00e1n\n<iframe style=\"border:0;width:100%;height:300px;display:block\" src=\"https:\/\/mapa.covid.chat\/chart\/median\"><\/iframe>\n\n\n\n<h3 class=\"wp-block-heading\">Celosvetov\u00e9 \u0161tatistiky<\/h3>\n\n\n\n<figure class=\"wp-block-embed is-type-video is-provider-youtube wp-block-embed-youtube wp-embed-aspect-4-3 wp-has-aspect-ratio\"><div class=\"wp-block-embed__wrapper\">\n<iframe loading=\"lazy\" title=\"[LIVE] Coronavirus Pandemic: Real Time Dashboard, World Maps, Charts, News\" width=\"640\" height=\"480\" src=\"https:\/\/www.youtube.com\/embed\/NMre6IAAAiU?feature=oembed\" frameborder=\"0\" allow=\"accelerometer; autoplay; clipboard-write; encrypted-media; gyroscope; picture-in-picture; web-share\" referrerpolicy=\"strict-origin-when-cross-origin\" allowfullscreen><\/iframe>\n<\/div><\/figure>\n","protected":false},"excerpt":{"rendered":"<p>COVID automat je od 25.11.2021 pozastaven\u00fd. \u0160tatistiky COVID-19 Testy na COVID-19 Celkov\u00fd v\u00fdvoj: Denn\u00fd po\u010det nov\u00fdch PCR testov a potvrden\u00fdch 7-d\u0148ov\u00fd k\u013azav\u00fd medi\u00e1n Celosvetov\u00e9 \u0161tatistiky<\/p>\n","protected":false},"author":1,"featured_media":0,"parent":0,"menu_order":0,"comment_status":"closed","ping_status":"closed","template":"","meta":{"_monsterinsights_skip_tracking":false,"_monsterinsights_sitenote_active":false,"_monsterinsights_sitenote_note":"","_monsterinsights_sitenote_category":0,"footnotes":""},"class_list":["post-4522","page","type-page","status-publish","hentry"],"_links":{"self":[{"href":"https:\/\/www.nspbr.sk\/web\/wp-json\/wp\/v2\/pages\/4522","targetHints":{"allow":["GET"]}}],"collection":[{"href":"https:\/\/www.nspbr.sk\/web\/wp-json\/wp\/v2\/pages"}],"about":[{"href":"https:\/\/www.nspbr.sk\/web\/wp-json\/wp\/v2\/types\/page"}],"author":[{"embeddable":true,"href":"https:\/\/www.nspbr.sk\/web\/wp-json\/wp\/v2\/users\/1"}],"replies":[{"embeddable":true,"href":"https:\/\/www.nspbr.sk\/web\/wp-json\/wp\/v2\/comments?post=4522"}],"version-history":[{"count":5,"href":"https:\/\/www.nspbr.sk\/web\/wp-json\/wp\/v2\/pages\/4522\/revisions"}],"predecessor-version":[{"id":6216,"href":"https:\/\/www.nspbr.sk\/web\/wp-json\/wp\/v2\/pages\/4522\/revisions\/6216"}],"wp:attachment":[{"href":"https:\/\/www.nspbr.sk\/web\/wp-json\/wp\/v2\/media?parent=4522"}],"curies":[{"name":"wp","href":"https:\/\/api.w.org\/{rel}","templated":true}]}}