{"id":47,"date":"2018-02-20T09:42:19","date_gmt":"2018-02-20T08:42:19","guid":{"rendered":"http:\/\/nspbr.sk\/web\/?page_id=47"},"modified":"2025-05-29T08:51:51","modified_gmt":"2025-05-29T06:51:51","slug":"radio-diagnosticke-oddelenie","status":"publish","type":"page","link":"https:\/\/www.nspbr.sk\/web\/nelozkove-oddelenia\/radio-diagnosticke-oddelenie\/","title":{"rendered":"R\u00e1dio-diagnostick\u00e9 oddelenie"},"content":{"rendered":"\n<h2 class=\"wp-block-heading\">Prim\u00e1r:&nbsp;<strong>MUDr. Miroslav Ko\u0161\u00edk<\/strong><br>Ved\u00faci laborant:&nbsp;<strong>Rastislav Balcar<\/strong><\/h2>\n\n\n\n<h2 class=\"wp-block-heading\">Telef\u00f3n: <strong>048\/2820 351<\/strong> <strong>&#8211; v\u00fdsledky<\/strong><\/h2>\n\n\n\n<h2 class=\"wp-block-heading\"><strong>048\/2820 110 objedn\u00e1vanie<\/strong><\/h2>\n\n\n\n<p><a href=\"http:\/\/nspbr.sk\/web\/radio-diagnosticke-oddelenie\/\">Viac o oddelen\u00ed si m\u00f4\u017eete pre\u010d\u00edta\u0165 v samostatnom \u010dl\u00e1nku.<\/a><\/p>\n\n\n\n<p><a href=\"http:\/\/www.nspbr.sk\/doc\/na-stiahnutie\/Ziadanka_na_CT-NsPBR.pdf\" title=\"\">\u017diadanka na CT<\/a><\/p>\n\n\n\n<p><strong>Inform\u00e1cie:<\/strong><br>R\u00e1diodiagnostika je samostatn\u00fdm medic\u00ednskym odborom zaoberaj\u00facim sa vyu\u017eit\u00edm ioniza\u010dn\u00e9ho \u017eiarenia a in\u00fdch druhov energi\u00ed, na zobrazovanie \u013eudsk\u00e9ho tela a jeho chorobn\u00fdch zmien.<br>V r\u00e1mci lie\u010debno-prevent\u00edvnej starostlivosti poskytuje na\u0161e oddelenie spektrum diagnostick\u00fdch vy\u0161etren\u00ed, be\u017en\u00e9 skiagrafick\u00e9 vy\u0161etrenia, kontrastne skiagrafick\u00e9 vy\u0161etrenia, celotelov\u00e9 ultrasonografick\u00e9 vy\u0161etrenia, mamografick\u00e9 vy\u0161etrenia, CT vy\u0161etrenia pre sp\u00e1dov\u00fa oblas\u0165 Brezna. Mamografick\u00e9 a CT vy\u0161etrenia poskytujeme aj pre pacientov z okresu Rev\u00faca.<\/p>\n\n\n\n<figure class=\"wp-block-embed is-type-video is-provider-youtube wp-block-embed-youtube wp-embed-aspect-16-9 wp-has-aspect-ratio\"><div class=\"wp-block-embed__wrapper\">\n<iframe loading=\"lazy\" title=\"Nov\u00e9 modern\u00e9 digit\u00e1lne r\u00f6ntgenov\u00e9 pracovisko v NsP Brezno, n.o.\" width=\"640\" height=\"360\" src=\"https:\/\/www.youtube.com\/embed\/PSLPBFHdewk?feature=oembed\" frameborder=\"0\" allow=\"accelerometer; autoplay; clipboard-write; encrypted-media; gyroscope; picture-in-picture; web-share\" referrerpolicy=\"strict-origin-when-cross-origin\" allowfullscreen><\/iframe>\n<\/div><\/figure>\n\n\n\n<figure class=\"wp-block-gallery has-nested-images columns-3 is-cropped wp-block-gallery-1 is-layout-flex wp-block-gallery-is-layout-flex\">\n<figure class=\"wp-block-image size-large is-style-default\"><img loading=\"lazy\" decoding=\"async\" width=\"1024\" height=\"683\" data-id=\"5512\" src=\"https:\/\/www.nspbr.sk\/web\/wp-content\/uploads\/2021\/10\/IMG_20211005_140007-1024x683.jpg\" alt=\"\" class=\"wp-image-5512\" srcset=\"https:\/\/www.nspbr.sk\/web\/wp-content\/uploads\/2021\/10\/IMG_20211005_140007-1024x683.jpg 1024w, https:\/\/www.nspbr.sk\/web\/wp-content\/uploads\/2021\/10\/IMG_20211005_140007-300x200.jpg 300w, https:\/\/www.nspbr.sk\/web\/wp-content\/uploads\/2021\/10\/IMG_20211005_140007-768x512.jpg 768w, https:\/\/www.nspbr.sk\/web\/wp-content\/uploads\/2021\/10\/IMG_20211005_140007-1536x1024.jpg 1536w, https:\/\/www.nspbr.sk\/web\/wp-content\/uploads\/2021\/10\/IMG_20211005_140007-2048x1365.jpg 2048w\" sizes=\"auto, (max-width: 1024px) 100vw, 1024px\" \/><\/figure>\n\n\n\n<figure class=\"wp-block-image size-large is-style-default\"><img loading=\"lazy\" decoding=\"async\" width=\"768\" height=\"1024\" data-id=\"5513\" src=\"https:\/\/www.nspbr.sk\/web\/wp-content\/uploads\/2021\/10\/IMG_20211005_140115-768x1024.jpg\" alt=\"\" class=\"wp-image-5513\" srcset=\"https:\/\/www.nspbr.sk\/web\/wp-content\/uploads\/2021\/10\/IMG_20211005_140115-768x1024.jpg 768w, https:\/\/www.nspbr.sk\/web\/wp-content\/uploads\/2021\/10\/IMG_20211005_140115-225x300.jpg 225w, https:\/\/www.nspbr.sk\/web\/wp-content\/uploads\/2021\/10\/IMG_20211005_140115-1152x1536.jpg 1152w, https:\/\/www.nspbr.sk\/web\/wp-content\/uploads\/2021\/10\/IMG_20211005_140115-1536x2048.jpg 1536w, https:\/\/www.nspbr.sk\/web\/wp-content\/uploads\/2021\/10\/IMG_20211005_140115-scaled.jpg 1920w\" sizes=\"auto, (max-width: 768px) 100vw, 768px\" \/><\/figure>\n\n\n\n<figure class=\"wp-block-image size-large is-style-default\"><img loading=\"lazy\" decoding=\"async\" width=\"768\" height=\"1024\" data-id=\"5049\" src=\"https:\/\/www.nspbr.sk\/web\/wp-content\/uploads\/2021\/05\/IMG_20210503_073255-768x1024.jpg\" alt=\"\" class=\"wp-image-5049\" srcset=\"https:\/\/www.nspbr.sk\/web\/wp-content\/uploads\/2021\/05\/IMG_20210503_073255-768x1024.jpg 768w, https:\/\/www.nspbr.sk\/web\/wp-content\/uploads\/2021\/05\/IMG_20210503_073255-225x300.jpg 225w, https:\/\/www.nspbr.sk\/web\/wp-content\/uploads\/2021\/05\/IMG_20210503_073255-1152x1536.jpg 1152w, https:\/\/www.nspbr.sk\/web\/wp-content\/uploads\/2021\/05\/IMG_20210503_073255-1536x2048.jpg 1536w, https:\/\/www.nspbr.sk\/web\/wp-content\/uploads\/2021\/05\/IMG_20210503_073255-scaled.jpg 1920w\" sizes=\"auto, (max-width: 768px) 100vw, 768px\" \/><\/figure>\n\n\n\n<figure class=\"wp-block-image size-large is-style-default\"><img loading=\"lazy\" decoding=\"async\" width=\"1024\" height=\"768\" data-id=\"5047\" src=\"https:\/\/www.nspbr.sk\/web\/wp-content\/uploads\/2021\/05\/IMG_20210503_072925-1024x768.jpg\" alt=\"\" class=\"wp-image-5047\" srcset=\"https:\/\/www.nspbr.sk\/web\/wp-content\/uploads\/2021\/05\/IMG_20210503_072925-1024x768.jpg 1024w, https:\/\/www.nspbr.sk\/web\/wp-content\/uploads\/2021\/05\/IMG_20210503_072925-300x225.jpg 300w, https:\/\/www.nspbr.sk\/web\/wp-content\/uploads\/2021\/05\/IMG_20210503_072925-768x576.jpg 768w, https:\/\/www.nspbr.sk\/web\/wp-content\/uploads\/2021\/05\/IMG_20210503_072925-1536x1152.jpg 1536w, https:\/\/www.nspbr.sk\/web\/wp-content\/uploads\/2021\/05\/IMG_20210503_072925-2048x1536.jpg 2048w, https:\/\/www.nspbr.sk\/web\/wp-content\/uploads\/2021\/05\/IMG_20210503_072925-136x102.jpg 136w\" sizes=\"auto, (max-width: 1024px) 100vw, 1024px\" \/><\/figure>\n\n\n\n<figure class=\"wp-block-image size-large is-style-default\"><img loading=\"lazy\" decoding=\"async\" width=\"1024\" height=\"768\" data-id=\"5046\" src=\"https:\/\/www.nspbr.sk\/web\/wp-content\/uploads\/2021\/05\/IMG_20210503_072649-1024x768.jpg\" alt=\"\" class=\"wp-image-5046\" srcset=\"https:\/\/www.nspbr.sk\/web\/wp-content\/uploads\/2021\/05\/IMG_20210503_072649-1024x768.jpg 1024w, https:\/\/www.nspbr.sk\/web\/wp-content\/uploads\/2021\/05\/IMG_20210503_072649-300x225.jpg 300w, https:\/\/www.nspbr.sk\/web\/wp-content\/uploads\/2021\/05\/IMG_20210503_072649-768x576.jpg 768w, https:\/\/www.nspbr.sk\/web\/wp-content\/uploads\/2021\/05\/IMG_20210503_072649-1536x1152.jpg 1536w, https:\/\/www.nspbr.sk\/web\/wp-content\/uploads\/2021\/05\/IMG_20210503_072649-2048x1536.jpg 2048w, https:\/\/www.nspbr.sk\/web\/wp-content\/uploads\/2021\/05\/IMG_20210503_072649-136x102.jpg 136w\" sizes=\"auto, (max-width: 1024px) 100vw, 1024px\" \/><\/figure>\n<\/figure>\n\n\n\n<h2 class=\"wp-block-heading\"><img decoding=\"async\" src=\"http:\/\/www.nspbr.sk\/images\/thumb-profile\/IMG_4730.jpg\" alt=\"\"><\/h2>\n\n\n\n<h2 class=\"wp-block-heading\"><img decoding=\"async\" class=\"alignleft\" title=\"\" src=\"http:\/\/www.nspbr.sk\/images\/thumb-profile\/IMG_4730.jpg\" alt=\"\" align=\"right\"><\/h2>\n","protected":false},"excerpt":{"rendered":"<p>Prim\u00e1r:&nbsp;MUDr. Miroslav Ko\u0161\u00edkVed\u00faci laborant:&nbsp;Rastislav Balcar Telef\u00f3n: 048\/2820 351 &#8211; v\u00fdsledky 048\/2820 110 objedn\u00e1vanie Viac o oddelen\u00ed si m\u00f4\u017eete pre\u010d\u00edta\u0165 v samostatnom \u010dl\u00e1nku. \u017diadanka na CT Inform\u00e1cie:R\u00e1diodiagnostika je samostatn\u00fdm medic\u00ednskym odborom zaoberaj\u00facim sa vyu\u017eit\u00edm ioniza\u010dn\u00e9ho \u017eiarenia a in\u00fdch druhov energi\u00ed, na zobrazovanie \u013eudsk\u00e9ho tela a jeho chorobn\u00fdch zmien.V r\u00e1mci lie\u010debno-prevent\u00edvnej starostlivosti poskytuje na\u0161e oddelenie spektrum diagnostick\u00fdch [&hellip;]<\/p>\n","protected":false},"author":1,"featured_media":0,"parent":8,"menu_order":0,"comment_status":"closed","ping_status":"closed","template":"","meta":{"_monsterinsights_skip_tracking":false,"_monsterinsights_sitenote_active":false,"_monsterinsights_sitenote_note":"","_monsterinsights_sitenote_category":0,"footnotes":""},"class_list":["post-47","page","type-page","status-publish","hentry"],"_links":{"self":[{"href":"https:\/\/www.nspbr.sk\/web\/wp-json\/wp\/v2\/pages\/47","targetHints":{"allow":["GET"]}}],"collection":[{"href":"https:\/\/www.nspbr.sk\/web\/wp-json\/wp\/v2\/pages"}],"about":[{"href":"https:\/\/www.nspbr.sk\/web\/wp-json\/wp\/v2\/types\/page"}],"author":[{"embeddable":true,"href":"https:\/\/www.nspbr.sk\/web\/wp-json\/wp\/v2\/users\/1"}],"replies":[{"embeddable":true,"href":"https:\/\/www.nspbr.sk\/web\/wp-json\/wp\/v2\/comments?post=47"}],"version-history":[{"count":5,"href":"https:\/\/www.nspbr.sk\/web\/wp-json\/wp\/v2\/pages\/47\/revisions"}],"predecessor-version":[{"id":9187,"href":"https:\/\/www.nspbr.sk\/web\/wp-json\/wp\/v2\/pages\/47\/revisions\/9187"}],"up":[{"embeddable":true,"href":"https:\/\/www.nspbr.sk\/web\/wp-json\/wp\/v2\/pages\/8"}],"wp:attachment":[{"href":"https:\/\/www.nspbr.sk\/web\/wp-json\/wp\/v2\/media?parent=47"}],"curies":[{"name":"wp","href":"https:\/\/api.w.org\/{rel}","templated":true}]}}