{"id":49,"date":"2023-01-20T13:08:54","date_gmt":"2023-01-20T12:08:54","guid":{"rendered":"http:\/\/nspbr.sk\/web\/?page_id=49"},"modified":"2025-05-29T08:44:35","modified_gmt":"2025-05-29T06:44:35","slug":"hemodialyzacne-oddelenie","status":"publish","type":"page","link":"https:\/\/www.nspbr.sk\/web\/nelozkove-oddelenia\/oddelenie-klinickych-laboratorii\/hemodialyzacne-oddelenie\/","title":{"rendered":"Hemodialyza\u010dn\u00e9 oddelenie"},"content":{"rendered":"\n<h2 class=\"wp-block-heading\">Prim\u00e1r:&nbsp;<strong>MUDr. Monika Mar\u010dokov\u00e1<\/strong><br>Ved\u00faca sestra:&nbsp;<strong>Mgr. Anna Bo\u0161e\u013eov\u00e1<\/strong><br>Lek\u00e1r:&nbsp;<strong>MUDr. Latin\u00e1kov\u00e1 Anna<\/strong><br>Telef\u00f3n:&nbsp;<strong>048\/ 2820 511<\/strong><\/h2>\n\n\n\n<p><strong>Inform\u00e1cie:<\/strong><br>Hemodialyza\u010dn\u00e9 oddelenie za\u010dalo v NsP Brezno,n.o. pracova\u0165 od roku 1992 v proviz\u00f3rnych priestoroch pr\u00edzemia intern\u00e9ho oddelenia s tromi dialyza\u010dn\u00fdmi pr\u00edstrojmi firmy Fresenius.<br>V roku 1995 bolo v samostatnom bloku nemocnice na z\u00e1padnej strane \/nad vr\u00e1tnicou\/ do prev\u00e1dzky spusten\u00e9 novovybudovan\u00e9 dialyza\u010dn\u00e9 oddelenie \/kde funguje doteraz\/, ktor\u00e9 za\u010dalo pracova\u0165 na dialyza\u010dn\u00fdch pr\u00edstrojoch od nemeckej firmy Fresenius a \u0161vedskej firmy Gambro.<br>V d\u00f4sledku prib\u00fadania pacientov sa oddelenie roz\u0161\u00edrilo o jednu ak\u00fatnu miestnos\u0165 \/v ktorej sa dialyzuj\u00fa ak\u00fatne stavy z in\u00fdch oddelen\u00ed\/ a dva dialyza\u010dn\u00e9 pr\u00edstroje.<br>V s\u00fa\u010dasnosti hemodialyza\u010dn\u00e9 oddelenie pracuje na 10-tich modern\u00fdch dialyza\u010dn\u00fdch pr\u00edstrojoch firmy Fresenius 5008S a 4008S. Pri ka\u017edom dialyza\u010dnom pr\u00edstroji je umiestnen\u00e9 polohovate\u013en\u00e9 l\u00f4\u017eko, z ktor\u00e9ho m\u00f4\u017ee pacient sledova\u0165 telev\u00edziu.<br>K hemodial\u00fdze pou\u017e\u00edvame v\u00fdhradne vysoko kvalitn\u00e9 polysulf\u00f3nov\u00e9 high-fluxov\u00e9 dialyz\u00e1tory.<br>Na hemodialyza\u010dnom oddelen\u00ed pracuje 7 vysoko\u0161pecializovan\u00fdch, odborne vzdelan\u00fdch sestier, ktor\u00e9 vykon\u00e1vaj\u00fa dialyza\u010dn\u00fa lie\u010dbu v dvojzmennej a trojzmennej prev\u00e1dzke.<\/p>\n\n\n\n<p>Dvojzmenn\u00e1 prev\u00e1dzka zabezpe\u010duje dial\u00fdzu: utorok &#8211; \u0161tvrtok &#8211; sobota<br>&#8211; denn\u00e1 zmena: 6.00 hod &#8211; 14.00 hod<br>&#8211; poobedn\u00e1 zmena: 14.00 hod &#8211; 22.00 hod<\/p>\n\n\n\n<p>Trojzmenn\u00e1 prev\u00e1dzka zabezpe\u010duje dial\u00fdzu: pondelok &#8211; streda &#8211; piatok<br>&#8211; denn\u00e1 zmena: 6.00 hod &#8211; 18.00 hod<br>&#8211; no\u010dn\u00e1 zmena: 18.00 &#8211; 6.00 hod.<\/p>\n\n\n\n<p>O pohodlie, spokojnos\u0165 a psychick\u00fa pohodu sa spolu so sestrami staraj\u00fa 2 sanit\u00e1rky, o \u010distotu a dodr\u017eiavanie hygienicko-epidemiologick\u00fdch opatren\u00ed a postupov pod\u013ea intern\u00e9ho \u0161tandardu 2 upratova\u010dky.<br>Hemodialyza\u010dn\u00e9 oddelenie lie\u010di pacientov dvoma variantmi mimotelovej elimina\u010dnej lie\u010dby:<br>\u2022 hemodial\u00fdzou<br>\u2022 hemodiafiltr\u00e1ciou.<\/p>\n\n\n\n<p>K hemodial\u00fdze je potrebn\u00e1 aj kvalitn\u00e1 voda, ktor\u00e1 je zabezpe\u010dovan\u00e1 reverznou osm\u00f3zou \u201e\u00fapravov\u0148ou vody\u201c od firmy Fresenius, kde pravideln\u00e9 chemick\u00e9 a mikrobiologick\u00e9 rozbory vykazuj\u00fa vynikaj\u00facu kvalitu vody pre dial\u00fdzu.<br>S\u00fa\u010das\u0165ou hemodialyza\u010dn\u00e9ho oddelenia je nefrologick\u00e1 ambulancia, ktor\u00e1 sa nach\u00e1dza pri vstupe hemodialyza\u010dn\u00e9ho oddelenia spolu so \u0161at\u0148ami pre pacientov.<br>Person\u00e1l hemodialyza\u010dn\u00e9ho oddelenia sa neust\u00e1le vzdel\u00e1va v d\u00f4sledku vysok\u00fdch n\u00e1rokov, ktor\u00e9 s\u00fa na nich kladen\u00e9 zo strany pacientov, ale aj zo strany technick\u00e9ho vybavenia oddelenia.<br>90% sestier m\u00e1 vysoko\u0161kolsk\u00e9 vzdelanie a v\u0161etky maj\u00fa \u0161pecializa\u010dn\u00e9 postgradu\u00e1lne \u0161t\u00fadium.<br>T\u00edm zdravotn\u00edckych pracovn\u00edkov hemodialyza\u010dn\u00e9ho oddelenia je k dispoz\u00edcii nielen chronick\u00fdm pacientom, ale aj dovolenkov\u00fdm, \u010di u\u017e z domova alebo zahrani\u010dia &#8211; v\u0161etk\u00fdm, kto potrebuje ich pomoc.<\/p>\n\n\n\n<p><strong>Kontakt:<\/strong><br>Oddelenie: 048\/2820 560 \u2013 prim\u00e1r e-mail: marcokova@nspbr.sk<br>048\/2820 168 \u2013 lek\u00e1r<br>048\/2820 511 &#8211; sestry<\/p>\n\n\n\n<p>Ambulancia: 048\/2820 227 \u2013 sestra<br>048\/2820 217 \u2013 lek\u00e1r<\/p>\n","protected":false},"excerpt":{"rendered":"<p>Prim\u00e1r:&nbsp;MUDr. Monika Mar\u010dokov\u00e1Ved\u00faca sestra:&nbsp;Mgr. Anna Bo\u0161e\u013eov\u00e1Lek\u00e1r:&nbsp;MUDr. Latin\u00e1kov\u00e1 AnnaTelef\u00f3n:&nbsp;048\/ 2820 511 Inform\u00e1cie:Hemodialyza\u010dn\u00e9 oddelenie za\u010dalo v NsP Brezno,n.o. pracova\u0165 od roku 1992 v proviz\u00f3rnych priestoroch pr\u00edzemia intern\u00e9ho oddelenia s tromi dialyza\u010dn\u00fdmi pr\u00edstrojmi firmy Fresenius.V roku 1995 bolo v samostatnom bloku nemocnice na z\u00e1padnej strane \/nad vr\u00e1tnicou\/ do prev\u00e1dzky spusten\u00e9 novovybudovan\u00e9 dialyza\u010dn\u00e9 oddelenie \/kde funguje doteraz\/, ktor\u00e9 za\u010dalo [&hellip;]<\/p>\n","protected":false},"author":1,"featured_media":0,"parent":39,"menu_order":0,"comment_status":"closed","ping_status":"closed","template":"","meta":{"_monsterinsights_skip_tracking":false,"_monsterinsights_sitenote_active":false,"_monsterinsights_sitenote_note":"","_monsterinsights_sitenote_category":0,"footnotes":""},"class_list":["post-49","page","type-page","status-publish","hentry"],"_links":{"self":[{"href":"https:\/\/www.nspbr.sk\/web\/wp-json\/wp\/v2\/pages\/49","targetHints":{"allow":["GET"]}}],"collection":[{"href":"https:\/\/www.nspbr.sk\/web\/wp-json\/wp\/v2\/pages"}],"about":[{"href":"https:\/\/www.nspbr.sk\/web\/wp-json\/wp\/v2\/types\/page"}],"author":[{"embeddable":true,"href":"https:\/\/www.nspbr.sk\/web\/wp-json\/wp\/v2\/users\/1"}],"replies":[{"embeddable":true,"href":"https:\/\/www.nspbr.sk\/web\/wp-json\/wp\/v2\/comments?post=49"}],"version-history":[{"count":5,"href":"https:\/\/www.nspbr.sk\/web\/wp-json\/wp\/v2\/pages\/49\/revisions"}],"predecessor-version":[{"id":9183,"href":"https:\/\/www.nspbr.sk\/web\/wp-json\/wp\/v2\/pages\/49\/revisions\/9183"}],"up":[{"embeddable":true,"href":"https:\/\/www.nspbr.sk\/web\/wp-json\/wp\/v2\/pages\/39"}],"wp:attachment":[{"href":"https:\/\/www.nspbr.sk\/web\/wp-json\/wp\/v2\/media?parent=49"}],"curies":[{"name":"wp","href":"https:\/\/api.w.org\/{rel}","templated":true}]}}