{"id":51,"date":"2018-02-20T09:44:46","date_gmt":"2018-02-20T08:44:46","guid":{"rendered":"http:\/\/nspbr.sk\/web\/?page_id=51"},"modified":"2026-01-30T12:17:50","modified_gmt":"2026-01-30T11:17:50","slug":"fyziatricko-rehabilitacne-oddelenie","status":"publish","type":"page","link":"https:\/\/www.nspbr.sk\/web\/nelozkove-oddelenia\/fyziatricko-rehabilitacne-oddelenie\/","title":{"rendered":"Fyziatricko &#8211; rehabilita\u010dn\u00e9 oddelenie"},"content":{"rendered":"\n<h2 class=\"wp-block-heading\"><img decoding=\"async\" src=\"http:\/\/www.nspbr.sk\/images\/thumb-profile\/IMG_7799.jpg\" alt=\"\">Prim\u00e1r:\u00a0<strong>MUDr. Ivana Moj\u017ei\u0161ov\u00e1<\/strong><br>Ved\u00faci fyzioterapeut:\u00a0<strong>Bc. Bernadeta Bauerov\u00e1\u00a0<\/strong><\/h2>\n\n\n\n<p>Telef\u00f3n:&nbsp;<strong>048\/ 2820 387<\/strong><br>Mail:&nbsp;<strong>fro@nspbr.sk<\/strong><\/p>\n\n\n\n<p><strong><a href=\"https:\/\/www.nspbr.sk\/web\/prevadzka-fro\/\">Pozor zmena od 6.4.2020!!\u010c\u00edtajte \u010falej TU!<\/a><\/strong><\/p>\n\n\n\n<p><strong>Pracovn\u00edci oddelenia:<\/strong><br>&#8211; 1 lek\u00e1r &#8211; 6 fyzioterapeutov<br>&#8211; 2 Mas\u00e9ri<br>&#8211; 1 dokumenta\u010dn\u00fd pracovn\u00edk<\/p>\n\n\n\n<p><strong>Inform\u00e1cie:<\/strong><\/p>\n\n\n\n<p><a href=\"http:\/\/nspbr.sk\/web\/fyziatricko-rehabilitacne-oddelenie\/\">Samostatn\u00fd \u010dl\u00e1nok o oddelen\u00ed si m\u00f4\u017eete pre\u010d\u00edta\u0165 tu.<\/a><\/p>\n\n\n\n<p><img decoding=\"async\" src=\"http:\/\/www.nspbr.sk\/images\/thumb-profile\/IMG_7795.jpg\" alt=\"\">Indikova\u0165 rehabilita\u010dn\u00fa lie\u010dbu m\u00f4\u017ee v\u00fdlu\u010dne rehabilita\u010dn\u00fd lek\u00e1r. Zhodnot\u00ed a naordinuje lie\u010dbu pacientov s ochoren\u00edm pohybov\u00e9ho apar\u00e1tu, pacientov po \u00farazoch, s neurologick\u00fdmi ochoreniami, po oper\u00e1ci\u00e1ch, s kardiovaskul\u00e1rnymi a d\u00fdchac\u00edmi chorobami, v detskom veku aj dospel\u00fdch. Pacientov m\u00f4\u017ee posla\u0165 na rehabilit\u00e1ciu v\u0161eobecn\u00fd lek\u00e1r alebo \u0161pecialista s v\u00fdmenn\u00fdm l\u00edstkom (doporu\u010den\u00edm na lie\u010dbu).<\/p>\n\n\n\n<p>Ak sa pr\u00eddete na rehabilita\u010dn\u00e9 oddelenie lie\u010di\u0165, zastavte sa najprv v kartot\u00e9ke. Lek\u00e1r na&nbsp;<a href=\"http:\/\/www.nspbr.sk\/index.php?clanok=ambulancie&amp;nazov_ambulancie=fra\"><strong>ambulancii<\/strong><\/a>&nbsp;vykon\u00e1 vstupn\u00e9 vy\u0161etrenie, naordinuje kompletn\u00fa rehabilita\u010dn\u00fa lie\u010dbu a pacient sa vr\u00e1ti znovu do kartot\u00e9ky kde ho sestri\u010dka na\u010dasuje na naordinovan\u00e9 proced\u00fary. Pacienti sa na vstupn\u00e9 a kontroln\u00e9 vy\u0161etrenia objedn\u00e1vaj\u00fa.<br><em>Prednostne sa vy\u0161etruj\u00fa zdravotn\u00edcky pracovn\u00edci, mal\u00e9 deti a pacienti pod\u013ea ak\u00fatnosti ochorenia.<\/em><\/p>\n\n\n\n<p><strong>Pracovn\u00fd \u010das oddelenia:<\/strong><br>Pondelok a\u017e Piatok od 7:00 \u2013 15:00<br>Od 12:00 &#8211; 12:30 Obed.prest\u00e1vka<\/p>\n\n\n\n<p><strong>Oddelenie vykon\u00e1va:<\/strong><\/p>\n\n\n\n<p>&#8211;&nbsp;<strong>Elektrolie\u010dbu<\/strong>&nbsp;pri ktorej sa vyu\u017e\u00edva lie\u010debn\u00fd \u00fa\u010dinok r\u00f4znych foriem elektrickej energie,ktor\u00e1 ovplyv\u0148uje metabolizmus tkan\u00edv alebo funkciu org\u00e1nov<br>&#8211; jednosmern\u00e9 pr\u00fady \u2013 galvaniz\u00e1cia, ionofor\u00e9za, hydrogalvan<br>&#8211; impulzn\u00e9 a striedav\u00e9 \u2013 elektrogymnastika,elektrostimul\u00e1cia ochrnut\u00fdch a oslaben\u00fdch svalov<br>&#8211; zmie\u0161an\u00e9 pr\u00fady \u2013 diadynamick\u00e9 pr\u00fady<br>&#8211; strednofrekven\u010dn\u00e9 pr\u00fady \u2013 interdyn, tens pr\u00fady<br>&#8211; vysokofrekven\u010dn\u00e9 pr\u00fady \u2013 ultrazvuk<br>&#8211; magnetoterapiu<br>&#8211; svetlolie\u010dbu \u2013 solux, UV \u017eiarenie, laser<br>&#8211; telef\u00f3nny kontakt 048\/2820 395<\/p>\n\n\n\n<p><img decoding=\"async\" src=\"http:\/\/www.nspbr.sk\/images\/thumb-profile\/IMG_7790.jpg\" alt=\"\"><strong>Teplolie\u010dba<\/strong><br>&#8211; paraf\u00ednov\u00e9 obklady &#8211; prehriatie svalov a k\u013abov<br>&#8211; Kenny n\u00e1parky &#8211; zohriatie svalov tv\u00e1re pri obrne perif\u00e9rneho nervu<\/p>\n\n\n\n<p><strong>Lie\u010debn\u00e9 mas\u00e1\u017ee ru\u010dn\u00e9<\/strong>&nbsp;&#8211; mas\u00e1\u017e klasick\u00e1 jednej alebo viacer\u00fdch \u010dast\u00ed tela<br>&#8211; mas\u00e1\u017e reflexn\u00e1 &#8211; ovplyv\u0148uje sekund\u00e1rne reflexn\u00e9 zmeny v m\u00e4kk\u00fdch tkaniv\u00e1ch<br>&#8211; lymfodren\u00e1\u017e manu\u00e1lna \u2013 na ovplyvnenie lymfatick\u00e9ho cievneho syst\u00e9mu<br>&#8211; m\u00e4kk\u00e9 techniky \/ovplyvnenie reflexn\u00fdch zmien\/<\/p>\n\n\n\n<p><strong>Lie\u010debn\u00e1 telesn\u00e1 v\u00fdchova<\/strong>&nbsp;&#8211; cielen\u00e9 vyu\u017e\u00edvanie pohybu ako prostriedku lie\u010dby pod odborn\u00fdm doh\u013eadom<br>&#8211; pas\u00edvna LTV \u2013 s pomocou fyzioterapeuta \/ trakcie, polohovanie, pas\u00edvne cvi\u010denie\/<br>&#8211; akt\u00edvna a asistovan\u00e1 LTV \/PIR-postizommetrick\u00e1 relax\u00e1cia, AGR- antigravita\u010dn\u00e1 relax\u00e1cia, cvi\u010denie v od\u013aah\u010den\u00ed, cvi\u010denie na Bosu, cvi\u010denie s p\u00e1smi<br>&#8211; \u0161peci\u00e1lne metodiky \u2013 LTV pod\u013ea Kabata, Bobatha, Brunkowej, cvi\u010denie s fitloptou a na nestabiln\u00fdch plo\u0161in\u00e1ch, SM syst\u00e9m<br>&#8211; odborn\u00e1 in\u0161trukt\u00e1\u017e o pou\u017e\u00edvan\u00ed kompenza\u010dn\u00fdch pom\u00f4cok, postur\u00e1lnej \u017eivotospr\u00e1ve, soci\u00e1lno \u2013 rehabilita\u010dn\u00e1 verb\u00e1lna intervencia, \u0161kola chrbtice<br><em>Tieto lie\u010debn\u00e9 v\u00fdkony vykon\u00e1vame na oddelen\u00ed ambulantn\u00fdm pacientom a tie\u017e pacientom hospitalizovan\u00fdm na l\u00f4\u017ekov\u00fdch oddeleniach.<\/em><\/p>\n\n\n\n<p><strong><u>Cenn\u00edk v\u00fdkonov<\/u><\/strong><\/p>\n\n\n\n<p><strong>Klasick\u00e1 mas\u00e1\u017e:<\/strong><br>&#8211; \u010diasto\u010dn\u00e1 v trvan\u00ed 15 min. &#8211; 8\u20ac<br>&#8211; celkov\u00e1 v trvan\u00ed 40 min. &#8211; 20\u20ac<br><strong>Reflexn\u00e1 mas\u00e1\u017e:<\/strong><br>&#8211; Jedna zostava 20 min. &#8211; 10\u20ac<br><strong>Reflexn\u00e1 mas\u00e1\u017e chodidiel:<\/strong><br>&#8211; Jedna zostava 20 min. &#8211; 12\u20ac<br><strong>Manu\u00e1lna lymfodren\u00e1\u017e:<\/strong><br>&#8211; Jedna zostava 60 min. &#8211; 18\u20ac<br><strong>Paraf\u00ednov\u00fd z\u00e1bal:<\/strong><br>&#8211; Jedno sedenie 15-20 min. &#8211; 6\u20ac<br><strong>Kineziotaping<\/strong><br>&#8211; Jedno sedenie za poplatok 5\u20ac<br><strong>Objednanie: t.\u010d. 0482820387 &#8211; \u0161tvrtok 15:00 &#8211; 16:00<\/strong><\/p>\n\n\n<div class=\"wp-block-image\">\n<figure class=\"aligncenter is-resized\"><a href=\"http:\/\/nspbr.sk\/web\/dsc00546\/\"><img loading=\"lazy\" decoding=\"async\" width=\"1024\" height=\"683\" src=\"http:\/\/nspbr.sk\/web\/wp-content\/uploads\/2019\/07\/DSC00546-1024x683.jpg\" alt=\"\" class=\"wp-image-2572\" style=\"width:600px\" srcset=\"https:\/\/www.nspbr.sk\/web\/wp-content\/uploads\/2019\/07\/DSC00546-1024x683.jpg 1024w, https:\/\/www.nspbr.sk\/web\/wp-content\/uploads\/2019\/07\/DSC00546-300x200.jpg 300w, https:\/\/www.nspbr.sk\/web\/wp-content\/uploads\/2019\/07\/DSC00546-768x512.jpg 768w\" sizes=\"auto, (max-width: 1024px) 100vw, 1024px\" \/><\/a><\/figure>\n<\/div>\n\n<div class=\"wp-block-image\">\n<figure class=\"aligncenter is-resized\"><a href=\"http:\/\/nspbr.sk\/web\/dsc00533\/\"><img loading=\"lazy\" decoding=\"async\" width=\"1024\" height=\"683\" src=\"http:\/\/nspbr.sk\/web\/wp-content\/uploads\/2019\/07\/DSC00533-1024x683.jpg\" alt=\"\" class=\"wp-image-2571\" style=\"width:600px\" srcset=\"https:\/\/www.nspbr.sk\/web\/wp-content\/uploads\/2019\/07\/DSC00533-1024x683.jpg 1024w, https:\/\/www.nspbr.sk\/web\/wp-content\/uploads\/2019\/07\/DSC00533-300x200.jpg 300w, https:\/\/www.nspbr.sk\/web\/wp-content\/uploads\/2019\/07\/DSC00533-768x512.jpg 768w\" sizes=\"auto, (max-width: 1024px) 100vw, 1024px\" \/><\/a><\/figure>\n<\/div>\n\n<div class=\"wp-block-image\">\n<figure class=\"aligncenter is-resized\"><a href=\"http:\/\/nspbr.sk\/web\/dsc00528\/\"><img loading=\"lazy\" decoding=\"async\" width=\"1024\" height=\"683\" src=\"http:\/\/nspbr.sk\/web\/wp-content\/uploads\/2019\/07\/DSC00528-1024x683.jpg\" alt=\"\" class=\"wp-image-2570\" style=\"width:600px\" srcset=\"https:\/\/www.nspbr.sk\/web\/wp-content\/uploads\/2019\/07\/DSC00528-1024x683.jpg 1024w, https:\/\/www.nspbr.sk\/web\/wp-content\/uploads\/2019\/07\/DSC00528-300x200.jpg 300w, https:\/\/www.nspbr.sk\/web\/wp-content\/uploads\/2019\/07\/DSC00528-768x512.jpg 768w\" sizes=\"auto, (max-width: 1024px) 100vw, 1024px\" \/><\/a><\/figure>\n<\/div>\n\n<div class=\"wp-block-image\">\n<figure class=\"aligncenter is-resized\"><a href=\"http:\/\/nspbr.sk\/web\/wp-content\/uploads\/2019\/07\/DSC00518.jpg\"><img loading=\"lazy\" decoding=\"async\" width=\"1024\" height=\"683\" src=\"http:\/\/nspbr.sk\/web\/wp-content\/uploads\/2019\/07\/DSC00518-1024x683.jpg\" alt=\"\" class=\"wp-image-2569\" style=\"width:600px\" srcset=\"https:\/\/www.nspbr.sk\/web\/wp-content\/uploads\/2019\/07\/DSC00518-1024x683.jpg 1024w, https:\/\/www.nspbr.sk\/web\/wp-content\/uploads\/2019\/07\/DSC00518-300x200.jpg 300w, https:\/\/www.nspbr.sk\/web\/wp-content\/uploads\/2019\/07\/DSC00518-768x512.jpg 768w\" sizes=\"auto, (max-width: 1024px) 100vw, 1024px\" \/><\/a><\/figure>\n<\/div>","protected":false},"excerpt":{"rendered":"<p>Prim\u00e1r:\u00a0MUDr. Ivana Moj\u017ei\u0161ov\u00e1Ved\u00faci fyzioterapeut:\u00a0Bc. Bernadeta Bauerov\u00e1\u00a0 Telef\u00f3n:&nbsp;048\/ 2820 387Mail:&nbsp;fro@nspbr.sk Pozor zmena od 6.4.2020!!\u010c\u00edtajte \u010falej TU! Pracovn\u00edci oddelenia:&#8211; 1 lek\u00e1r &#8211; 6 fyzioterapeutov&#8211; 2 Mas\u00e9ri&#8211; 1 dokumenta\u010dn\u00fd pracovn\u00edk Inform\u00e1cie: Samostatn\u00fd \u010dl\u00e1nok o oddelen\u00ed si m\u00f4\u017eete pre\u010d\u00edta\u0165 tu. Indikova\u0165 rehabilita\u010dn\u00fa lie\u010dbu m\u00f4\u017ee v\u00fdlu\u010dne rehabilita\u010dn\u00fd lek\u00e1r. Zhodnot\u00ed a naordinuje lie\u010dbu pacientov s ochoren\u00edm pohybov\u00e9ho apar\u00e1tu, pacientov po \u00farazoch, [&hellip;]<\/p>\n","protected":false},"author":1,"featured_media":0,"parent":8,"menu_order":0,"comment_status":"closed","ping_status":"closed","template":"","meta":{"_monsterinsights_skip_tracking":false,"_monsterinsights_sitenote_active":false,"_monsterinsights_sitenote_note":"","_monsterinsights_sitenote_category":0,"footnotes":""},"class_list":["post-51","page","type-page","status-publish","hentry"],"_links":{"self":[{"href":"https:\/\/www.nspbr.sk\/web\/wp-json\/wp\/v2\/pages\/51","targetHints":{"allow":["GET"]}}],"collection":[{"href":"https:\/\/www.nspbr.sk\/web\/wp-json\/wp\/v2\/pages"}],"about":[{"href":"https:\/\/www.nspbr.sk\/web\/wp-json\/wp\/v2\/types\/page"}],"author":[{"embeddable":true,"href":"https:\/\/www.nspbr.sk\/web\/wp-json\/wp\/v2\/users\/1"}],"replies":[{"embeddable":true,"href":"https:\/\/www.nspbr.sk\/web\/wp-json\/wp\/v2\/comments?post=51"}],"version-history":[{"count":6,"href":"https:\/\/www.nspbr.sk\/web\/wp-json\/wp\/v2\/pages\/51\/revisions"}],"predecessor-version":[{"id":9692,"href":"https:\/\/www.nspbr.sk\/web\/wp-json\/wp\/v2\/pages\/51\/revisions\/9692"}],"up":[{"embeddable":true,"href":"https:\/\/www.nspbr.sk\/web\/wp-json\/wp\/v2\/pages\/8"}],"wp:attachment":[{"href":"https:\/\/www.nspbr.sk\/web\/wp-json\/wp\/v2\/media?parent=51"}],"curies":[{"name":"wp","href":"https:\/\/api.w.org\/{rel}","templated":true}]}}