{"id":6,"date":"2018-02-20T09:08:28","date_gmt":"2018-02-20T08:08:28","guid":{"rendered":"http:\/\/nspbr.sk\/web\/?page_id=6"},"modified":"2026-02-23T15:33:15","modified_gmt":"2026-02-23T14:33:15","slug":"ambulancie","status":"publish","type":"page","link":"https:\/\/www.nspbr.sk\/web\/ambulancie\/","title":{"rendered":"Ambulancie"},"content":{"rendered":"\n<p>Ambulancie NsP Brezno s\u00fa zoraden\u00e9 do kateg\u00f3ri\u00ed pod\u013ea druhu poskytovanej zdravotnej starostlivosti.<\/p>\n\n\n\n<ul class=\"wp-block-list\">\n<li><strong><a href=\"https:\/\/www.nspbr.sk\/web\/?page_id=306\">detsk\u00e9 ambulancie<\/a><\/strong><\/li>\n\n\n\n<li><strong><a href=\"https:\/\/www.nspbr.sk\/web\/?page_id=309\">intern\u00e9 ambulancie<\/a><\/strong><\/li>\n\n\n\n<li><strong><a href=\"https:\/\/www.nspbr.sk\/web\/?page_id=316\">neurologick\u00e9 ambulancie<\/a><\/strong><\/li>\n\n\n\n<li><strong><a href=\"https:\/\/www.nspbr.sk\/web\/?page_id=311\">chirurgick\u00e9 ambulancie<\/a><\/strong><\/li>\n\n\n\n<li><strong><a href=\"https:\/\/www.nspbr.sk\/web\/?page_id=302\">gynekologick\u00e9 ambulancie<\/a><\/strong><\/li>\n\n\n\n<li><strong><a href=\"https:\/\/www.nspbr.sk\/web\/?page_id=314\">psychiatrick\u00e9 ambulancie<\/a><\/strong><\/li>\n\n\n\n<li><a href=\"https:\/\/www.nspbr.sk\/web\/ambulancie\/nezaradene-ambulancie\/\"><strong>ostatn\u00e9 odborn\u00e9 ambulancie<\/strong><\/a><\/li>\n<\/ul>\n\n\n\n<h2 class=\"wp-block-heading\">Objedn\u00e1vanie na ambulancie<\/h2>\n\n\n\n<ul class=\"wp-block-list\">\n<li>Urologick\u00e1 amb. objedn\u00e1va sa na pondelky<\/li>\n\n\n\n<li>Kardiologick\u00e1 amb. Dr. Podmanick\u00fd<\/li>\n\n\n\n<li>Neurologick\u00e1 amb.<\/li>\n\n\n\n<li>Cievna amb.<\/li>\n\n\n\n<li>Endokrinologick\u00e1 amb. Dr. Kelemenov\u00e1<\/li>\n\n\n\n<li>Gynekologick\u00e9 ambulancie<\/li>\n\n\n\n<li>Intern\u00e1 ambulancia<\/li>\n<\/ul>\n\n\n\n<!--more-->\n\n\n\n<!--more-->\n\n\n\n<p>&nbsp;<\/p>\n","protected":false},"excerpt":{"rendered":"<p>Ambulancie NsP Brezno s\u00fa zoraden\u00e9 do kateg\u00f3ri\u00ed pod\u013ea druhu poskytovanej zdravotnej starostlivosti. Objedn\u00e1vanie na ambulancie<\/p>\n","protected":false},"author":1,"featured_media":0,"parent":0,"menu_order":0,"comment_status":"closed","ping_status":"closed","template":"","meta":{"_monsterinsights_skip_tracking":false,"_monsterinsights_sitenote_active":false,"_monsterinsights_sitenote_note":"","_monsterinsights_sitenote_category":0,"footnotes":""},"class_list":["post-6","page","type-page","status-publish","hentry"],"_links":{"self":[{"href":"https:\/\/www.nspbr.sk\/web\/wp-json\/wp\/v2\/pages\/6","targetHints":{"allow":["GET"]}}],"collection":[{"href":"https:\/\/www.nspbr.sk\/web\/wp-json\/wp\/v2\/pages"}],"about":[{"href":"https:\/\/www.nspbr.sk\/web\/wp-json\/wp\/v2\/types\/page"}],"author":[{"embeddable":true,"href":"https:\/\/www.nspbr.sk\/web\/wp-json\/wp\/v2\/users\/1"}],"replies":[{"embeddable":true,"href":"https:\/\/www.nspbr.sk\/web\/wp-json\/wp\/v2\/comments?post=6"}],"version-history":[{"count":5,"href":"https:\/\/www.nspbr.sk\/web\/wp-json\/wp\/v2\/pages\/6\/revisions"}],"predecessor-version":[{"id":9750,"href":"https:\/\/www.nspbr.sk\/web\/wp-json\/wp\/v2\/pages\/6\/revisions\/9750"}],"wp:attachment":[{"href":"https:\/\/www.nspbr.sk\/web\/wp-json\/wp\/v2\/media?parent=6"}],"curies":[{"name":"wp","href":"https:\/\/api.w.org\/{rel}","templated":true}]}}