{"id":7357,"date":"2023-09-18T14:49:48","date_gmt":"2023-09-18T12:49:48","guid":{"rendered":"https:\/\/www.nspbr.sk\/web\/?page_id=7357"},"modified":"2026-01-30T12:30:48","modified_gmt":"2026-01-30T11:30:48","slug":"ambulancia-klinickej-imunologie-a-alergologie","status":"publish","type":"page","link":"https:\/\/www.nspbr.sk\/web\/ambulancie\/ambulancia-klinickej-imunologie-a-alergologie\/","title":{"rendered":"Ambulancia klinickej imunol\u00f3gie a alergol\u00f3gie"},"content":{"rendered":"\n<p>Lek\u00e1r: <strong>MUDr. Jana Tk\u00e1\u010dikov\u00e1<\/strong><br>Sestra: <strong>Bc. Petra Kobelov\u00e1<\/strong><br>Telef\u00f3n: <strong>048\/ 2820 296<\/strong><\/p>\n\n\n\n<p class=\"has-pale-cyan-blue-background-color has-background\"><strong>Pozn: Inform\u00e1cie\/recepcia pre ambulancie 048\/2820 110 je dostupn\u00e1 v be\u017enom pracovnom \u010dase od 7:00 do 15:00<\/strong>. <a href=\"https:\/\/www.nspbr.sk\/web\/elektronicke-objednavanie\/\" target=\"_blank\" rel=\"noreferrer noopener\">Pre\u010d\u00edtajte si viac o elektronickom objednan\u00ed<\/a><\/p>\n\n\n\n<p>Miesto: 1. posch. detsk\u00e1 poliklinika<\/p>\n\n\n\n<p>Ordina\u010dn\u00e9 hodiny:<\/p>\n\n\n\n<figure class=\"wp-block-table\"><table><tbody><tr><th>&nbsp;<\/th><th>predpoludn\u00edm<\/th><th>prest\u00e1vka<\/th><th>popoludn\u00ed<\/th><\/tr><tr><th>Pondelok<\/th><td>7:00 &#8211; 12:00<\/td><td>12:00 &#8211; 12:30<\/td><td>12:30 &#8211; 15:00<\/td><\/tr><tr><th>Utorok<\/th><td>7:00 &#8211; 12:00<\/td><td>12:00 &#8211; 12:30<\/td><td>12:30 &#8211; 15:00<\/td><\/tr><tr><th>Streda<\/th><td>7:00 &#8211; 12:00<\/td><td>12:00 &#8211; 12:30<\/td><td>12:30 &#8211; 15:00<\/td><\/tr><tr><th>\u0160tvrtok<\/th><td>7:00 &#8211; 12:00<\/td><td>12:00 &#8211; 12:30<\/td><td>12:30 &#8211; 15:00<\/td><\/tr><tr><th>Piatok<\/th><td>7:00 &#8211; 12:00<\/td><td>12:00 &#8211; 12:30<\/td><td>12:30 &#8211; 15:00<\/td><\/tr><\/tbody><\/table><\/figure>\n\n\n\n<p>Pozn.: <strong>Ambulancia otvoren\u00e1 od 3.10.2023<\/strong> s finan\u010dnou podporu Banskobystrick\u00e9ho samospr\u00e1vneho kraja<\/p>\n\n\n\n<figure class=\"wp-block-image size-large is-style-default\"><img loading=\"lazy\" decoding=\"async\" width=\"1024\" height=\"223\" src=\"https:\/\/www.nspbr.sk\/web\/wp-content\/uploads\/2018\/10\/BBSK-1024x223.jpg\" alt=\"\" class=\"wp-image-1180\" srcset=\"https:\/\/www.nspbr.sk\/web\/wp-content\/uploads\/2018\/10\/BBSK-1024x223.jpg 1024w, https:\/\/www.nspbr.sk\/web\/wp-content\/uploads\/2018\/10\/BBSK-300x65.jpg 300w, https:\/\/www.nspbr.sk\/web\/wp-content\/uploads\/2018\/10\/BBSK-768x167.jpg 768w, https:\/\/www.nspbr.sk\/web\/wp-content\/uploads\/2018\/10\/BBSK.jpg 1074w\" sizes=\"auto, (max-width: 1024px) 100vw, 1024px\" \/><\/figure>\n\n\n\n<div class=\"wp-block-group is-content-justification-space-between is-nowrap is-layout-flex wp-container-core-group-is-layout-0dfbf163 wp-block-group-is-layout-flex\">\n<p>Zmluvn\u00e9 vz\u0165ahy:<\/p>\n<\/div>\n\n\n\n<figure class=\"wp-block-gallery has-nested-images columns-default wp-block-gallery-1 is-layout-flex wp-block-gallery-is-layout-flex\">\n<figure class=\"wp-block-image size-large is-style-default\"><img loading=\"lazy\" decoding=\"async\" width=\"1024\" height=\"362\" data-id=\"6972\" src=\"https:\/\/www.nspbr.sk\/web\/wp-content\/uploads\/2023\/04\/vszp-1024x362.jpg\" alt=\"\" class=\"wp-image-6972\" srcset=\"https:\/\/www.nspbr.sk\/web\/wp-content\/uploads\/2023\/04\/vszp-1024x362.jpg 1024w, https:\/\/www.nspbr.sk\/web\/wp-content\/uploads\/2023\/04\/vszp-300x106.jpg 300w, https:\/\/www.nspbr.sk\/web\/wp-content\/uploads\/2023\/04\/vszp-768x272.jpg 768w, https:\/\/www.nspbr.sk\/web\/wp-content\/uploads\/2023\/04\/vszp.jpg 1280w\" sizes=\"auto, (max-width: 1024px) 100vw, 1024px\" \/><\/figure>\n\n\n\n<figure class=\"wp-block-image size-full is-style-default\"><img loading=\"lazy\" decoding=\"async\" width=\"676\" height=\"296\" data-id=\"6974\" src=\"https:\/\/www.nspbr.sk\/web\/wp-content\/uploads\/2023\/04\/uzp_logo_zakladne_farebne_0821-676x296-1.jpg\" alt=\"\" class=\"wp-image-6974\" srcset=\"https:\/\/www.nspbr.sk\/web\/wp-content\/uploads\/2023\/04\/uzp_logo_zakladne_farebne_0821-676x296-1.jpg 676w, https:\/\/www.nspbr.sk\/web\/wp-content\/uploads\/2023\/04\/uzp_logo_zakladne_farebne_0821-676x296-1-300x131.jpg 300w\" sizes=\"auto, (max-width: 676px) 100vw, 676px\" \/><\/figure>\n\n\n\n<figure class=\"wp-block-image size-large is-style-default\"><img loading=\"lazy\" decoding=\"async\" width=\"471\" height=\"107\" data-id=\"6970\" src=\"https:\/\/www.nspbr.sk\/web\/wp-content\/uploads\/2023\/04\/dovera.png\" alt=\"\" class=\"wp-image-6970\" srcset=\"https:\/\/www.nspbr.sk\/web\/wp-content\/uploads\/2023\/04\/dovera.png 471w, https:\/\/www.nspbr.sk\/web\/wp-content\/uploads\/2023\/04\/dovera-300x68.png 300w\" sizes=\"auto, (max-width: 471px) 100vw, 471px\" \/><\/figure>\n<\/figure>\n\n\n\n<figure class=\"wp-block-gallery has-nested-images columns-default is-cropped wp-block-gallery-2 is-layout-flex wp-block-gallery-is-layout-flex\">\n<figure class=\"wp-block-image size-large is-style-default\"><a href=\"https:\/\/www.nspbr.sk\/web\/wp-content\/uploads\/2024\/07\/20240510_132016-scaled.jpg\"><img loading=\"lazy\" decoding=\"async\" width=\"768\" height=\"1024\" data-id=\"8202\" src=\"https:\/\/www.nspbr.sk\/web\/wp-content\/uploads\/2024\/07\/20240510_132016-768x1024.jpg\" alt=\"\" class=\"wp-image-8202\" srcset=\"https:\/\/www.nspbr.sk\/web\/wp-content\/uploads\/2024\/07\/20240510_132016-768x1024.jpg 768w, https:\/\/www.nspbr.sk\/web\/wp-content\/uploads\/2024\/07\/20240510_132016-225x300.jpg 225w, https:\/\/www.nspbr.sk\/web\/wp-content\/uploads\/2024\/07\/20240510_132016-1152x1536.jpg 1152w, https:\/\/www.nspbr.sk\/web\/wp-content\/uploads\/2024\/07\/20240510_132016-1536x2048.jpg 1536w, https:\/\/www.nspbr.sk\/web\/wp-content\/uploads\/2024\/07\/20240510_132016-scaled.jpg 1920w\" sizes=\"auto, (max-width: 768px) 100vw, 768px\" \/><\/a><\/figure>\n\n\n\n<figure class=\"wp-block-image size-large is-style-default\"><a href=\"https:\/\/www.nspbr.sk\/web\/wp-content\/uploads\/2024\/07\/20240510_132034-scaled.jpg\"><img loading=\"lazy\" decoding=\"async\" width=\"768\" height=\"1024\" data-id=\"8203\" src=\"https:\/\/www.nspbr.sk\/web\/wp-content\/uploads\/2024\/07\/20240510_132034-768x1024.jpg\" alt=\"\" class=\"wp-image-8203\" srcset=\"https:\/\/www.nspbr.sk\/web\/wp-content\/uploads\/2024\/07\/20240510_132034-768x1024.jpg 768w, https:\/\/www.nspbr.sk\/web\/wp-content\/uploads\/2024\/07\/20240510_132034-225x300.jpg 225w, https:\/\/www.nspbr.sk\/web\/wp-content\/uploads\/2024\/07\/20240510_132034-1152x1536.jpg 1152w, https:\/\/www.nspbr.sk\/web\/wp-content\/uploads\/2024\/07\/20240510_132034-1536x2048.jpg 1536w, https:\/\/www.nspbr.sk\/web\/wp-content\/uploads\/2024\/07\/20240510_132034-scaled.jpg 1920w\" sizes=\"auto, (max-width: 768px) 100vw, 768px\" \/><\/a><\/figure>\n\n\n\n<figure class=\"wp-block-image size-large is-style-default\"><a href=\"https:\/\/www.nspbr.sk\/web\/wp-content\/uploads\/2024\/07\/20240510_132103-scaled.jpg\"><img loading=\"lazy\" decoding=\"async\" width=\"1024\" height=\"768\" data-id=\"8204\" src=\"https:\/\/www.nspbr.sk\/web\/wp-content\/uploads\/2024\/07\/20240510_132103-1024x768.jpg\" alt=\"\" class=\"wp-image-8204\" srcset=\"https:\/\/www.nspbr.sk\/web\/wp-content\/uploads\/2024\/07\/20240510_132103-1024x768.jpg 1024w, https:\/\/www.nspbr.sk\/web\/wp-content\/uploads\/2024\/07\/20240510_132103-300x225.jpg 300w, https:\/\/www.nspbr.sk\/web\/wp-content\/uploads\/2024\/07\/20240510_132103-768x576.jpg 768w, https:\/\/www.nspbr.sk\/web\/wp-content\/uploads\/2024\/07\/20240510_132103-1536x1152.jpg 1536w, https:\/\/www.nspbr.sk\/web\/wp-content\/uploads\/2024\/07\/20240510_132103-2048x1536.jpg 2048w, https:\/\/www.nspbr.sk\/web\/wp-content\/uploads\/2024\/07\/20240510_132103-136x102.jpg 136w\" sizes=\"auto, (max-width: 1024px) 100vw, 1024px\" \/><\/a><\/figure>\n\n\n\n<figure class=\"wp-block-image size-large is-style-default\"><a href=\"https:\/\/www.nspbr.sk\/web\/wp-content\/uploads\/2024\/07\/20240510_132112-scaled.jpg\"><img loading=\"lazy\" decoding=\"async\" width=\"1024\" height=\"768\" data-id=\"8205\" src=\"https:\/\/www.nspbr.sk\/web\/wp-content\/uploads\/2024\/07\/20240510_132112-1024x768.jpg\" alt=\"\" class=\"wp-image-8205\" srcset=\"https:\/\/www.nspbr.sk\/web\/wp-content\/uploads\/2024\/07\/20240510_132112-1024x768.jpg 1024w, https:\/\/www.nspbr.sk\/web\/wp-content\/uploads\/2024\/07\/20240510_132112-300x225.jpg 300w, https:\/\/www.nspbr.sk\/web\/wp-content\/uploads\/2024\/07\/20240510_132112-768x576.jpg 768w, https:\/\/www.nspbr.sk\/web\/wp-content\/uploads\/2024\/07\/20240510_132112-1536x1152.jpg 1536w, https:\/\/www.nspbr.sk\/web\/wp-content\/uploads\/2024\/07\/20240510_132112-2048x1536.jpg 2048w, https:\/\/www.nspbr.sk\/web\/wp-content\/uploads\/2024\/07\/20240510_132112-136x102.jpg 136w\" sizes=\"auto, (max-width: 1024px) 100vw, 1024px\" \/><\/a><\/figure>\n\n\n\n<figure class=\"wp-block-image size-large is-style-default\"><a href=\"https:\/\/www.nspbr.sk\/web\/wp-content\/uploads\/2024\/07\/20240510_132130-scaled.jpg\"><img loading=\"lazy\" decoding=\"async\" width=\"1024\" height=\"768\" data-id=\"8206\" src=\"https:\/\/www.nspbr.sk\/web\/wp-content\/uploads\/2024\/07\/20240510_132130-1024x768.jpg\" alt=\"\" class=\"wp-image-8206\" srcset=\"https:\/\/www.nspbr.sk\/web\/wp-content\/uploads\/2024\/07\/20240510_132130-1024x768.jpg 1024w, https:\/\/www.nspbr.sk\/web\/wp-content\/uploads\/2024\/07\/20240510_132130-300x225.jpg 300w, https:\/\/www.nspbr.sk\/web\/wp-content\/uploads\/2024\/07\/20240510_132130-768x576.jpg 768w, https:\/\/www.nspbr.sk\/web\/wp-content\/uploads\/2024\/07\/20240510_132130-1536x1152.jpg 1536w, https:\/\/www.nspbr.sk\/web\/wp-content\/uploads\/2024\/07\/20240510_132130-2048x1536.jpg 2048w, https:\/\/www.nspbr.sk\/web\/wp-content\/uploads\/2024\/07\/20240510_132130-136x102.jpg 136w\" sizes=\"auto, (max-width: 1024px) 100vw, 1024px\" \/><\/a><\/figure>\n\n\n\n<figure class=\"wp-block-image size-large is-style-default\"><a href=\"https:\/\/www.nspbr.sk\/web\/wp-content\/uploads\/2024\/07\/20240510_132135-scaled.jpg\"><img loading=\"lazy\" decoding=\"async\" width=\"1024\" height=\"768\" data-id=\"8207\" src=\"https:\/\/www.nspbr.sk\/web\/wp-content\/uploads\/2024\/07\/20240510_132135-1024x768.jpg\" alt=\"\" class=\"wp-image-8207\" srcset=\"https:\/\/www.nspbr.sk\/web\/wp-content\/uploads\/2024\/07\/20240510_132135-1024x768.jpg 1024w, https:\/\/www.nspbr.sk\/web\/wp-content\/uploads\/2024\/07\/20240510_132135-300x225.jpg 300w, https:\/\/www.nspbr.sk\/web\/wp-content\/uploads\/2024\/07\/20240510_132135-768x576.jpg 768w, https:\/\/www.nspbr.sk\/web\/wp-content\/uploads\/2024\/07\/20240510_132135-1536x1152.jpg 1536w, https:\/\/www.nspbr.sk\/web\/wp-content\/uploads\/2024\/07\/20240510_132135-2048x1536.jpg 2048w, https:\/\/www.nspbr.sk\/web\/wp-content\/uploads\/2024\/07\/20240510_132135-136x102.jpg 136w\" sizes=\"auto, (max-width: 1024px) 100vw, 1024px\" \/><\/a><\/figure>\n\n\n\n<figure class=\"wp-block-image size-large is-style-default\"><a href=\"https:\/\/www.nspbr.sk\/web\/wp-content\/uploads\/2024\/07\/20240510_132210-scaled.jpg\"><img loading=\"lazy\" decoding=\"async\" width=\"768\" height=\"1024\" data-id=\"8208\" src=\"https:\/\/www.nspbr.sk\/web\/wp-content\/uploads\/2024\/07\/20240510_132210-768x1024.jpg\" alt=\"\" class=\"wp-image-8208\" srcset=\"https:\/\/www.nspbr.sk\/web\/wp-content\/uploads\/2024\/07\/20240510_132210-768x1024.jpg 768w, https:\/\/www.nspbr.sk\/web\/wp-content\/uploads\/2024\/07\/20240510_132210-225x300.jpg 225w, https:\/\/www.nspbr.sk\/web\/wp-content\/uploads\/2024\/07\/20240510_132210-1152x1536.jpg 1152w, https:\/\/www.nspbr.sk\/web\/wp-content\/uploads\/2024\/07\/20240510_132210-1536x2048.jpg 1536w, https:\/\/www.nspbr.sk\/web\/wp-content\/uploads\/2024\/07\/20240510_132210-scaled.jpg 1920w\" sizes=\"auto, (max-width: 768px) 100vw, 768px\" \/><\/a><\/figure>\n\n\n\n<figure class=\"wp-block-image size-large is-style-default\"><a href=\"https:\/\/www.nspbr.sk\/web\/wp-content\/uploads\/2024\/07\/20240510_132344-scaled.jpg\"><img loading=\"lazy\" decoding=\"async\" width=\"1024\" height=\"768\" data-id=\"8209\" src=\"https:\/\/www.nspbr.sk\/web\/wp-content\/uploads\/2024\/07\/20240510_132344-1024x768.jpg\" alt=\"\" class=\"wp-image-8209\" srcset=\"https:\/\/www.nspbr.sk\/web\/wp-content\/uploads\/2024\/07\/20240510_132344-1024x768.jpg 1024w, https:\/\/www.nspbr.sk\/web\/wp-content\/uploads\/2024\/07\/20240510_132344-300x225.jpg 300w, https:\/\/www.nspbr.sk\/web\/wp-content\/uploads\/2024\/07\/20240510_132344-768x576.jpg 768w, https:\/\/www.nspbr.sk\/web\/wp-content\/uploads\/2024\/07\/20240510_132344-1536x1152.jpg 1536w, https:\/\/www.nspbr.sk\/web\/wp-content\/uploads\/2024\/07\/20240510_132344-2048x1536.jpg 2048w, https:\/\/www.nspbr.sk\/web\/wp-content\/uploads\/2024\/07\/20240510_132344-136x102.jpg 136w\" sizes=\"auto, (max-width: 1024px) 100vw, 1024px\" \/><\/a><\/figure>\n\n\n\n<figure class=\"wp-block-image size-large is-style-default\"><a href=\"https:\/\/www.nspbr.sk\/web\/wp-content\/uploads\/2024\/07\/20240510_132351-scaled.jpg\"><img loading=\"lazy\" decoding=\"async\" width=\"1024\" height=\"768\" data-id=\"8210\" src=\"https:\/\/www.nspbr.sk\/web\/wp-content\/uploads\/2024\/07\/20240510_132351-1024x768.jpg\" alt=\"\" class=\"wp-image-8210\" srcset=\"https:\/\/www.nspbr.sk\/web\/wp-content\/uploads\/2024\/07\/20240510_132351-1024x768.jpg 1024w, https:\/\/www.nspbr.sk\/web\/wp-content\/uploads\/2024\/07\/20240510_132351-300x225.jpg 300w, https:\/\/www.nspbr.sk\/web\/wp-content\/uploads\/2024\/07\/20240510_132351-768x576.jpg 768w, https:\/\/www.nspbr.sk\/web\/wp-content\/uploads\/2024\/07\/20240510_132351-1536x1152.jpg 1536w, https:\/\/www.nspbr.sk\/web\/wp-content\/uploads\/2024\/07\/20240510_132351-2048x1536.jpg 2048w, https:\/\/www.nspbr.sk\/web\/wp-content\/uploads\/2024\/07\/20240510_132351-136x102.jpg 136w\" sizes=\"auto, (max-width: 1024px) 100vw, 1024px\" \/><\/a><\/figure>\n\n\n\n<figure class=\"wp-block-image size-large is-style-default\"><a href=\"https:\/\/www.nspbr.sk\/web\/wp-content\/uploads\/2024\/07\/20240510_132400-scaled.jpg\"><img loading=\"lazy\" decoding=\"async\" width=\"1024\" height=\"768\" data-id=\"8211\" src=\"https:\/\/www.nspbr.sk\/web\/wp-content\/uploads\/2024\/07\/20240510_132400-1024x768.jpg\" alt=\"\" class=\"wp-image-8211\" srcset=\"https:\/\/www.nspbr.sk\/web\/wp-content\/uploads\/2024\/07\/20240510_132400-1024x768.jpg 1024w, https:\/\/www.nspbr.sk\/web\/wp-content\/uploads\/2024\/07\/20240510_132400-300x225.jpg 300w, https:\/\/www.nspbr.sk\/web\/wp-content\/uploads\/2024\/07\/20240510_132400-768x576.jpg 768w, https:\/\/www.nspbr.sk\/web\/wp-content\/uploads\/2024\/07\/20240510_132400-1536x1152.jpg 1536w, https:\/\/www.nspbr.sk\/web\/wp-content\/uploads\/2024\/07\/20240510_132400-2048x1536.jpg 2048w, https:\/\/www.nspbr.sk\/web\/wp-content\/uploads\/2024\/07\/20240510_132400-136x102.jpg 136w\" sizes=\"auto, (max-width: 1024px) 100vw, 1024px\" \/><\/a><\/figure>\n\n\n\n<figure class=\"wp-block-image size-large is-style-default\"><a href=\"https:\/\/www.nspbr.sk\/web\/wp-content\/uploads\/2024\/07\/20240510_132433-scaled.jpg\"><img loading=\"lazy\" decoding=\"async\" width=\"1024\" height=\"768\" data-id=\"8212\" src=\"https:\/\/www.nspbr.sk\/web\/wp-content\/uploads\/2024\/07\/20240510_132433-1024x768.jpg\" alt=\"\" class=\"wp-image-8212\" srcset=\"https:\/\/www.nspbr.sk\/web\/wp-content\/uploads\/2024\/07\/20240510_132433-1024x768.jpg 1024w, https:\/\/www.nspbr.sk\/web\/wp-content\/uploads\/2024\/07\/20240510_132433-300x225.jpg 300w, https:\/\/www.nspbr.sk\/web\/wp-content\/uploads\/2024\/07\/20240510_132433-768x576.jpg 768w, https:\/\/www.nspbr.sk\/web\/wp-content\/uploads\/2024\/07\/20240510_132433-1536x1152.jpg 1536w, https:\/\/www.nspbr.sk\/web\/wp-content\/uploads\/2024\/07\/20240510_132433-2048x1536.jpg 2048w, https:\/\/www.nspbr.sk\/web\/wp-content\/uploads\/2024\/07\/20240510_132433-136x102.jpg 136w\" sizes=\"auto, (max-width: 1024px) 100vw, 1024px\" \/><\/a><\/figure>\n\n\n\n<figure class=\"wp-block-image size-large is-style-default\"><a href=\"https:\/\/www.nspbr.sk\/web\/wp-content\/uploads\/2024\/07\/20240510_132440-scaled.jpg\"><img loading=\"lazy\" decoding=\"async\" width=\"1024\" height=\"768\" data-id=\"8213\" src=\"https:\/\/www.nspbr.sk\/web\/wp-content\/uploads\/2024\/07\/20240510_132440-1024x768.jpg\" alt=\"\" class=\"wp-image-8213\" srcset=\"https:\/\/www.nspbr.sk\/web\/wp-content\/uploads\/2024\/07\/20240510_132440-1024x768.jpg 1024w, https:\/\/www.nspbr.sk\/web\/wp-content\/uploads\/2024\/07\/20240510_132440-300x225.jpg 300w, https:\/\/www.nspbr.sk\/web\/wp-content\/uploads\/2024\/07\/20240510_132440-768x576.jpg 768w, https:\/\/www.nspbr.sk\/web\/wp-content\/uploads\/2024\/07\/20240510_132440-1536x1152.jpg 1536w, https:\/\/www.nspbr.sk\/web\/wp-content\/uploads\/2024\/07\/20240510_132440-2048x1536.jpg 2048w, https:\/\/www.nspbr.sk\/web\/wp-content\/uploads\/2024\/07\/20240510_132440-136x102.jpg 136w\" sizes=\"auto, (max-width: 1024px) 100vw, 1024px\" \/><\/a><\/figure>\n\n\n\n<figure class=\"wp-block-image size-large is-style-default\"><a href=\"https:\/\/www.nspbr.sk\/web\/wp-content\/uploads\/2024\/07\/20240510_132536-scaled.jpg\"><img loading=\"lazy\" decoding=\"async\" width=\"1024\" height=\"768\" data-id=\"8214\" src=\"https:\/\/www.nspbr.sk\/web\/wp-content\/uploads\/2024\/07\/20240510_132536-1024x768.jpg\" alt=\"\" class=\"wp-image-8214\" srcset=\"https:\/\/www.nspbr.sk\/web\/wp-content\/uploads\/2024\/07\/20240510_132536-1024x768.jpg 1024w, https:\/\/www.nspbr.sk\/web\/wp-content\/uploads\/2024\/07\/20240510_132536-300x225.jpg 300w, https:\/\/www.nspbr.sk\/web\/wp-content\/uploads\/2024\/07\/20240510_132536-768x576.jpg 768w, https:\/\/www.nspbr.sk\/web\/wp-content\/uploads\/2024\/07\/20240510_132536-1536x1152.jpg 1536w, https:\/\/www.nspbr.sk\/web\/wp-content\/uploads\/2024\/07\/20240510_132536-2048x1536.jpg 2048w, https:\/\/www.nspbr.sk\/web\/wp-content\/uploads\/2024\/07\/20240510_132536-136x102.jpg 136w\" sizes=\"auto, (max-width: 1024px) 100vw, 1024px\" \/><\/a><\/figure>\n\n\n\n<figure class=\"wp-block-image size-large is-style-default\"><a href=\"https:\/\/www.nspbr.sk\/web\/wp-content\/uploads\/2024\/07\/20240510_132540-scaled.jpg\"><img loading=\"lazy\" decoding=\"async\" width=\"1024\" height=\"768\" data-id=\"8215\" src=\"https:\/\/www.nspbr.sk\/web\/wp-content\/uploads\/2024\/07\/20240510_132540-1024x768.jpg\" alt=\"\" class=\"wp-image-8215\" srcset=\"https:\/\/www.nspbr.sk\/web\/wp-content\/uploads\/2024\/07\/20240510_132540-1024x768.jpg 1024w, https:\/\/www.nspbr.sk\/web\/wp-content\/uploads\/2024\/07\/20240510_132540-300x225.jpg 300w, https:\/\/www.nspbr.sk\/web\/wp-content\/uploads\/2024\/07\/20240510_132540-768x576.jpg 768w, https:\/\/www.nspbr.sk\/web\/wp-content\/uploads\/2024\/07\/20240510_132540-1536x1152.jpg 1536w, https:\/\/www.nspbr.sk\/web\/wp-content\/uploads\/2024\/07\/20240510_132540-2048x1536.jpg 2048w, https:\/\/www.nspbr.sk\/web\/wp-content\/uploads\/2024\/07\/20240510_132540-136x102.jpg 136w\" sizes=\"auto, (max-width: 1024px) 100vw, 1024px\" \/><\/a><\/figure>\n\n\n\n<figure class=\"wp-block-image size-large is-style-default\"><a href=\"https:\/\/www.nspbr.sk\/web\/wp-content\/uploads\/2024\/07\/20240510_132550-scaled.jpg\"><img loading=\"lazy\" decoding=\"async\" width=\"1024\" height=\"768\" data-id=\"8216\" src=\"https:\/\/www.nspbr.sk\/web\/wp-content\/uploads\/2024\/07\/20240510_132550-1024x768.jpg\" alt=\"\" class=\"wp-image-8216\" srcset=\"https:\/\/www.nspbr.sk\/web\/wp-content\/uploads\/2024\/07\/20240510_132550-1024x768.jpg 1024w, https:\/\/www.nspbr.sk\/web\/wp-content\/uploads\/2024\/07\/20240510_132550-300x225.jpg 300w, https:\/\/www.nspbr.sk\/web\/wp-content\/uploads\/2024\/07\/20240510_132550-768x576.jpg 768w, https:\/\/www.nspbr.sk\/web\/wp-content\/uploads\/2024\/07\/20240510_132550-1536x1152.jpg 1536w, https:\/\/www.nspbr.sk\/web\/wp-content\/uploads\/2024\/07\/20240510_132550-2048x1536.jpg 2048w, https:\/\/www.nspbr.sk\/web\/wp-content\/uploads\/2024\/07\/20240510_132550-136x102.jpg 136w\" sizes=\"auto, (max-width: 1024px) 100vw, 1024px\" \/><\/a><\/figure>\n<\/figure>\n","protected":false},"excerpt":{"rendered":"<p>Lek\u00e1r: MUDr. Jana Tk\u00e1\u010dikov\u00e1Sestra: Bc. Petra Kobelov\u00e1Telef\u00f3n: 048\/ 2820 296 Pozn: Inform\u00e1cie\/recepcia pre ambulancie 048\/2820 110 je dostupn\u00e1 v be\u017enom pracovnom \u010dase od 7:00 do 15:00. Pre\u010d\u00edtajte si viac o elektronickom objednan\u00ed Miesto: 1. posch. detsk\u00e1 poliklinika Ordina\u010dn\u00e9 hodiny: &nbsp; predpoludn\u00edm prest\u00e1vka popoludn\u00ed Pondelok 7:00 &#8211; 12:00 12:00 &#8211; 12:30 12:30 &#8211; 15:00 Utorok 7:00 [&hellip;]<\/p>\n","protected":false},"author":1,"featured_media":0,"parent":6,"menu_order":0,"comment_status":"closed","ping_status":"closed","template":"","meta":{"_monsterinsights_skip_tracking":false,"_monsterinsights_sitenote_active":false,"_monsterinsights_sitenote_note":"","_monsterinsights_sitenote_category":0,"footnotes":""},"class_list":["post-7357","page","type-page","status-publish","hentry"],"_links":{"self":[{"href":"https:\/\/www.nspbr.sk\/web\/wp-json\/wp\/v2\/pages\/7357","targetHints":{"allow":["GET"]}}],"collection":[{"href":"https:\/\/www.nspbr.sk\/web\/wp-json\/wp\/v2\/pages"}],"about":[{"href":"https:\/\/www.nspbr.sk\/web\/wp-json\/wp\/v2\/types\/page"}],"author":[{"embeddable":true,"href":"https:\/\/www.nspbr.sk\/web\/wp-json\/wp\/v2\/users\/1"}],"replies":[{"embeddable":true,"href":"https:\/\/www.nspbr.sk\/web\/wp-json\/wp\/v2\/comments?post=7357"}],"version-history":[{"count":6,"href":"https:\/\/www.nspbr.sk\/web\/wp-json\/wp\/v2\/pages\/7357\/revisions"}],"predecessor-version":[{"id":9696,"href":"https:\/\/www.nspbr.sk\/web\/wp-json\/wp\/v2\/pages\/7357\/revisions\/9696"}],"up":[{"embeddable":true,"href":"https:\/\/www.nspbr.sk\/web\/wp-json\/wp\/v2\/pages\/6"}],"wp:attachment":[{"href":"https:\/\/www.nspbr.sk\/web\/wp-json\/wp\/v2\/media?parent=7357"}],"curies":[{"name":"wp","href":"https:\/\/api.w.org\/{rel}","templated":true}]}}