{"id":8797,"date":"2025-03-21T13:25:15","date_gmt":"2025-03-21T12:25:15","guid":{"rendered":"https:\/\/www.nspbr.sk\/web\/?page_id=8797"},"modified":"2026-02-05T13:49:29","modified_gmt":"2026-02-05T12:49:29","slug":"ortopedicka-ambulancia","status":"publish","type":"page","link":"https:\/\/www.nspbr.sk\/web\/ambulancie\/chirurgicke\/ortopedicka-ambulancia\/","title":{"rendered":"Ortopedick\u00e1 ambulancia"},"content":{"rendered":"\n<p>Lek\u00e1r: <strong>MUDr. Jozef Breznick\u00fd, PhD., MPH, MUDr. Peter Biensky<\/strong><br>Sestra: <strong>Mgr. Anna Chrap\u010diakov\u00e1<\/strong><br>Telef\u00f3n: <strong>048\/2820 138<\/strong> (7:00-8:00 a 13:00-14:00) (<strong>Objedn\u00e1vanie 048\/2820 110 7:00-15:00<\/strong>)<\/p>\n\n\n\n<p>Miesto: 5. poschodie polikliniky<\/p>\n\n\n\n<p>Ordina\u010dn\u00e9 hodiny:<\/p>\n\n\n\n<figure class=\"wp-block-table\"><table><tbody><tr><th>&nbsp;<\/th><th>ordina\u010dn\u00e9 hod.<br>predpoludn\u00edm<\/th><th>obed\u0148aj\u0161ia<br>prest\u00e1vka<\/th><th>ordina\u010dn\u00e9 hod.<br>popoludn\u00ed<\/th><\/tr><tr><th>Pondelok<\/th><td>neordinuje sa<\/td><td>neordinuje sa<\/td><td>neordinuje sa<\/td><\/tr><tr><th>Utorok<\/th><td>neordinuje sa<\/td><td>neordinuje sa<\/td><td>neordinuje sa<\/td><\/tr><tr><th>Streda<\/th><td>7:00 &#8211; 12:30<\/td><td>12:30 &#8211; 13:00<\/td><td>13:00 &#8211; 15:00<\/td><\/tr><tr><th>\u0160tvrtok<\/th><td>neordinuje sa<\/td><td>neordinuje sa<\/td><td>neordinuje sa<\/td><\/tr><tr><th>Piatok<\/th><td>neordinuje sa<\/td><td>neordinuje sa<\/td><td>neordinuje sa<\/td><\/tr><\/tbody><\/table><\/figure>\n\n\n\n<p>Pozn.: Ambulancia <strong>nem\u00e1 zmluvu so ZP D\u00f4vera<\/strong>. Pacienti sa na ambulanciu objedn\u00e1vaj\u00fa na inform\u00e1ci\u00e1ch kl. 110 alebo v stredu po\u010das ambulantn\u00fdch hod\u00edn. <br><\/p>\n\n\n\n<p>Zmluvn\u00e9 vz\u0165ahy:<\/p>\n\n\n\n<figure class=\"wp-block-gallery has-nested-images columns-default wp-block-gallery-1 is-layout-flex wp-block-gallery-is-layout-flex\">\n<figure class=\"wp-block-image size-large is-style-default\"><img loading=\"lazy\" decoding=\"async\" width=\"1024\" height=\"362\" data-id=\"6972\" src=\"https:\/\/www.nspbr.sk\/web\/wp-content\/uploads\/2023\/04\/vszp-1024x362.jpg\" alt=\"\" class=\"wp-image-6972\" srcset=\"https:\/\/www.nspbr.sk\/web\/wp-content\/uploads\/2023\/04\/vszp-1024x362.jpg 1024w, https:\/\/www.nspbr.sk\/web\/wp-content\/uploads\/2023\/04\/vszp-300x106.jpg 300w, https:\/\/www.nspbr.sk\/web\/wp-content\/uploads\/2023\/04\/vszp-768x272.jpg 768w, https:\/\/www.nspbr.sk\/web\/wp-content\/uploads\/2023\/04\/vszp.jpg 1280w\" sizes=\"auto, (max-width: 1024px) 100vw, 1024px\" \/><\/figure>\n\n\n\n<figure class=\"wp-block-image size-large is-style-default\"><img loading=\"lazy\" decoding=\"async\" width=\"676\" height=\"296\" data-id=\"6974\" src=\"https:\/\/www.nspbr.sk\/web\/wp-content\/uploads\/2023\/04\/uzp_logo_zakladne_farebne_0821-676x296-1.jpg\" alt=\"\" class=\"wp-image-6974\" srcset=\"https:\/\/www.nspbr.sk\/web\/wp-content\/uploads\/2023\/04\/uzp_logo_zakladne_farebne_0821-676x296-1.jpg 676w, https:\/\/www.nspbr.sk\/web\/wp-content\/uploads\/2023\/04\/uzp_logo_zakladne_farebne_0821-676x296-1-300x131.jpg 300w\" sizes=\"auto, (max-width: 676px) 100vw, 676px\" \/><\/figure>\n<\/figure>\n","protected":false},"excerpt":{"rendered":"<p>Lek\u00e1r: MUDr. Jozef Breznick\u00fd, PhD., MPH, MUDr. Peter BienskySestra: Mgr. Anna Chrap\u010diakov\u00e1Telef\u00f3n: 048\/2820 138 (7:00-8:00 a 13:00-14:00) (Objedn\u00e1vanie 048\/2820 110 7:00-15:00) Miesto: 5. poschodie polikliniky Ordina\u010dn\u00e9 hodiny: &nbsp; ordina\u010dn\u00e9 hod.predpoludn\u00edm obed\u0148aj\u0161iaprest\u00e1vka ordina\u010dn\u00e9 hod.popoludn\u00ed Pondelok neordinuje sa neordinuje sa neordinuje sa Utorok neordinuje sa neordinuje sa neordinuje sa Streda 7:00 &#8211; 12:30 12:30 &#8211; 13:00 13:00 [&hellip;]<\/p>\n","protected":false},"author":1,"featured_media":0,"parent":311,"menu_order":0,"comment_status":"closed","ping_status":"closed","template":"","meta":{"_monsterinsights_skip_tracking":false,"_monsterinsights_sitenote_active":false,"_monsterinsights_sitenote_note":"","_monsterinsights_sitenote_category":0,"footnotes":""},"class_list":["post-8797","page","type-page","status-publish","hentry"],"_links":{"self":[{"href":"https:\/\/www.nspbr.sk\/web\/wp-json\/wp\/v2\/pages\/8797","targetHints":{"allow":["GET"]}}],"collection":[{"href":"https:\/\/www.nspbr.sk\/web\/wp-json\/wp\/v2\/pages"}],"about":[{"href":"https:\/\/www.nspbr.sk\/web\/wp-json\/wp\/v2\/types\/page"}],"author":[{"embeddable":true,"href":"https:\/\/www.nspbr.sk\/web\/wp-json\/wp\/v2\/users\/1"}],"replies":[{"embeddable":true,"href":"https:\/\/www.nspbr.sk\/web\/wp-json\/wp\/v2\/comments?post=8797"}],"version-history":[{"count":6,"href":"https:\/\/www.nspbr.sk\/web\/wp-json\/wp\/v2\/pages\/8797\/revisions"}],"predecessor-version":[{"id":9708,"href":"https:\/\/www.nspbr.sk\/web\/wp-json\/wp\/v2\/pages\/8797\/revisions\/9708"}],"up":[{"embeddable":true,"href":"https:\/\/www.nspbr.sk\/web\/wp-json\/wp\/v2\/pages\/311"}],"wp:attachment":[{"href":"https:\/\/www.nspbr.sk\/web\/wp-json\/wp\/v2\/media?parent=8797"}],"curies":[{"name":"wp","href":"https:\/\/api.w.org\/{rel}","templated":true}]}}