{"id":89,"date":"2018-02-20T10:21:22","date_gmt":"2018-02-20T09:21:22","guid":{"rendered":"http:\/\/nspbr.sk\/web\/?page_id=89"},"modified":"2026-01-07T14:33:18","modified_gmt":"2026-01-07T13:33:18","slug":"usek-riaditela","status":"publish","type":"page","link":"https:\/\/www.nspbr.sk\/web\/administrativa\/usek-riaditela\/","title":{"rendered":"\u00dasek riadite\u013ea"},"content":{"rendered":"\n<h2 class=\"wp-block-heading\">Riadite\u013e NsP Brezno, n.o.: PhDr. Bc. Tom\u00e1\u0161 Mydlo, MBA<\/h2>\n\n\n\n<h3 class=\"wp-block-heading\">Oddelenia \u00faseku:<\/h3>\n\n\n\n<h4 class=\"wp-block-heading\">Sekretari\u00e1t<\/h4>\n\n\n\n<ul class=\"wp-block-list\">\n<li>Sekret\u00e1rka: Bc. Em\u00edlia Ku\u010derov\u00e1<\/li>\n\n\n\n<li>tel: 048\/2820 130<\/li>\n\n\n\n<li>e-mail: sekretariat@nspbr.sk<\/li>\n<\/ul>\n\n\n\n<h4 class=\"wp-block-heading\">Pr\u00e1vny refer\u00e1t<\/h4>\n\n\n\n<ul class=\"wp-block-list\">\n<li>Pr\u00e1vnik: JUDr. Lucia Fabr\u00edciusov\u00e1<\/li>\n\n\n\n<li>tel: 048\/2820 139<\/li>\n\n\n\n<li>e-mail: pravne@nspbr.sk<\/li>\n<\/ul>\n\n\n\n<h4 class=\"wp-block-heading\">Refer\u00e1t kr\u00edzov\u00e9ho riadenia a hospod\u00e1rskej mobiliz\u00e1cie<\/h4>\n\n\n\n<ul class=\"wp-block-list\">\n<li>Referent: M\u00e1ria Pan\u010d\u00edkov\u00e1<\/li>\n\n\n\n<li>tel: 048\/2820 105<\/li>\n\n\n\n<li>e-mail: ukr@nspbr.sk<\/li>\n<\/ul>\n\n\n\n<h4 class=\"wp-block-heading\">Refer\u00e1t civilnej obrany<\/h4>\n\n\n\n<ul class=\"wp-block-list\">\n<li>Referent: M\u00e1ria Pan\u010d\u00edkov\u00e1<\/li>\n\n\n\n<li>tel: 048\/2820 105<\/li>\n\n\n\n<li>e-mail: ukr@nspbr.sk<\/li>\n<\/ul>\n\n\n\n<h4 class=\"wp-block-heading\">Refer\u00e1t verejn\u00e9ho obstar\u00e1vania<\/h4>\n\n\n\n<ul class=\"wp-block-list\">\n<li>Referent: Bc. Miroslava Bukovcov\u00e1<\/li>\n\n\n\n<li>tel: 048\/2820 418<\/li>\n\n\n\n<li>e-mail: bukovcova@nspbr.sk<\/li>\n<\/ul>\n\n\n\n<h4 class=\"wp-block-heading\">Oddelenie informatiky<\/h4>\n\n\n\n<ul class=\"wp-block-list\">\n<li>Ved\u00faci odd.: Ing. J\u00e1n Jager\u010d\u00edk<\/li>\n\n\n\n<li>tel: 048\/2820 336<\/li>\n\n\n\n<li>e-mail: jagercik@nspbr.sk<\/li>\n<\/ul>\n\n\n\n<h4 class=\"wp-block-heading\">Oddelenie registrat\u00fary a spr\u00e1vy<\/h4>\n\n\n\n<ul class=\"wp-block-list\">\n<li>Ved\u00faci odd.: Bc. Lucia Dobr\u00edkov\u00e1<\/li>\n\n\n\n<li>tel: 048\/2820 337<\/li>\n\n\n\n<li>e-mail: registratura@nspbr.sk<\/li>\n<\/ul>\n","protected":false},"excerpt":{"rendered":"<p>Riadite\u013e NsP Brezno, n.o.: PhDr. Bc. Tom\u00e1\u0161 Mydlo, MBA Oddelenia \u00faseku: Sekretari\u00e1t Pr\u00e1vny refer\u00e1t Refer\u00e1t kr\u00edzov\u00e9ho riadenia a hospod\u00e1rskej mobiliz\u00e1cie Refer\u00e1t civilnej obrany Refer\u00e1t verejn\u00e9ho obstar\u00e1vania Oddelenie informatiky Oddelenie registrat\u00fary a spr\u00e1vy<\/p>\n","protected":false},"author":1,"featured_media":0,"parent":9,"menu_order":0,"comment_status":"closed","ping_status":"closed","template":"","meta":{"_monsterinsights_skip_tracking":false,"_monsterinsights_sitenote_active":false,"_monsterinsights_sitenote_note":"","_monsterinsights_sitenote_category":0,"footnotes":""},"class_list":["post-89","page","type-page","status-publish","hentry"],"_links":{"self":[{"href":"https:\/\/www.nspbr.sk\/web\/wp-json\/wp\/v2\/pages\/89","targetHints":{"allow":["GET"]}}],"collection":[{"href":"https:\/\/www.nspbr.sk\/web\/wp-json\/wp\/v2\/pages"}],"about":[{"href":"https:\/\/www.nspbr.sk\/web\/wp-json\/wp\/v2\/types\/page"}],"author":[{"embeddable":true,"href":"https:\/\/www.nspbr.sk\/web\/wp-json\/wp\/v2\/users\/1"}],"replies":[{"embeddable":true,"href":"https:\/\/www.nspbr.sk\/web\/wp-json\/wp\/v2\/comments?post=89"}],"version-history":[{"count":6,"href":"https:\/\/www.nspbr.sk\/web\/wp-json\/wp\/v2\/pages\/89\/revisions"}],"predecessor-version":[{"id":9640,"href":"https:\/\/www.nspbr.sk\/web\/wp-json\/wp\/v2\/pages\/89\/revisions\/9640"}],"up":[{"embeddable":true,"href":"https:\/\/www.nspbr.sk\/web\/wp-json\/wp\/v2\/pages\/9"}],"wp:attachment":[{"href":"https:\/\/www.nspbr.sk\/web\/wp-json\/wp\/v2\/media?parent=89"}],"curies":[{"name":"wp","href":"https:\/\/api.w.org\/{rel}","templated":true}]}}